{"id":819,"date":"2018-04-15T00:54:04","date_gmt":"2018-04-14T21:54:04","guid":{"rendered":"http:\/\/gelecekmedya.com\/calisir2\/?page_id=819"},"modified":"2018-06-04T09:49:05","modified_gmt":"2018-06-04T06:49:05","slug":"kurumsal","status":"publish","type":"page","link":"https:\/\/www.calisirlarormanurunleri.com.tr\/ru\/kurumsal\/","title":{"rendered":"\u041d\u0410\u0428\u0410 \u041a\u041e\u041c\u041f\u0410\u041d\u0418\u042f \u041e \u041d\u0410\u0421 \u041d\u0410\u0428\u0410 \u041c\u0418\u0421\u0421\u0418\u042f \u041d\u0410\u0428\u0418 \u041f\u0420\u0418\u041d\u0426\u0418\u041f\u042b"},"content":{"rendered":"<p>\t\t\t\t\t\t<style>\r\n\t\t\t\t\r\n\t\t\t\t\t#tab_container_2107 {\r\n\toverflow:hidden;\r\n\tdisplay:block;\r\n\twidth:100%;\r\n\tborder:0px solid #ddd;\r\n\tmargin-bottom:30px;\r\n\t}\r\n\r\n#tab_container_2107 .tab-content{\r\n\tpadding:20px;\r\n\tborder: 1px solid #e6e6e6 !important;\r\n\tmargin-top: 0px;\r\n\tbackground-color:#ffffff !important;\r\n\tcolor: #000000 !important;\r\n\tfont-size:14px !important;\r\n\tfont-family: sans-serif !important;\r\n\t\r\n\t\tborder: 1px solid #e6e6e6 !important;\r\n\t}\r\n#tab_container_2107 .wpsm_nav-tabs {\r\n    border-bottom: 0px solid #ddd;\r\n}\r\n#tab_container_2107 .wpsm_nav-tabs > li.active > a, #tab_container_2107 .wpsm_nav-tabs > li.active > a:hover, #tab_container_2107 .wpsm_nav-tabs > li.active > a:focus {\r\n\tcolor: #000000 !important;\r\n\tcursor: default;\r\n\tbackground-color: #ffffff !important;\r\n\tborder: 1px solid #e6e6e6 !important;\r\n}\r\n\r\n#tab_container_2107 .wpsm_nav-tabs > li > a {\r\n    margin-right: 0px !important; \r\n    line-height: 1.42857143 !important;\r\n    border: 1px solid #ca2020 !important;\r\n    border-radius: 0px 0px 0 0 !important; \r\n\tbackground-color: #dd3333 !important;\r\n\tcolor: #ffffff !important;\r\n\tpadding: 15px 18px 15px 18px !important;\r\n\ttext-decoration: none !important;\r\n\tfont-size: 18px !important;\r\n\ttext-align:center !important;\r\n\tfont-family: sans-serif !important;\r\n}\r\n#tab_container_2107 .wpsm_nav-tabs > li > a:focus {\r\noutline: 0px !important;\r\n}\r\n\r\n#tab_container_2107 .wpsm_nav-tabs > li > a:before {\r\n\tdisplay:none !important;\r\n}\r\n#tab_container_2107 .wpsm_nav-tabs > li > a:after {\r\n\tdisplay:none !important ;\r\n}\r\n#tab_container_2107 .wpsm_nav-tabs > li{\r\npadding:0px !important ;\r\nmargin:0px;\r\n}\r\n\r\n#tab_container_2107 .wpsm_nav-tabs > li > a:hover , #tab_container_2107 .wpsm_nav-tabs > li > a:focus {\r\n    color: #ffffff !important;\r\n    background-color: #dd3333 !important;\r\n\tborder: 1px solid #ca2020 !important;\r\n\t\r\n}\r\n#tab_container_2107 .wpsm_nav-tabs > li > a .fa{\r\n\r\nmargin-right:5px !important;\r\n\r\nmargin-left:5px !important;\r\n\r\n\r\n}\r\n\r\n\t\t#tab_container_2107 .wpsm_nav-tabs a{\r\n\t\t\tbackground-image: none;\r\n\t\t\tbackground-position: 0 0;\r\n\t\t\tbackground-repeat: repeat-x;\r\n\t\t}\r\n\t\t\t\r\n\r\n\r\n#tab_container_2107 .wpsm_nav-tabs > li {\r\n    float: left;\r\n    margin-bottom: -1px !important;\r\n\tmargin-right:0px !important; \r\n}\r\n\r\n\r\n#tab_container_2107 .tab-content{\r\noverflow:hidden !important;\r\n}\r\n\r\n\r\n@media (min-width: 769px) {\r\n\r\n\t#tab_container_2107 .wpsm_nav-tabs > li{\r\n\tfloat:none !important;\r\n\t\tmargin-right:-1px !important;\r\n\t\t\t}\r\n\t#tab_container_2107 .wpsm_nav-tabs{\r\n\tfloat:left !important;\r\n\tmargin:0px !important;\r\n\t}\r\n}\r\n\r\n#tab_container_2107 .wpsm_nav-tabs > li {\r\n    \t\r\n}\r\n#tab_container_2107 .wpsm_nav{\r\n\t\t\t\t\t\tmargin-right: 8px !important;\r\n\t\t\t\r\n\t\t\t\r\n\t}\r\n\r\n\r\n@media (max-width: 768px) {\r\n\t#tab_container_2107 .wpsm_nav-tabs > li {\r\n\t\t\t\t\r\n\t}\r\n\t#tab_container_2107 .wpsm_nav{\r\n\t\t\t\tmargin-bottom: 8px !important;\r\n\t\tmargin-right:0px !important;\r\n\t\tmargin-left:0px !important;\r\n\t\t\t}\r\n}\r\n\r\n\r\n\t.wpsm_nav-tabs li:before{\r\n\t\tdisplay:none !important;\r\n\t}\r\n\r\n\t@media (max-width: 768px) {\r\n\t\t\t\t\r\n\t\t\t\t.wpsm_nav-tabs{\r\n\t\t\tmargin-left:0px !important;\r\n\t\t\tmargin-right:0px !important; \r\n\t\t\t\r\n\t\t}\r\n\t\t\t\t#tab_container_2107 .wpsm_nav-tabs > li{\r\n\t\t\tfloat:none !important;\r\n\t\t}\r\n\t\t\t\r\n\t}\t\t\t\t<\/style>\r\n\t\t\t\t<div id=\"tab_container_2107\" >\r\n\t \r\n\t\t\t\t\t<ul class=\"wpsm_nav wpsm_nav-tabs\" role=\"tablist\" id=\"myTab_2107\">\r\n\t\t\t\t\t\t\t\r\n\t\t\t\t\t\t\t<li role=\"presentation\"  class=\"active\"  onclick=\"do_resize()\">\r\n\t\t\t\t\t\t\t\t<a href=\"#tabs_desc_2107_1\" aria-controls=\"tabs_desc_2107_1\" role=\"tab\" data-toggle=\"tab\">\r\n\t\t\t\t\t\t\t\t\t\r\n\t\t\t\t\t\t\t\t\t\t\t\t\t\t\t\t\t\t\r\n\t\t\t\t\t\t\t\t\t\t\t\t\t\t\t\t\t\t\r\n\t\t\t\t\t\t\t\t\t<span>\u041e \u043d\u0430\u0441<\/span>\r\n\t\t\t\t\t\t\t\t\t\r\n\t\t\t\t\t\t\t\t\t\t\t\t\t\t\t\t\t\t\r\n\t\t\t\t\t\t\t\t\t\t\t\t\t\t\t\t\t\t\t\t\t\t\t\t\t\t\t\t\t\t\t<i class=\"fa fa-angle-double-right\"><\/i> \t\t\t\t\t\t\t\t\t\t\t\t\t\t\t\t\t\t\t\t\t\r\n\t\t\t\t\t\t\t\t\t\r\n\t\t\t\t\t\t\t\t<\/a>\r\n\t\t\t\t\t\t\t<\/li>\r\n\t\t\t\t\t\t\t\r\n\t\t\t\t\t\t\t<li role=\"presentation\"  onclick=\"do_resize()\">\r\n\t\t\t\t\t\t\t\t<a href=\"#tabs_desc_2107_2\" aria-controls=\"tabs_desc_2107_2\" role=\"tab\" data-toggle=\"tab\">\r\n\t\t\t\t\t\t\t\t\t\r\n\t\t\t\t\t\t\t\t\t\t\t\t\t\t\t\t\t\t\r\n\t\t\t\t\t\t\t\t\t\t\t\t\t\t\t\t\t\t\r\n\t\t\t\t\t\t\t\t\t<span>\u041d\u0430\u0448\u0438 \u043f\u0440\u0438\u043d\u0446\u0438\u043f\u044b<\/span>\r\n\t\t\t\t\t\t\t\t\t\r\n\t\t\t\t\t\t\t\t\t\t\t\t\t\t\t\t\t\t\r\n\t\t\t\t\t\t\t\t\t\t\t\t\t\t\t\t\t\t\t\t\t\t\t\t\t\t\t\t\t\t\t<i class=\"fa fa-angle-double-right\"><\/i> \t\t\t\t\t\t\t\t\t\t\t\t\t\t\t\t\t\t\t\t\t\r\n\t\t\t\t\t\t\t\t\t\r\n\t\t\t\t\t\t\t\t<\/a>\r\n\t\t\t\t\t\t\t<\/li>\r\n\t\t\t\t\t\t\t\r\n\t\t\t\t\t\t\t<li role=\"presentation\"  onclick=\"do_resize()\">\r\n\t\t\t\t\t\t\t\t<a href=\"#tabs_desc_2107_3\" aria-controls=\"tabs_desc_2107_3\" role=\"tab\" data-toggle=\"tab\">\r\n\t\t\t\t\t\t\t\t\t\r\n\t\t\t\t\t\t\t\t\t\t\t\t\t\t\t\t\t\t\r\n\t\t\t\t\t\t\t\t\t\t\t\t\t\t\t\t\t\t\r\n\t\t\t\t\t\t\t\t\t<span>\u041a\u043e\u0440\u043f\u043e\u0440\u0430\u0442\u0438\u0432\u043d\u044b\u0435 \u0446\u0435\u043b\u0438<\/span>\r\n\t\t\t\t\t\t\t\t\t\r\n\t\t\t\t\t\t\t\t\t\t\t\t\t\t\t\t\t\t\r\n\t\t\t\t\t\t\t\t\t\t\t\t\t\t\t\t\t\t\t\t\t\t\t\t\t\t\t\t\t\t\t<i class=\"fa fa-angle-double-right\"><\/i> \t\t\t\t\t\t\t\t\t\t\t\t\t\t\t\t\t\t\t\t\t\r\n\t\t\t\t\t\t\t\t\t\r\n\t\t\t\t\t\t\t\t<\/a>\r\n\t\t\t\t\t\t\t<\/li>\r\n\t\t\t\t\t\t\t\r\n\t\t\t\t\t\t\t<li role=\"presentation\"  onclick=\"do_resize()\">\r\n\t\t\t\t\t\t\t\t<a href=\"#tabs_desc_2107_4\" aria-controls=\"tabs_desc_2107_4\" role=\"tab\" data-toggle=\"tab\">\r\n\t\t\t\t\t\t\t\t\t\r\n\t\t\t\t\t\t\t\t\t\t\t\t\t\t\t\t\t\t\r\n\t\t\t\t\t\t\t\t\t\t\t\t\t\t\t\t\t\t\r\n\t\t\t\t\t\t\t\t\t<span>\u041d\u0430\u0448\u0430 \u043c\u0438\u0441\u0441\u0438\u044f<\/span>\r\n\t\t\t\t\t\t\t\t\t\r\n\t\t\t\t\t\t\t\t\t\t\t\t\t\t\t\t\t\t\r\n\t\t\t\t\t\t\t\t\t\t\t\t\t\t\t\t\t\t\t\t\t\t\t\t\t\t\t\t\t\t\t<i class=\"fa fa-angle-double-right\"><\/i> \t\t\t\t\t\t\t\t\t\t\t\t\t\t\t\t\t\t\t\t\t\r\n\t\t\t\t\t\t\t\t\t\r\n\t\t\t\t\t\t\t\t<\/a>\r\n\t\t\t\t\t\t\t<\/li>\r\n\t\t\t\t\t\t\t\t\t\t\t <\/ul>\r\n\r\n\t\t\t\t\t  <!-- Tab panes -->\r\n\t\t\t\t\t  <div class=\"tab-content\" id=\"tab-content_2107\">\r\n\t\t\t\t\t\t\t\t\t\t\t\t <div role=\"tabpanel\" class=\"tab-pane  in active \" id=\"tabs_desc_2107_1\">\r\n\t\t\t\t\t\t\t\t<h2>\u041e \u041d\u0410\u0421<\/h2>\r\n<strong>\u00ab\u041e\u0422 \u0413\u0415\u041d\u0415\u0420\u0410\u0426\u0418\u0418 \u0412 \u041e\u041f\u042b\u0422 \u0413\u0415\u041d\u0415\u0420\u0410\u0426\u0418\u0418, \u042d\u0422\u0418\u041a\u0418 \u0418 \u041c\u041e\u0420\u0421\u041a\u0418\u0425 \u0417\u041d\u0410\u0427\u0415\u041d\u0418\u0419\u00bb<\/strong>\r\n\r\n<strong>\u00c7al\u0131\u015f\u0131rlar Wood Products Co<\/strong> \u0432\u044b\u0440\u043e\u0441\u043b\u0430 \u043a\u0430\u043a \u0441\u0435\u043c\u0435\u0439\u043d\u0430\u044f \u043a\u043e\u043c\u043f\u0430\u043d\u0438\u044f \u043e\u0442 \u043e\u0442\u0446\u0430 \u043a \u0441\u044b\u043d\u043e\u0432\u044c\u044f\u043c \u0437\u0430 \u043f\u043e\u0441\u043b\u0435\u0434\u043d\u0435\u0435 \u0441\u0442\u043e\u043b\u0435\u0442\u0438\u0435 \u0432 \u043c\u0438\u0440\u0435 \u0448\u043f\u043e\u043d\u0430 \u0438 \u043b\u0435\u0441\u043e\u043c\u0430\u0442\u0435\u0440\u0438\u0430\u043b\u043e\u0432.\r\n\r\n\u0412 1993 \u0433\u043e\u0434\u0443 \u043a\u043e\u043c\u043f\u0430\u043d\u0438\u044f \u0440\u0430\u0441\u0448\u0438\u0440\u0438\u043b\u0430 \u043b\u0438\u043d\u0435\u0439\u043a\u0443 \u043f\u0440\u043e\u0434\u0443\u043a\u0442\u043e\u0432 \u0434\u043b\u044f \u043f\u043e\u043a\u0440\u044b\u0442\u0438\u044f; <strong>\u041f\u0420\u0418\u0420\u041e\u0414\u041d\u042b\u0419 \u0414\u0415\u0420\u0415\u0412\u042f\u041d\u041d\u042b\u0419 \u0412\u0415\u041d\u0415\u0420 \u0418 \u041f\u0420\u041e\u041c\u042b\u0428\u041b\u0415\u041d\u041d\u042b\u0419 \u0414\u0415\u0420\u0415\u0412\u042f\u041d\u041d\u042b\u0419 \u0412\u0415\u041d\u0415\u0420<\/strong>. \u0412 2007 \u0433\u043e\u0434\u0443 \u0432 TORBALI \/ \u0130ZM\u0130R, \u043d\u0430 \u043f\u0440\u0438\u043d\u0430\u0434\u043b\u0435\u0436\u0430\u0449\u0438\u0445 \u043a\u043e\u043c\u043f\u0430\u043d\u0438\u0438 \u0437\u0435\u043c\u043b\u044f\u0445, \u0431\u044b\u043b\u0430 \u043f\u043e\u0441\u0442\u0440\u043e\u0435\u043d\u0430 \u0441\u043e\u0432\u0440\u0435\u043c\u0435\u043d\u043d\u0430\u044f \u0444\u0430\u0431\u0440\u0438\u043a\u0430 \u0434\u043b\u044f \u043f\u0440\u043e\u0438\u0437\u0432\u043e\u0434\u0441\u0442\u0432\u0430 VENEERED MDF \u0438 VENEERED CHIPBOARD \u0432 \u0440\u0430\u043c\u043a\u0430\u0445 \u043c\u0435\u0436\u0434\u0443\u043d\u0430\u0440\u043e\u0434\u043d\u044b\u0445 \u0441\u0442\u0430\u043d\u0434\u0430\u0440\u0442\u043e\u0432 \u0438 \u043d\u043e\u0440\u043c \u043f\u0440\u043e\u0438\u0437\u0432\u043e\u0434\u0441\u0442\u0432\u0430. \u041f\u043e\u0437\u0436\u0435 \u043a \u043f\u0440\u043e\u0438\u0437\u0432\u043e\u0434\u0441\u0442\u0432\u0435\u043d\u043d\u044b\u043c \u043e\u0431\u044a\u0435\u043a\u0442\u0430\u043c \u0431\u044b\u043b\u0430 \u0434\u043e\u0431\u0430\u0432\u043b\u0435\u043d\u0430 \u200b\u200b\u043f\u0430\u0440\u043a\u0435\u0442\u043d\u0430\u044f \u043b\u0438\u043d\u0438\u044f \u043d\u043e\u0432\u043e\u0433\u043e \u043f\u043e\u043a\u043e\u043b\u0435\u043d\u0438\u044f <strong>\u00abCWP CLICKED WOOD PARQUET\u00bb<\/strong>, \u0430 \u043f\u043b\u043e\u0449\u0430\u0434\u044c \u0437\u0430\u0432\u043e\u0434\u0430 \u0431\u044b\u043b\u0430 \u0443\u0432\u0435\u043b\u0438\u0447\u0435\u043d\u0430 \u0434\u043e 11000 \u043c2. \u041a\u043e\u043c\u043f\u0430\u043d\u0438\u044f \u043d\u0430 \u043f\u0440\u043e\u0442\u044f\u0436\u0435\u043d\u0438\u0438 \u043c\u043d\u043e\u0433\u0438\u0445 \u043b\u0435\u0442 \u043f\u043e\u043b\u0443\u0447\u0438\u043b\u0430 \u0431\u043e\u043b\u044c\u0448\u043e\u0435 \u0443\u0432\u0430\u0436\u0435\u043d\u0438\u0435 \u043e\u0442 \u0434\u0435\u043b\u043e\u0432\u043e\u0433\u043e \u043c\u0438\u0440\u0430, \u0431\u0443\u0434\u0443\u0447\u0438 \u0432\u0441\u0435\u0433\u0434\u0430 \u0447\u0435\u0441\u0442\u043d\u043e\u0439 \u0438 \u0447\u0435\u0441\u0442\u043d\u043e\u0439 \u0432 \u0434\u0435\u043b\u043e\u0432\u044b\u0445 \u043e\u0442\u043d\u043e\u0448\u0435\u043d\u0438\u044f\u0445.\r\n\r\n<strong>Cal\u0131s\u0131rlar Forest Products<\/strong> Co \u0131s \u043f\u0440\u043e\u0434\u043e\u043b\u0436\u0430\u0435\u0442 \u043e\u0431\u0441\u043b\u0443\u0436\u0438\u0432\u0430\u0442\u044c \u043a\u043b\u0438\u0435\u043d\u0442\u043e\u0432 \u043f\u043e \u0432\u0441\u0435\u043c\u0443 \u043c\u0438\u0440\u0443 \u0441 \u043f\u0440\u0438\u043d\u0446\u0438\u043f\u043e\u043c \u00ab\u0432\u044b\u0441\u043e\u043a\u043e\u043a\u0430\u0447\u0435\u0441\u0442\u0432\u0435\u043d\u043d\u043e\u0433\u043e \u043f\u0440\u043e\u0434\u0443\u043a\u0442\u0430 \u0438 \u0445\u043e\u0440\u043e\u0448\u0435\u0433\u043e \u043e\u0431\u0441\u043b\u0443\u0436\u0438\u0432\u0430\u043d\u0438\u044f\u00bb ... \u041f\u0440\u043e\u0446\u0435\u0434\u0443\u0440\u044b \u043f\u0440\u043e\u0438\u0437\u0432\u043e\u0434\u0441\u0442\u0432\u0430 \u043f\u043e\u044d\u0442\u0430\u043f\u043d\u043e \u043a\u043e\u043d\u0442\u0440\u043e\u043b\u0438\u0440\u0443\u044e\u0442\u0441\u044f \u044d\u043a\u0441\u043f\u0435\u0440\u0442\u0430\u043c\u0438, \u0447\u0442\u043e\u0431\u044b \u043e\u0431\u0435\u0441\u043f\u0435\u0447\u0438\u0442\u044c \u043f\u0440\u043e\u0434\u043e\u043b\u0436\u0435\u043d\u0438\u0435 \u0432\u044b\u0441\u043e\u043a\u043e\u0433\u043e \u043a\u0430\u0447\u0435\u0441\u0442\u0432\u0430 \u043d\u0430 \u043f\u0440\u043e\u0442\u044f\u0436\u0435\u043d\u0438\u0438 \u0437\u0430\u0432\u0435\u0440\u0448\u0435\u043d\u0438\u0435 \u043f\u0440\u043e\u0446\u0435\u0441\u0441\u0430. Cal\u0131s\u0131rlar Co.has \u043f\u043e\u043b\u0443\u0447\u0438\u043b\u0430 \u043e\u0447\u0435\u043d\u044c \u0446\u0435\u043d\u043d\u043e\u0435 \u0443\u0432\u0430\u0436\u0435\u043d\u0438\u0435 \u0438 \u0437\u0430\u0432\u043e\u0435\u0432\u0430\u043b\u0430 \u0440\u0435\u043f\u0443\u0442\u0430\u0446\u0438\u044e, \u0431\u0443\u0434\u0443\u0447\u0438 \u0432\u0441\u0435\u0433\u0434\u0430 \u0447\u0435\u0441\u0442\u043d\u043e\u0439 \u0438 \u0447\u0435\u0441\u0442\u043d\u043e\u0439 \u0432 \u0434\u0435\u043b\u043e\u0432\u044b\u0445 \u043e\u0442\u043d\u043e\u0448\u0435\u043d\u0438\u044f\u0445 \u0432 \u0434\u043e\u043f\u043e\u043b\u043d\u0435\u043d\u0438\u0435 \u043a \u0432\u044b\u0441\u043e\u043a\u0438\u043c \u043c\u043e\u0440\u0430\u043b\u044c\u043d\u044b\u043c \u0446\u0435\u043d\u043d\u043e\u0441\u0442\u044f\u043c.\r\n\r\n<strong>\u041c\u042b \u0412\u0421\u0415\u0413\u0414\u0410 \u0425\u041e\u0422\u0415\u041b\u0418 \u0421\u0422\u0420\u041e\u0418\u0422\u042c \u041e\u0427\u0415\u041d\u042c \u0414\u041e\u041b\u0413\u041e\u0421\u0420\u041e\u0427\u041d\u042b\u0415 \u041e\u0422\u041d\u041e\u0428\u0415\u041d\u0418\u042f \u0421 \u041d\u0410\u0428\u0418\u041c \u0411\u0418\u0417\u041d\u0415\u0421-\u041f\u0410\u0420\u0422\u041d\u0415\u0420\u0410\u041c\u0418.<\/strong>\t\t\t\t\t\t <\/div>\r\n\t\t\t\t\t\t\t\t\t\t\t\t <div role=\"tabpanel\" class=\"tab-pane \" id=\"tabs_desc_2107_2\">\r\n\t\t\t\t\t\t\t\t<h2>\u041d\u0410\u0428\u0418 \u041f\u0420\u0418\u041d\u0426\u0418\u041f\u042b<\/h2>\r\n\u041e\u0431\u0435\u0441\u043f\u0435\u0447\u0438\u0442\u044c \u0432\u044b\u0441\u043e\u043a\u043e\u0435 \u043a\u0430\u0447\u0435\u0441\u0442\u0432\u043e \u043f\u0440\u043e\u0434\u0443\u043a\u0446\u0438\u0438 \u0438 \u0445\u043e\u0440\u043e\u0448\u0435\u0435 \u043e\u0431\u0441\u043b\u0443\u0436\u0438\u0432\u0430\u043d\u0438\u0435 \u043d\u0430\u0448\u0438\u0445 \u0434\u0435\u043b\u043e\u0432\u044b\u0445 \u043f\u0430\u0440\u0442\u043d\u0435\u0440\u043e\u0432 ...\r\n\r\n\u0423\u0432\u0430\u0436\u0430\u0442\u044c \u0438 \u0437\u0430\u0449\u0438\u0449\u0430\u0442\u044c \u043e\u043a\u0440\u0443\u0436\u0430\u044e\u0449\u0443\u044e \u0441\u0440\u0435\u0434\u0443 ...\r\n\r\n\u0423\u043f\u043e\u0440\u043d\u043e \u0440\u0430\u0431\u043e\u0442\u0430\u0442\u044c...\r\n\r\n\u0427\u0442\u043e\u0431\u044b \u043d\u0430\u0448\u0430 \u0441\u0442\u0440\u0430\u043d\u0430 \u0443\u0432\u0435\u043b\u0438\u0447\u0438\u043b\u0430 \u0444\u0438\u043d\u0430\u043d\u0441\u043e\u0432\u044b\u0435 \u0434\u043e\u0445\u043e\u0434\u044b \u0438 \u043f\u043e\u0432\u044b\u0441\u0438\u043b\u0430 \u0446\u0435\u043d\u043d\u043e\u0441\u0442\u0438, \u043d\u0430\u0448\u0438 \u0440\u0430\u0431\u043e\u0442\u044b, \u043f\u0440\u043e\u0434\u0443\u043a\u0442\u044b, \u0443\u0432\u0430\u0436\u0438\u0442\u0435\u043b\u044c\u043d\u044b\u0435 \u043e\u0442\u043d\u043e\u0448\u0435\u043d\u0438\u044f, \u043f\u0440\u043e\u0447\u043d\u044b\u0435 \u0438 \u043d\u0430\u0434\u0435\u0436\u043d\u044b\u0435 \u043e\u0442\u043d\u043e\u0448\u0435\u043d\u0438\u044f \u0441 \u043a\u043b\u0438\u0435\u043d\u0442\u0430\u043c\u0438, \u0442\u044b\u0441\u044f\u0447\u0438 \u043b\u044e\u0434\u0435\u0439.\r\n\r\n\u041f\u043e\u043c\u0438\u043c\u043e \u0446\u0435\u043d\u043d\u043e\u0441\u0442\u0435\u0439, \u043a\u043e\u0442\u043e\u0440\u044b\u0435 \u043c\u044b \u043d\u0430\u043a\u043e\u043f\u0438\u043b\u0438 \u0432 \u043e\u0447\u0435\u043d\u044c \u0434\u043e\u043b\u0433\u043e\u043c \u0438 \u0443\u0432\u0430\u0436\u0438\u0442\u0435\u043b\u044c\u043d\u043e\u043c \u043f\u0440\u043e\u0448\u043b\u043e\u043c, \u043c\u044b \u0441\u0442\u0440\u0435\u043c\u0438\u043c\u0441\u044f \u0441\u043e\u0437\u0434\u0430\u0442\u044c \u043b\u0443\u0447\u0448\u0435\u0435 \u0438 \u044f\u0440\u043a\u043e\u0435 \u0431\u0443\u0434\u0443\u0449\u0435\u0435 \u043d\u0435 \u0442\u043e\u043b\u044c\u043a\u043e \u0441 \u043d\u0430\u0448\u0438\u043c\u0438 \u043f\u043e\u0432\u0441\u0435\u0434\u043d\u0435\u0432\u043d\u044b\u043c\u0438 \u0440\u0430\u0437\u0432\u0438\u0442\u044b\u043c\u0438 \u043f\u0440\u043e\u0434\u0443\u043a\u0442\u0430\u043c\u0438 \u0438 \u0443\u0441\u043b\u0443\u0433\u0430\u043c\u0438, \u043d\u043e \u0438 \u0441 \u043d\u0430\u0448\u0438\u043c\u0438 \u0447\u0435\u0441\u0442\u043d\u044b\u043c\u0438 \u0438 \u043d\u0430\u0434\u0435\u0436\u043d\u044b\u043c\u0438 \u043e\u0442\u043d\u043e\u0448\u0435\u043d\u0438\u044f\u043c\u0438 ...\t\t\t\t\t\t <\/div>\r\n\t\t\t\t\t\t\t\t\t\t\t\t <div role=\"tabpanel\" class=\"tab-pane \" id=\"tabs_desc_2107_3\">\r\n\t\t\t\t\t\t\t\t<h2>\u041a\u041e\u0420\u041f\u041e\u0420\u0410\u0422\u0418\u0412\u041d\u042b\u0415 \u0426\u0415\u041b\u0418<\/h2>\r\n\u0427\u0442\u043e\u0431\u044b \u0443\u043b\u0443\u0447\u0448\u0438\u0442\u044c \u0438 \u0443\u043a\u0440\u0435\u043f\u0438\u0442\u044c \u0446\u0435\u043d\u043d\u043e\u0441\u0442\u0438 \u043d\u0430\u0448\u0435\u0433\u043e \u0434\u043e\u043b\u0433\u043e\u0433\u043e \u043f\u0440\u043e\u0448\u043b\u043e\u0433\u043e \u0438 \u043f\u043e\u0441\u0442\u043e\u044f\u043d\u043d\u043e \u0440\u0430\u0437\u0432\u0438\u0432\u0430\u0442\u044c \u0443\u0434\u043e\u0432\u043b\u0435\u0442\u0432\u043e\u0440\u0435\u043d\u043d\u043e\u0441\u0442\u044c \u043a\u043b\u0438\u0435\u043d\u0442\u043e\u0432 \u0434\u043b\u044f \u0442\u044b\u0441\u044f\u0447 \u043a\u043b\u0438\u0435\u043d\u0442\u043e\u0432 \u043f\u043e \u0432\u0441\u0435\u0439 \u0441\u0442\u0440\u0430\u043d\u0435 \u0438 \u0432\u0441\u0435\u043c\u0443 \u043c\u0438\u0440\u0443.\r\n\r\n\u00a0\r\n\r\n\u041f\u0440\u043e\u0434\u043e\u043b\u0436\u0430\u0442\u044c \u0445\u043e\u0440\u043e\u0448\u0438\u0439 \u0441\u0435\u0440\u0432\u0438\u0441 \u043f\u043e \u043f\u0440\u0435\u0434\u043e\u0441\u0442\u0430\u0432\u043b\u0435\u043d\u0438\u044e \u0438 \u043f\u0440\u0435\u0434\u0441\u0442\u0430\u0432\u043b\u0435\u043d\u0438\u044e \u0441\u0430\u043c\u044b\u0445 \u0431\u043e\u0433\u0430\u0442\u044b\u0445 \u043f\u0440\u043e\u0434\u0443\u043a\u0442\u043e\u0432 \u0432 \u043d\u0430\u0438\u0431\u043e\u043b\u0435\u0435 \u043f\u0440\u0438\u0435\u043c\u043b\u0435\u043c\u044b\u0445 \u0438 \u043f\u0440\u0438\u0435\u043c\u043b\u0435\u043c\u044b\u0445 \u0443\u0441\u043b\u043e\u0432\u0438\u044f\u0445.\r\n\r\n\u00a0\r\n\r\n\u041f\u0440\u0435\u0434\u0441\u0442\u0430\u0432\u043b\u044f\u0442\u044c \u043d\u0430\u0448\u0443 \u0441\u0442\u0440\u0430\u043d\u0443 \u0441 \u0433\u043e\u0440\u0434\u043e\u0441\u0442\u044c\u044e \u0438 \u0447\u0435\u0441\u0442\u043d\u043e\u0441\u0442\u044c\u044e \u043d\u0430 \u043c\u0438\u0440\u043e\u0432\u044b\u0445 \u0440\u044b\u043d\u043a\u0430\u0445, \u0430 \u0442\u0430\u043a\u0436\u0435 \u043a\u043e\u043d\u043a\u0443\u0440\u0438\u0440\u043e\u0432\u0430\u0442\u044c \u0438 \u0431\u044b\u0442\u044c \u0443\u0441\u043f\u0435\u0448\u043d\u044b\u043c\u0438 \u0441 \u043d\u0430\u0448\u0438\u043c\u0438 \u0432\u044b\u0441\u043e\u043a\u043e\u043a\u0430\u0447\u0435\u0441\u0442\u0432\u0435\u043d\u043d\u044b\u043c\u0438 \u043d\u043e\u0432\u044b\u043c\u0438 \u0433\u0440\u0443\u043f\u043f\u0430\u043c\u0438 \u043f\u0440\u043e\u0434\u0443\u043a\u0442\u043e\u0432, \u0440\u0430\u0437\u0440\u0430\u0431\u043e\u0442\u0430\u043d\u043d\u044b\u043c\u0438 \u0434\u043b\u044f \u0443\u0434\u043e\u0432\u043b\u0435\u0442\u0432\u043e\u0440\u0435\u043d\u0438\u044f \u043e\u0436\u0438\u0434\u0430\u043d\u0438\u0439 \u043c\u0438\u0440\u043e\u0432\u044b\u0445 \u043c\u0438\u0440\u043e\u0432\u044b\u0445 \u0440\u044b\u043d\u043a\u043e\u0432 \u0438 \u043f\u0440\u043e\u0438\u0437\u0432\u043e\u0434\u0438\u043c\u044b\u0445 \u043d\u0430 \u043d\u0430\u0448\u0438\u0445 \u043e\u0431\u043d\u043e\u0432\u043b\u0435\u043d\u043d\u044b\u0445, \u0438\u043d\u0442\u0435\u0433\u0440\u0438\u0440\u043e\u0432\u0430\u043d\u043d\u044b\u0445 \u0441\u043e\u0432\u0440\u0435\u043c\u0435\u043d\u043d\u044b\u0445 \u0438 \u0441\u043e\u0432\u0440\u0435\u043c\u0435\u043d\u043d\u044b\u0445 \u0432\u044b\u0441\u043e\u043a\u043e\u0442\u0435\u0445\u043d\u043e\u043b\u043e\u0433\u0438\u0447\u043d\u044b\u0445 \u0437\u0430\u0432\u043e\u0434\u0430\u0445 ,\t\t\t\t\t\t <\/div>\r\n\t\t\t\t\t\t\t\t\t\t\t\t <div role=\"tabpanel\" class=\"tab-pane \" id=\"tabs_desc_2107_4\">\r\n\t\t\t\t\t\t\t\t<h2>\u041d\u0410\u0428\u0410 \u041c\u0418\u0421\u0421\u0418\u042f<\/h2>\r\n\u0412 \u043e\u0431\u043b\u0430\u0441\u0442\u0438 <strong>\u0414\u0415\u0420\u0415\u0412\u042f\u041d\u041d\u041e\u0413\u041e \u0412\u0415\u041d\u0415\u0420\u0410, \u0414\u0415\u0420\u0415\u0412\u042f\u041d\u041d\u041e\u0413\u041e \u0414\u0415\u0420\u0415\u0412\u042f\u041d\u041d\u041e\u0413\u041e \u041c\u0414\u0424, \u0414\u0415\u0420\u0415\u0412\u042f\u041d\u041d\u041e\u0413\u041e \u0414\u0415\u0420\u0415\u0412\u042f\u041d\u041d\u041e\u0413\u041e \u041a\u0420\u041e\u0412\u0410\u0422\u0418 \u0438 \u0414\u0415\u0420\u0415\u0412\u042f\u041d\u041d\u041e\u0413\u041e \u0412\u0415\u041d\u0415\u0420\u0418\u0420\u041e\u0412\u0410\u041d\u041d\u041e\u0413\u041e \u041a\u041b\u0418\u041c\u0410\u0422\u0418\u0427\u0415\u0421\u041a\u041e\u0413\u041e \u041f\u0410\u0420\u041a\u0415\u0422\u0410.<\/strong>\r\n\r\n\u00a0\r\n\r\n\u0421\u043e\u0437\u0434\u0430\u0442\u044c \u043e\u0434\u0438\u043d \u0438\u0437 \u0432\u0435\u0434\u0443\u0449\u0438\u0445 \u0438 \u043d\u0430\u0434\u0435\u0436\u043d\u044b\u0445 \u0431\u0440\u0435\u043d\u0434\u043e\u0432 \u0432 \u043c\u0435\u0431\u0435\u043b\u044c\u043d\u044b\u0445 \u043b\u0435\u0441\u043d\u044b\u0445 \u043f\u0440\u043e\u0434\u0443\u043a\u0442\u0430\u0445 \u0438 \u200b\u200b\u043d\u0430\u043f\u043e\u043b\u044c\u043d\u044b\u0445 \u043f\u043e\u043a\u0440\u044b\u0442\u0438\u044f\u0445 seltor \u0432 \u0422\u0443\u0440\u0446\u0438\u0438 \u0438 \u043d\u0430 \u043c\u0438\u0440\u043e\u0432\u044b\u0445 \u043c\u0438\u0440\u043e\u0432\u044b\u0445 \u0440\u044b\u043d\u043a\u0430\u0445 \u043f\u0443\u0442\u0435\u043c \u0438\u0441\u043f\u043e\u043b\u044c\u0437\u043e\u0432\u0430\u043d\u0438\u044f \u0441\u043e\u0432\u0440\u0435\u043c\u0435\u043d\u043d\u044b\u0445 \u0442\u0435\u0445\u043d\u043e\u043b\u043e\u0433\u0438\u0439 \u043f\u0440\u043e\u0438\u0437\u0432\u043e\u0434\u0441\u0442\u0432\u0430, \u043f\u0440\u043e\u0438\u0437\u0432\u043e\u0434\u0441\u0442\u0432\u0430 \u0441 \u043e\u0431\u0449\u0435\u043f\u0440\u0438\u043d\u044f\u0442\u044b\u043c\u0438 \u0432\u044b\u0441\u043e\u043a\u0438\u043c\u0438 \u0441\u0442\u0430\u043d\u0434\u0430\u0440\u0442\u0430\u043c\u0438. \u0421\u043b\u0435\u0434\u0443\u044f \u043d\u043e\u0432\u044b\u043c \u0442\u0435\u043d\u0434\u0435\u043d\u0446\u0438\u044f\u043c \u0438 \u043e\u0436\u0438\u0434\u0430\u044f \u041c\u0438\u0440\u043e\u0432\u044b\u0435 \u0440\u044b\u043d\u043a\u0438, \u0412\u043d\u0435\u0434\u0440\u0435\u043d\u0438\u0435 \u043d\u043e\u0432\u044b\u0445 \u0433\u0440\u0443\u043f\u043f \u043f\u0440\u043e\u0434\u0443\u043a\u0442\u043e\u0432 \u0438 \u043f\u043e\u043b\u0443\u0447\u0435\u043d\u0438\u0435 \u043f\u043e\u0441\u0442\u043e\u044f\u043d\u043d\u043e\u0433\u043e \u0432\u044b\u0441\u043e\u043a\u043e\u0433\u043e \u043a\u0430\u0447\u0435\u0441\u0442\u0432\u0430, \u043c\u043e\u0442\u0438\u0432\u0438\u0440\u0443\u044f \u043c\u0430\u0440\u043a\u0435\u0442\u0438\u043d\u0433\u043e\u0432\u0443\u044e \u0441\u0438\u043b\u0443 \u0440\u0430\u0431\u043e\u0442\u0430\u0442\u044c \u0441 \u0444\u043e\u043a\u0443\u0441\u043e\u043c \u043d\u0430 \u0443\u0441\u0442\u0430\u043d\u043e\u0432\u043b\u0435\u043d\u0438\u0435 \u0445\u043e\u0440\u043e\u0448\u0438\u0445 \u043e\u0442\u043d\u043e\u0448\u0435\u043d\u0438\u0439 \u0441 \u043a\u043b\u0438\u0435\u043d\u0442\u0430\u043c\u0438 \u0434\u043b\u044f \u0434\u043e\u0441\u0442\u0438\u0436\u0435\u043d\u0438\u044f \u043f\u043e\u043b\u043d\u043e\u0433\u043e \u0443\u0434\u043e\u0432\u043b\u0435\u0442\u0432\u043e\u0440\u0435\u043d\u0438\u044f.\t\t\t\t\t\t <\/div>\r\n\t\t\t\t\t\t\t\r\n\t\t\t\t\t <\/div>\r\n\t\t\t\t\t \r\n\t\t\t\t <\/div>\r\n <script>\r\n\t\tjQuery(function () {\r\n\t\t\tjQuery('#myTab_2107 a:first').tab('show')\r\n\t\t});\r\n\t\t\r\n\t\t\t\tjQuery(function(){\r\n\t\t\tvar b=\"fadeIn\";\r\n\t\t\tvar c;\r\n\t\t\tvar a;\r\n\t\t\td(jQuery(\"#myTab_2107 a\"),jQuery(\"#tab-content_2107\"));function d(e,f,g){\r\n\t\t\t\te.click(function(i){\r\n\t\t\t\t\ti.preventDefault();\r\n\t\t\t\t\tjQuery(this).tab(\"show\");\r\n\t\t\t\t\tvar h=jQuery(this).data(\"easein\");\r\n\t\t\t\t\tif(c){c.removeClass(a);}\r\n\t\t\t\t\tif(h){f.find(\"div.active\").addClass(\"animated \"+h);a=h;}\r\n\t\t\t\t\telse{if(g){f.find(\"div.active\").addClass(\"animated \"+g);a=g;}else{f.find(\"div.active\").addClass(\"animated \"+b);a=b;}}c=f.find(\"div.active\");\r\n\t\t\t\t});\r\n\t\t\t}\r\n\t\t});\r\n\t\t\r\n\r\n\t\tfunction do_resize(){\r\n\r\n\t\t\tvar width=jQuery( '.tab-content .tab-pane iframe' ).width();\r\n\t\t\tvar height=jQuery( '.tab-content .tab-pane iframe' ).height();\r\n\r\n\t\t\tvar toggleSize = true;\r\n\t\t\tjQuery('iframe').animate({\r\n\t\t\t    width: toggleSize ? width : 640,\r\n\t\t\t    height: toggleSize ? height : 360\r\n\t\t\t  }, 250);\r\n\r\n\t\t\t  toggleSize = !toggleSize;\r\n\t\t}\r\n\r\n\r\n\t<\/script>\r\n\t\t\t\t\r\n\t\t\t<\/p>","protected":false},"excerpt":{"rendered":"","protected":false},"author":1,"featured_media":0,"parent":0,"menu_order":0,"comment_status":"closed","ping_status":"closed","template":"","meta":{"footnotes":""},"class_list":["post-819","page","type-page","status-publish","hentry"],"aioseo_notices":[],"_links":{"self":[{"href":"https:\/\/www.calisirlarormanurunleri.com.tr\/ru\/wp-json\/wp\/v2\/pages\/819","targetHints":{"allow":["GET"]}}],"collection":[{"href":"https:\/\/www.calisirlarormanurunleri.com.tr\/ru\/wp-json\/wp\/v2\/pages"}],"about":[{"href":"https:\/\/www.calisirlarormanurunleri.com.tr\/ru\/wp-json\/wp\/v2\/types\/page"}],"author":[{"embeddable":true,"href":"https:\/\/www.calisirlarormanurunleri.com.tr\/ru\/wp-json\/wp\/v2\/users\/1"}],"replies":[{"embeddable":true,"href":"https:\/\/www.calisirlarormanurunleri.com.tr\/ru\/wp-json\/wp\/v2\/comments?post=819"}],"version-history":[{"count":13,"href":"https:\/\/www.calisirlarormanurunleri.com.tr\/ru\/wp-json\/wp\/v2\/pages\/819\/revisions"}],"predecessor-version":[{"id":2109,"href":"https:\/\/www.calisirlarormanurunleri.com.tr\/ru\/wp-json\/wp\/v2\/pages\/819\/revisions\/2109"}],"wp:attachment":[{"href":"https:\/\/www.calisirlarormanurunleri.com.tr\/ru\/wp-json\/wp\/v2\/media?parent=819"}],"curies":[{"name":"wp","href":"https:\/\/api.w.org\/{rel}","templated":true}]}}