{"id":5,"date":"2014-11-11T11:09:47","date_gmt":"2014-11-11T11:09:47","guid":{"rendered":"http:\/\/anpsthemes.com\/constructo\/?page_id=5"},"modified":"2018-06-12T08:30:48","modified_gmt":"2018-06-12T05:30:48","slug":"home","status":"publish","type":"page","link":"https:\/\/www.calisirlarormanurunleri.com.tr\/ru\/","title":{"rendered":"\u0413\u043b\u0430\u0432\u043d\u0430\u044f"},"content":{"rendered":"<p>[vc_row][vc_column][\/vc_column][\/vc_row][vc_row has_content=&#187;true&#187;][vc_column][rev_slider_vc alias=&#187;ru&#187;][\/vc_column][\/vc_row][vc_row full_width=&#187;stretch_row_content&#187; has_content=&#187;true&#187; css=&#187;.vc_custom_1526424657216{background-color: #b53c17 !important;}&#187;][vc_column][\/vc_column][\/vc_row][vc_row full_width=&#187;stretch_row&#187; css=&#187;.vc_custom_1526255501037{background-color: #ededed !important;}&#187;][vc_column width=&#187;1\/2&#8243;][vc_empty_space]<div class=\"video-wrapper\"><iframe loading=\"lazy\" src=\"https:\/\/www.youtube.com\/embed\/Eoyvpc7gniY?wmode=transparent\" width=\"1280\" height=\"315\" style=\"border: none !important\"><\/iframe><\/div>[\/vc_column][vc_column width=&#187;1\/2&#8243;][vc_empty_space]<h1 class='heading-left  divider-sm' ><span>\u041d\u0430\u0448\u0438 \u043a\u043e\u0440\u043f\u043e\u0440\u0430\u0442\u0438\u0432\u043d\u044b\u0435 \u0446\u0435\u043b\u0438<\/span><\/h1>[vc_column_text]<strong>\u00ab\u041e\u0422 \u0413\u0415\u041d\u0415\u0420\u0410\u0426\u0418\u0418 \u0412 \u041e\u041f\u042b\u0422 \u0413\u0415\u041d\u0415\u0420\u0410\u0426\u0418\u0418, \u042d\u0422\u0418\u041a\u0418 \u0418 \u041c\u041e\u0420\u0421\u041a\u0418\u0425 \u0417\u041d\u0410\u0427\u0415\u041d\u0418\u0419\u00bb<\/strong><\/p>\n<p><strong>\u00c7al\u0131\u015f\u0131rlar Wood Products Co<\/strong> \u0432\u044b\u0440\u043e\u0441\u043b\u0430 \u043a\u0430\u043a \u0441\u0435\u043c\u0435\u0439\u043d\u0430\u044f \u043a\u043e\u043c\u043f\u0430\u043d\u0438\u044f \u043e\u0442 \u043e\u0442\u0446\u0430 \u043a \u0441\u044b\u043d\u043e\u0432\u044c\u044f\u043c \u0437\u0430 \u043f\u043e\u0441\u043b\u0435\u0434\u043d\u0435\u0435 \u0441\u0442\u043e\u043b\u0435\u0442\u0438\u0435 \u0432 \u043c\u0438\u0440\u0435 \u0448\u043f\u043e\u043d\u0430 \u0438 \u043b\u0435\u0441\u043e\u043c\u0430\u0442\u0435\u0440\u0438\u0430\u043b\u043e\u0432.<\/p>\n<p>\u0412 1993 \u0433\u043e\u0434\u0443 \u043a\u043e\u043c\u043f\u0430\u043d\u0438\u044f \u0440\u0430\u0441\u0448\u0438\u0440\u0438\u043b\u0430 \u043b\u0438\u043d\u0435\u0439\u043a\u0443 \u043f\u0440\u043e\u0434\u0443\u043a\u0442\u043e\u0432 \u0434\u043b\u044f \u043f\u043e\u043a\u0440\u044b\u0442\u0438\u044f; <strong>\u041f\u0420\u0418\u0420\u041e\u0414\u041d\u042b\u0419 \u0414\u0415\u0420\u0415\u0412\u042f\u041d\u041d\u042b\u0419 \u0412\u0415\u041d\u0415\u0420 \u0418 \u041f\u0420\u041e\u041c\u042b\u0428\u041b\u0415\u041d\u041d\u042b\u0419 \u0414\u0415\u0420\u0415\u0412\u042f\u041d\u041d\u042b\u0419 \u0412\u0415\u041d\u0415\u0420<\/strong>. \u0412 2007 \u0433\u043e\u0434\u0443 \u0432 TORBALI \/ \u0130ZM\u0130R, \u043d\u0430 \u043f\u0440\u0438\u043d\u0430\u0434\u043b\u0435\u0436\u0430\u0449\u0438\u0445 \u043a\u043e\u043c\u043f\u0430\u043d\u0438\u0438 \u0437\u0435\u043c\u043b\u044f\u0445, \u0431\u044b\u043b\u0430 \u043f\u043e\u0441\u0442\u0440\u043e\u0435\u043d\u0430 \u0441\u043e\u0432\u0440\u0435\u043c\u0435\u043d\u043d\u0430\u044f \u0444\u0430\u0431\u0440\u0438\u043a\u0430 \u0434\u043b\u044f \u043f\u0440\u043e\u0438\u0437\u0432\u043e\u0434\u0441\u0442\u0432\u0430 VENEERED MDF \u0438 VENEERED CHIPBOARD \u0432 \u0440\u0430\u043c\u043a\u0430\u0445 \u043c\u0435\u0436\u0434\u0443\u043d\u0430\u0440\u043e\u0434\u043d\u044b\u0445 \u0441\u0442\u0430\u043d\u0434\u0430\u0440\u0442\u043e\u0432 \u0438 \u043d\u043e\u0440\u043c \u043f\u0440\u043e\u0438\u0437\u0432\u043e\u0434\u0441\u0442\u0432\u0430. \u041f\u043e\u0437\u0436\u0435 \u043a \u043f\u0440\u043e\u0438\u0437\u0432\u043e\u0434\u0441\u0442\u0432\u0435\u043d\u043d\u044b\u043c \u043e\u0431\u044a\u0435\u043a\u0442\u0430\u043c \u0431\u044b\u043b\u0430 \u0434\u043e\u0431\u0430\u0432\u043b\u0435\u043d\u0430 \u200b\u200b\u043f\u0430\u0440\u043a\u0435\u0442\u043d\u0430\u044f \u043b\u0438\u043d\u0438\u044f \u043d\u043e\u0432\u043e\u0433\u043e \u043f\u043e\u043a\u043e\u043b\u0435\u043d\u0438\u044f <strong>\u00abCWP CLICKED WOOD PARQUET\u00bb<\/strong>, \u0430 \u043f\u043b\u043e\u0449\u0430\u0434\u044c \u0437\u0430\u0432\u043e\u0434\u0430 \u0431\u044b\u043b\u0430 \u0443\u0432\u0435\u043b\u0438\u0447\u0435\u043d\u0430 \u0434\u043e 11000 \u043c2. \u041a\u043e\u043c\u043f\u0430\u043d\u0438\u044f \u043d\u0430 \u043f\u0440\u043e\u0442\u044f\u0436\u0435\u043d\u0438\u0438 \u043c\u043d\u043e\u0433\u0438\u0445 \u043b\u0435\u0442 \u043f\u043e\u043b\u0443\u0447\u0438\u043b\u0430 \u0431\u043e\u043b\u044c\u0448\u043e\u0435 \u0443\u0432\u0430\u0436\u0435\u043d\u0438\u0435 \u043e\u0442 \u0434\u0435\u043b\u043e\u0432\u043e\u0433\u043e \u043c\u0438\u0440\u0430, \u0431\u0443\u0434\u0443\u0447\u0438 \u0432\u0441\u0435\u0433\u0434\u0430 \u0447\u0435\u0441\u0442\u043d\u043e\u0439 \u0438 \u0447\u0435\u0441\u0442\u043d\u043e\u0439 \u0432 \u0434\u0435\u043b\u043e\u0432\u044b\u0445 \u043e\u0442\u043d\u043e\u0448\u0435\u043d\u0438\u044f\u0445.<\/p>\n<p><strong>Cal\u0131s\u0131rlar Forest Products<\/strong> Co \u0131s \u043f\u0440\u043e\u0434\u043e\u043b\u0436\u0430\u0435\u0442 \u043e\u0431\u0441\u043b\u0443\u0436\u0438\u0432\u0430\u0442\u044c \u043a\u043b\u0438\u0435\u043d\u0442\u043e\u0432 \u043f\u043e \u0432\u0441\u0435\u043c\u0443 \u043c\u0438\u0440\u0443 \u0441 \u043f\u0440\u0438\u043d\u0446\u0438\u043f\u043e\u043c \u00ab\u0432\u044b\u0441\u043e\u043a\u043e\u043a\u0430\u0447\u0435\u0441\u0442\u0432\u0435\u043d\u043d\u043e\u0433\u043e \u043f\u0440\u043e\u0434\u0443\u043a\u0442\u0430 \u0438 \u0445\u043e\u0440\u043e\u0448\u0435\u0433\u043e \u043e\u0431\u0441\u043b\u0443\u0436\u0438\u0432\u0430\u043d\u0438\u044f\u00bb &#8230; \u041f\u0440\u043e\u0446\u0435\u0434\u0443\u0440\u044b \u043f\u0440\u043e\u0438\u0437\u0432\u043e\u0434\u0441\u0442\u0432\u0430 \u043f\u043e\u044d\u0442\u0430\u043f\u043d\u043e \u043a\u043e\u043d\u0442\u0440\u043e\u043b\u0438\u0440\u0443\u044e\u0442\u0441\u044f \u044d\u043a\u0441\u043f\u0435\u0440\u0442\u0430\u043c\u0438, \u0447\u0442\u043e\u0431\u044b \u043e\u0431\u0435\u0441\u043f\u0435\u0447\u0438\u0442\u044c \u043f\u0440\u043e\u0434\u043e\u043b\u0436\u0435\u043d\u0438\u0435 \u0432\u044b\u0441\u043e\u043a\u043e\u0433\u043e \u043a\u0430\u0447\u0435\u0441\u0442\u0432\u0430 \u043d\u0430 \u043f\u0440\u043e\u0442\u044f\u0436\u0435\u043d\u0438\u0438 \u0437\u0430\u0432\u0435\u0440\u0448\u0435\u043d\u0438\u0435 \u043f\u0440\u043e\u0446\u0435\u0441\u0441\u0430. Cal\u0131s\u0131rlar Co.has \u043f\u043e\u043b\u0443\u0447\u0438\u043b\u0430 \u043e\u0447\u0435\u043d\u044c \u0446\u0435\u043d\u043d\u043e\u0435 \u0443\u0432\u0430\u0436\u0435\u043d\u0438\u0435 \u0438 \u0437\u0430\u0432\u043e\u0435\u0432\u0430\u043b\u0430 \u0440\u0435\u043f\u0443\u0442\u0430\u0446\u0438\u044e, \u0431\u0443\u0434\u0443\u0447\u0438 \u0432\u0441\u0435\u0433\u0434\u0430 \u0447\u0435\u0441\u0442\u043d\u043e\u0439 \u0438 \u0447\u0435\u0441\u0442\u043d\u043e\u0439 \u0432 \u0434\u0435\u043b\u043e\u0432\u044b\u0445 \u043e\u0442\u043d\u043e\u0448\u0435\u043d\u0438\u044f\u0445 \u0432 \u0434\u043e\u043f\u043e\u043b\u043d\u0435\u043d\u0438\u0435 \u043a \u0432\u044b\u0441\u043e\u043a\u0438\u043c \u043c\u043e\u0440\u0430\u043b\u044c\u043d\u044b\u043c \u0446\u0435\u043d\u043d\u043e\u0441\u0442\u044f\u043c.<\/p>\n<p><strong>\u041c\u042b \u0412\u0421\u0415\u0413\u0414\u0410 \u0425\u041e\u0422\u0415\u041b\u0418 \u0421\u0422\u0420\u041e\u0418\u0422\u042c \u041e\u0427\u0415\u041d\u042c \u0414\u041e\u041b\u0413\u041e\u0421\u0420\u041e\u0427\u041d\u042b\u0415 \u041e\u0422\u041d\u041e\u0428\u0415\u041d\u0418\u042f \u0421 \u041d\u0410\u0428\u0418\u041c \u0411\u0418\u0417\u041d\u0415\u0421-\u041f\u0410\u0420\u0422\u041d\u0415\u0420\u0410\u041c\u0418.<\/strong>[\/vc_column_text][\/vc_column][\/vc_row][vc_row full_width=&#187;stretch_row&#187; has_content=&#187;true&#187; css=&#187;.vc_custom_1526295414018{background-color: #f2f2f2 !important;}&#187;][vc_column][vc_row_inner css=&#187;.vc_custom_1527653917305{background-image: url(http:\/\/www.calisirlarormanurunleri.com.tr\/giris\/wp-content\/uploads\/2018\/05\/belge.png?id=2066) !important;background-position: center !important;background-repeat: no-repeat !important;background-size: cover !important;}&#187;][vc_column_inner width=&#187;5\/12&#8243;][vc_empty_space]<h1 class='heading-middle  divider-modern' ><span>\u041d\u0410\u0428\u0418 \u0414\u041e\u041a\u0423\u041c\u0415\u041d\u0422\u042b<\/span><\/h1>[\/vc_column_inner][vc_column_inner width=&#187;1\/6&#8243;][vc_single_image image=&#187;1569&#8243; img_size=&#187;full&#187;][\/vc_column_inner][vc_column_inner width=&#187;1\/6&#8243;][vc_single_image image=&#187;2014&#8243; img_size=&#187;full&#187;][\/vc_column_inner][\/vc_row_inner]<h3 class='heading-middle  style-1' ><span><\/span><\/h3>[vc_empty_space][vc_column_text][\/vc_column_text][\/vc_column][\/vc_row][vc_row full_width=&#187;stretch_row&#187; css=&#187;.vc_custom_1526295388068{margin-bottom: 50px !important;background-color: #f2f2f2 !important;}&#187;][vc_column width=&#187;1\/3&#8243;][vc_row_inner][vc_column_inner width=&#187;1\/2&#8243;][vc_single_image image=&#187;1574&#8243; img_size=&#187;full&#187; onclick=&#187;link_image&#187;][vc_single_image image=&#187;1575&#8243; img_size=&#187;full&#187; onclick=&#187;link_image&#187;][\/vc_column_inner][vc_column_inner width=&#187;1\/2&#8243;][vc_single_image image=&#187;1575&#8243; img_size=&#187;full&#187; onclick=&#187;link_image&#187;][vc_single_image image=&#187;1574&#8243; img_size=&#187;full&#187; onclick=&#187;link_image&#187;][\/vc_column_inner][\/vc_row_inner][vc_row_inner css=&#187;.vc_custom_1436442814594{margin-top: -34px !important;}&#187;][vc_column_inner]<h5 class='heading-left  style-1' ><span>\u0441\u0432\u0438\u0434\u0435\u0442\u0435\u043b\u044c\u0441\u0442\u0432\u043e<\/span><\/h5>[vc_column_text]\u041e\u0422\u0414\u0415\u041b \u0422\u041e\u0420\u0413\u041e\u0412\u041e-\u041d\u0410\u041b\u041e\u0413\u041e\u0412\u041e\u0413\u041e \u041e\u0422\u0414\u0415\u041b\u0415\u041d\u0418\u042f \u0130ZM\u0130R[\/vc_column_text][vc_empty_space height=&#187;20px&#187;][vc_column_text]\u0412\u044b\u0441\u043e\u043a\u0438\u0435 \u043a\u043e\u043c\u043c\u0435\u0440\u0447\u0435\u0441\u043a\u0438\u0435 \u043f\u0440\u0438\u0431\u044b\u043b\u0438, \u043a\u043e\u0442\u043e\u0440\u044b\u0435 \u043c\u044b \u043d\u0435 \u043c\u043e\u0436\u0435\u043c \u043f\u0440\u0438\u0437\u043d\u0430\u0442\u044c, \u0437\u0430\u0441\u043b\u0443\u0436\u0438\u0432\u0430\u044e\u0442.<\/p>\n<p>\u0411\u043b\u0430\u0433\u043e\u0434\u0430\u0440\u044f \u0130ZM\u0130R Commerce \u0438 \u041d\u0430\u043b\u043e\u0433\u043e\u0432\u043e\u043c\u0443 \u0432\u0435\u0434\u043e\u043c\u0441\u0442\u0432\u0443 \u0130ZM\u0130R \u0437\u0430 \u0442\u043e, \u0447\u0442\u043e \u043c\u044b \u0434\u043e\u0441\u0442\u043e\u0439\u043d\u044b \u044d\u0442\u043e\u0439 \u043e\u0446\u0435\u043d\u043a\u0438 &#8230;[\/vc_column_text][\/vc_column_inner][\/vc_row_inner][\/vc_column][vc_column width=&#187;1\/3&#8243;][vc_row_inner][vc_column_inner width=&#187;1\/2&#8243;][vc_single_image image=&#187;1578&#8243; img_size=&#187;full&#187; onclick=&#187;link_image&#187;][vc_single_image image=&#187;1579&#8243; img_size=&#187;full&#187; onclick=&#187;link_image&#187;][\/vc_column_inner][vc_column_inner width=&#187;1\/2&#8243;][vc_single_image image=&#187;1579&#8243; img_size=&#187;full&#187; onclick=&#187;link_image&#187;][vc_single_image image=&#187;1578&#8243; img_size=&#187;full&#187; onclick=&#187;link_image&#187;][\/vc_column_inner][\/vc_row_inner][vc_row_inner css=&#187;.vc_custom_1436442826040{margin-top: -34px !important;}&#187;][vc_column_inner]<h5 class='heading-left  style-1' ><span>\u0414\u041e\u041a\u0423\u041c\u0415\u041d\u0422 \u0423\u0421\u041f\u0415\u0425\u0410<\/span><\/h5>[vc_column_text]\u0410\u0413\u0415\u0410\u041d\u0421\u041a\u0410\u042f \u041e\u0411\u041b\u0410\u0421\u0422\u041d\u0410\u042f \u041f\u0410\u041b\u0410\u0422\u0410 \u041f\u0420\u041e\u041c\u042b\u0428\u041b\u0415\u041d\u041d\u041e\u0421\u0422\u0418[\/vc_column_text][vc_empty_space height=&#187;20px&#187;][vc_column_text]\u041d\u0430\u0448\u0438 \u0434\u043e\u043a\u0443\u043c\u0435\u043d\u0442\u044b \u043e \u0443\u0441\u043f\u0435\u0445\u0430\u0445, \u043a\u043e\u0442\u043e\u0440\u044b\u0435 \u043c\u044b \u0437\u0430\u0441\u043b\u0443\u0436\u0438\u0432\u0430\u0435\u043c \u0432 \u0440\u0435\u0437\u0443\u043b\u044c\u0442\u0430\u0442\u0435 \u0440\u0435\u0430\u043b\u0438\u0437\u0430\u0446\u0438\u0438 \u0441\u0430\u043c\u044b\u0445 \u0432\u044b\u0441\u043e\u043a\u0438\u0445 \u0438\u043d\u0432\u0435\u0441\u0442\u0438\u0446\u0438\u0439 &#8230;<\/p>\n<p>\u041c\u044b \u0445\u043e\u0442\u0435\u043b\u0438 \u0431\u044b \u0432\u044b\u0440\u0430\u0437\u0438\u0442\u044c \u043d\u0430\u0448\u0443 \u0431\u043b\u0430\u0433\u043e\u0434\u0430\u0440\u043d\u043e\u0441\u0442\u044c AEGEAN REGION CHAMBER OF INDUSTRY, \u043a\u043e\u0442\u043e\u0440\u0430\u044f \u0431\u044b\u043b\u0430 \u0432\u0440\u0443\u0447\u0435\u043d\u0430 \u043d\u0430\u043c.[\/vc_column_text][\/vc_column_inner][\/vc_row_inner][\/vc_column][vc_column width=&#187;1\/3&#8243;][vc_row_inner][vc_column_inner width=&#187;1\/2&#8243;][vc_single_image image=&#187;1965&#8243; img_size=&#187;full&#187; style=&#187;vc_box_shadow_3d&#187; onclick=&#187;link_image&#187;][\/vc_column_inner][vc_column_inner width=&#187;1\/2&#8243;][vc_single_image image=&#187;1967&#8243; img_size=&#187;full&#187; style=&#187;vc_box_shadow_3d&#187; onclick=&#187;link_image&#187;][\/vc_column_inner][\/vc_row_inner]<h5 class='heading-left  style-1' ><span>\u041d\u0430\u0448 \u0442\u043e\u0432\u0430\u0440\u043d\u044b\u0439 \u0437\u043d\u0430\u043a<\/span><\/h5>[vc_column_text]\u0422\u0423\u0420\u0415\u0426\u041a\u0418\u0419 \u041f\u0410\u0422\u0415\u041d\u0422\u041d\u042b\u0419 \u0418\u041d\u0421\u0422\u0418\u0422\u0423\u0422 ISO 9001[\/vc_column_text][vc_empty_space height=&#187;20px&#187;][vc_column_text]\u041d\u0430\u0448\u0430 \u043a\u043e\u043c\u043f\u0430\u043d\u0438\u044f, \u043a\u043e\u0442\u043e\u0440\u0430\u044f \u0432\u0441\u0435\u0433\u0434\u0430 \u043e\u0440\u0438\u0435\u043d\u0442\u0438\u0440\u043e\u0432\u0430\u043d\u0430 \u043d\u0430 \u043a\u0430\u0447\u0435\u0441\u0442\u0432\u043e, \u0443\u0432\u0435\u043d\u0447\u0430\u043b\u0430 \u0441\u0432\u043e\u0435 \u043d\u0430\u0437\u0432\u0430\u043d\u0438\u0435 \u043d\u0430\u0448\u0438\u043c \u0434\u043e\u043a\u0443\u043c\u0435\u043d\u0442\u043e\u043c \u0431\u0440\u0435\u043d\u0434\u0430 &#8230;[\/vc_column_text][\/vc_column][\/vc_row]<\/p>","protected":false},"excerpt":{"rendered":"<p>[vc_row][vc_column][\/vc_column][\/vc_row][vc_row has_content=&#187;true&#187;][vc_column][rev_slider_vc alias=&#187;ru&#187;][\/vc_column][\/vc_row][vc_row full_width=&#187;stretch_row_content&#187; has_content=&#187;true&#187; css=&#187;.vc_custom_1526424657216{background-color: #b53c17 !important;}&#187;][vc_column][\/vc_column][\/vc_row][vc_row full_width=&#187;stretch_row&#187; css=&#187;.vc_custom_1526255501037{background-color: #ededed !important;}&#187;][vc_column width=&#187;1\/2&#8243;][vc_empty_space][\/vc_column][vc_column width=&#187;1\/2&#8243;][vc_empty_space][vc_column_text]\u00ab\u041e\u0422 \u0413\u0415\u041d\u0415\u0420\u0410\u0426\u0418\u0418 \u0412 \u041e\u041f\u042b\u0422 \u0413\u0415\u041d\u0415\u0420\u0410\u0426\u0418\u0418, \u042d\u0422\u0418\u041a\u0418 \u0418 \u041c\u041e\u0420\u0421\u041a\u0418\u0425 \u0417\u041d\u0410\u0427\u0415\u041d\u0418\u0419\u00bb \u00c7al\u0131\u015f\u0131rlar Wood Products Co \u0432\u044b\u0440\u043e\u0441\u043b\u0430 \u043a\u0430\u043a \u0441\u0435\u043c\u0435\u0439\u043d\u0430\u044f \u043a\u043e\u043c\u043f\u0430\u043d\u0438\u044f \u043e\u0442 \u043e\u0442\u0446\u0430 \u043a \u0441\u044b\u043d\u043e\u0432\u044c\u044f\u043c \u0437\u0430 \u043f\u043e\u0441\u043b\u0435\u0434\u043d\u0435\u0435 \u0441\u0442\u043e\u043b\u0435\u0442\u0438\u0435 \u0432 \u043c\u0438\u0440\u0435 \u0448\u043f\u043e\u043d\u0430&#8230;<\/p>\n","protected":false},"author":1,"featured_media":0,"parent":0,"menu_order":0,"comment_status":"open","ping_status":"open","template":"","meta":{"footnotes":""},"class_list":["post-5","page","type-page","status-publish","hentry"],"aioseo_notices":[],"_links":{"self":[{"href":"https:\/\/www.calisirlarormanurunleri.com.tr\/ru\/wp-json\/wp\/v2\/pages\/5","targetHints":{"allow":["GET"]}}],"collection":[{"href":"https:\/\/www.calisirlarormanurunleri.com.tr\/ru\/wp-json\/wp\/v2\/pages"}],"about":[{"href":"https:\/\/www.calisirlarormanurunleri.com.tr\/ru\/wp-json\/wp\/v2\/types\/page"}],"author":[{"embeddable":true,"href":"https:\/\/www.calisirlarormanurunleri.com.tr\/ru\/wp-json\/wp\/v2\/users\/1"}],"replies":[{"embeddable":true,"href":"https:\/\/www.calisirlarormanurunleri.com.tr\/ru\/wp-json\/wp\/v2\/comments?post=5"}],"version-history":[{"count":342,"href":"https:\/\/www.calisirlarormanurunleri.com.tr\/ru\/wp-json\/wp\/v2\/pages\/5\/revisions"}],"predecessor-version":[{"id":2415,"href":"https:\/\/www.calisirlarormanurunleri.com.tr\/ru\/wp-json\/wp\/v2\/pages\/5\/revisions\/2415"}],"wp:attachment":[{"href":"https:\/\/www.calisirlarormanurunleri.com.tr\/ru\/wp-json\/wp\/v2\/media?parent=5"}],"curies":[{"name":"wp","href":"https:\/\/api.w.org\/{rel}","templated":true}]}}