{"id":2221,"date":"2018-06-04T03:58:55","date_gmt":"2018-06-04T00:58:55","guid":{"rendered":"http:\/\/www.calisirlarormanurunleri.com.tr\/giris\/?page_id=2221"},"modified":"2018-06-04T04:04:04","modified_gmt":"2018-06-04T01:04:04","slug":"2221-2","status":"publish","type":"page","link":"https:\/\/www.calisirlarormanurunleri.com.tr\/ru\/2221-2\/","title":{"rendered":"(Turkish) -"},"content":{"rendered":"<p>[vc_row full_width=&#187;stretch_row_content_no_spaces&#187; gap=&#187;15&#8243;][vc_column width=&#187;2\/3&#8243;][\/vc_column][vc_column width=&#187;1\/3&#8243;][\/vc_column][\/vc_row][vc_row][vc_column][vc_empty_space][\/vc_column][\/vc_row][vc_row gap=&#187;15&#8243; equal_height=&#187;yes&#187;][vc_column width=&#187;1\/2&#8243;]<h1 class='heading-left  divider-modern' ><span>\u0415\u0441\u0442\u0435\u0441\u0442\u0432\u0435\u043d\u043d\u044b\u0439 \u0434\u0443\u0431<\/span><\/h1><div class='images-comparison__container  '><div class='images-comparison' data-default_offset_pct='1.0' data-orientation='horizontal' data-before_label='D\u00f6\u015fenmi\u015f Halini G\u00f6rmek \u0130\u00e7in Oku Kayd\u0131r\u0131n\u0131z' data-el_css=''><img loading=\"lazy\" decoding=\"async\" width=\"800\" height=\"586\" src=\"https:\/\/www.calisirlarormanurunleri.com.tr\/wp-content\/uploads\/2018\/05\/p3.jpg\" class=\"attachment-large size-large\" alt=\"\" srcset=\"https:\/\/www.calisirlarormanurunleri.com.tr\/wp-content\/uploads\/2018\/05\/p3.jpg 800w, https:\/\/www.calisirlarormanurunleri.com.tr\/wp-content\/uploads\/2018\/05\/p3-300x220.jpg 300w, https:\/\/www.calisirlarormanurunleri.com.tr\/wp-content\/uploads\/2018\/05\/p3-768x563.jpg 768w, https:\/\/www.calisirlarormanurunleri.com.tr\/wp-content\/uploads\/2018\/05\/p3-370x271.jpg 370w, https:\/\/www.calisirlarormanurunleri.com.tr\/wp-content\/uploads\/2018\/05\/p3-360x264.jpg 360w, https:\/\/www.calisirlarormanurunleri.com.tr\/wp-content\/uploads\/2018\/05\/p3-600x440.jpg 600w\" sizes=\"auto, (max-width: 800px) 100vw, 800px\" \/><img loading=\"lazy\" decoding=\"async\" width=\"967\" height=\"709\" src=\"https:\/\/www.calisirlarormanurunleri.com.tr\/wp-content\/uploads\/2018\/05\/ahsap-parke3-1024x751.jpg\" class=\"attachment-large size-large\" alt=\"\" srcset=\"https:\/\/www.calisirlarormanurunleri.com.tr\/wp-content\/uploads\/2018\/05\/ahsap-parke3-1024x751.jpg 1024w, https:\/\/www.calisirlarormanurunleri.com.tr\/wp-content\/uploads\/2018\/05\/ahsap-parke3-300x220.jpg 300w, https:\/\/www.calisirlarormanurunleri.com.tr\/wp-content\/uploads\/2018\/05\/ahsap-parke3-768x564.jpg 768w, https:\/\/www.calisirlarormanurunleri.com.tr\/wp-content\/uploads\/2018\/05\/ahsap-parke3-370x271.jpg 370w, https:\/\/www.calisirlarormanurunleri.com.tr\/wp-content\/uploads\/2018\/05\/ahsap-parke3-1200x880.jpg 1200w, https:\/\/www.calisirlarormanurunleri.com.tr\/wp-content\/uploads\/2018\/05\/ahsap-parke3-360x264.jpg 360w, https:\/\/www.calisirlarormanurunleri.com.tr\/wp-content\/uploads\/2018\/05\/ahsap-parke3-600x440.jpg 600w, https:\/\/www.calisirlarormanurunleri.com.tr\/wp-content\/uploads\/2018\/05\/ahsap-parke3.jpg 1938w\" sizes=\"auto, (max-width: 967px) 100vw, 967px\" \/><\/div><\/div>[\/vc_column][vc_column width=&#187;1\/2&#8243;]<h1 class='heading-left  divider-modern' ><span>\u0418\u0437\u043c\u0438\u0440\u0441\u043a\u0438\u0439 \u0434\u0443\u0431<\/span><\/h1><div class='images-comparison__container  '><div class='images-comparison' data-default_offset_pct='1.0' data-orientation='horizontal' data-before_label='D\u00f6\u015fenmi\u015f Halini G\u00f6rmek \u0130\u00e7in Oku Kayd\u0131r\u0131n\u0131z' data-el_css=''><img loading=\"lazy\" decoding=\"async\" width=\"800\" height=\"586\" src=\"https:\/\/www.calisirlarormanurunleri.com.tr\/wp-content\/uploads\/2018\/05\/p9.jpg\" class=\"attachment-large size-large\" alt=\"\" srcset=\"https:\/\/www.calisirlarormanurunleri.com.tr\/wp-content\/uploads\/2018\/05\/p9.jpg 800w, https:\/\/www.calisirlarormanurunleri.com.tr\/wp-content\/uploads\/2018\/05\/p9-300x220.jpg 300w, https:\/\/www.calisirlarormanurunleri.com.tr\/wp-content\/uploads\/2018\/05\/p9-768x563.jpg 768w, https:\/\/www.calisirlarormanurunleri.com.tr\/wp-content\/uploads\/2018\/05\/p9-370x271.jpg 370w, https:\/\/www.calisirlarormanurunleri.com.tr\/wp-content\/uploads\/2018\/05\/p9-360x264.jpg 360w, https:\/\/www.calisirlarormanurunleri.com.tr\/wp-content\/uploads\/2018\/05\/p9-600x440.jpg 600w\" sizes=\"auto, (max-width: 800px) 100vw, 800px\" \/><img loading=\"lazy\" decoding=\"async\" width=\"967\" height=\"709\" src=\"https:\/\/www.calisirlarormanurunleri.com.tr\/wp-content\/uploads\/2018\/05\/ahsap-parke9-1024x751.jpg\" class=\"attachment-large size-large\" alt=\"\" srcset=\"https:\/\/www.calisirlarormanurunleri.com.tr\/wp-content\/uploads\/2018\/05\/ahsap-parke9-1024x751.jpg 1024w, https:\/\/www.calisirlarormanurunleri.com.tr\/wp-content\/uploads\/2018\/05\/ahsap-parke9-300x220.jpg 300w, https:\/\/www.calisirlarormanurunleri.com.tr\/wp-content\/uploads\/2018\/05\/ahsap-parke9-768x564.jpg 768w, https:\/\/www.calisirlarormanurunleri.com.tr\/wp-content\/uploads\/2018\/05\/ahsap-parke9-370x271.jpg 370w, https:\/\/www.calisirlarormanurunleri.com.tr\/wp-content\/uploads\/2018\/05\/ahsap-parke9-1200x880.jpg 1200w, https:\/\/www.calisirlarormanurunleri.com.tr\/wp-content\/uploads\/2018\/05\/ahsap-parke9-360x264.jpg 360w, https:\/\/www.calisirlarormanurunleri.com.tr\/wp-content\/uploads\/2018\/05\/ahsap-parke9-600x440.jpg 600w, https:\/\/www.calisirlarormanurunleri.com.tr\/wp-content\/uploads\/2018\/05\/ahsap-parke9.jpg 1938w\" sizes=\"auto, (max-width: 967px) 100vw, 967px\" \/><\/div><\/div>[\/vc_column][\/vc_row][vc_row gap=&#187;15&#8243; equal_height=&#187;yes&#187;][vc_column width=&#187;1\/2&#8243;]<h1 class='heading-left  divider-modern' ><span>\u0431\u0435\u043b\u044b\u0439 \u0434\u0443\u0431<\/span><\/h1><div class='images-comparison__container  '><div class='images-comparison' data-default_offset_pct='1.0' data-orientation='horizontal' data-before_label='D\u00f6\u015fenmi\u015f Halini G\u00f6rmek \u0130\u00e7in Oku Kayd\u0131r\u0131n\u0131z' data-el_css=''><img loading=\"lazy\" decoding=\"async\" width=\"800\" height=\"586\" src=\"https:\/\/www.calisirlarormanurunleri.com.tr\/wp-content\/uploads\/2018\/05\/p8.jpg\" class=\"attachment-large size-large\" alt=\"\" srcset=\"https:\/\/www.calisirlarormanurunleri.com.tr\/wp-content\/uploads\/2018\/05\/p8.jpg 800w, https:\/\/www.calisirlarormanurunleri.com.tr\/wp-content\/uploads\/2018\/05\/p8-300x220.jpg 300w, https:\/\/www.calisirlarormanurunleri.com.tr\/wp-content\/uploads\/2018\/05\/p8-768x563.jpg 768w, https:\/\/www.calisirlarormanurunleri.com.tr\/wp-content\/uploads\/2018\/05\/p8-370x271.jpg 370w, https:\/\/www.calisirlarormanurunleri.com.tr\/wp-content\/uploads\/2018\/05\/p8-360x264.jpg 360w, https:\/\/www.calisirlarormanurunleri.com.tr\/wp-content\/uploads\/2018\/05\/p8-600x440.jpg 600w\" sizes=\"auto, (max-width: 800px) 100vw, 800px\" \/><img loading=\"lazy\" decoding=\"async\" width=\"967\" height=\"709\" src=\"https:\/\/www.calisirlarormanurunleri.com.tr\/wp-content\/uploads\/2018\/05\/ahsap-parke8-1024x751.jpg\" class=\"attachment-large size-large\" alt=\"\" srcset=\"https:\/\/www.calisirlarormanurunleri.com.tr\/wp-content\/uploads\/2018\/05\/ahsap-parke8-1024x751.jpg 1024w, https:\/\/www.calisirlarormanurunleri.com.tr\/wp-content\/uploads\/2018\/05\/ahsap-parke8-300x220.jpg 300w, https:\/\/www.calisirlarormanurunleri.com.tr\/wp-content\/uploads\/2018\/05\/ahsap-parke8-768x564.jpg 768w, https:\/\/www.calisirlarormanurunleri.com.tr\/wp-content\/uploads\/2018\/05\/ahsap-parke8-370x271.jpg 370w, https:\/\/www.calisirlarormanurunleri.com.tr\/wp-content\/uploads\/2018\/05\/ahsap-parke8-1200x880.jpg 1200w, https:\/\/www.calisirlarormanurunleri.com.tr\/wp-content\/uploads\/2018\/05\/ahsap-parke8-360x264.jpg 360w, https:\/\/www.calisirlarormanurunleri.com.tr\/wp-content\/uploads\/2018\/05\/ahsap-parke8-600x440.jpg 600w, https:\/\/www.calisirlarormanurunleri.com.tr\/wp-content\/uploads\/2018\/05\/ahsap-parke8.jpg 1938w\" sizes=\"auto, (max-width: 967px) 100vw, 967px\" \/><\/div><\/div>[\/vc_column][vc_column width=&#187;1\/2&#8243;]<h1 class='heading-left  divider-modern' ><span>\u0414\u0435\u0440\u0435\u0432\u0435\u043d\u0441\u043a\u0438\u0439 \u0434\u0443\u0431<\/span><\/h1><div class='images-comparison__container  '><div class='images-comparison' data-default_offset_pct='1.0' data-orientation='horizontal' data-before_label='D\u00f6\u015fenmi\u015f Halini G\u00f6rmek \u0130\u00e7in Oku Kayd\u0131r\u0131n\u0131z' data-el_css=''><img loading=\"lazy\" decoding=\"async\" width=\"800\" height=\"586\" src=\"https:\/\/www.calisirlarormanurunleri.com.tr\/wp-content\/uploads\/2018\/05\/p14.jpg\" class=\"attachment-large size-large\" alt=\"\" srcset=\"https:\/\/www.calisirlarormanurunleri.com.tr\/wp-content\/uploads\/2018\/05\/p14.jpg 800w, https:\/\/www.calisirlarormanurunleri.com.tr\/wp-content\/uploads\/2018\/05\/p14-300x220.jpg 300w, https:\/\/www.calisirlarormanurunleri.com.tr\/wp-content\/uploads\/2018\/05\/p14-768x563.jpg 768w, https:\/\/www.calisirlarormanurunleri.com.tr\/wp-content\/uploads\/2018\/05\/p14-370x271.jpg 370w, https:\/\/www.calisirlarormanurunleri.com.tr\/wp-content\/uploads\/2018\/05\/p14-360x264.jpg 360w, https:\/\/www.calisirlarormanurunleri.com.tr\/wp-content\/uploads\/2018\/05\/p14-600x440.jpg 600w\" sizes=\"auto, (max-width: 800px) 100vw, 800px\" \/><img loading=\"lazy\" decoding=\"async\" width=\"967\" height=\"709\" src=\"https:\/\/www.calisirlarormanurunleri.com.tr\/wp-content\/uploads\/2018\/04\/parke14-1024x751.jpg\" class=\"attachment-large size-large\" alt=\"\" srcset=\"https:\/\/www.calisirlarormanurunleri.com.tr\/wp-content\/uploads\/2018\/04\/parke14-1024x751.jpg 1024w, https:\/\/www.calisirlarormanurunleri.com.tr\/wp-content\/uploads\/2018\/04\/parke14-300x220.jpg 300w, https:\/\/www.calisirlarormanurunleri.com.tr\/wp-content\/uploads\/2018\/04\/parke14-768x564.jpg 768w, https:\/\/www.calisirlarormanurunleri.com.tr\/wp-content\/uploads\/2018\/04\/parke14-370x271.jpg 370w, https:\/\/www.calisirlarormanurunleri.com.tr\/wp-content\/uploads\/2018\/04\/parke14-1200x880.jpg 1200w, https:\/\/www.calisirlarormanurunleri.com.tr\/wp-content\/uploads\/2018\/04\/parke14-360x264.jpg 360w, https:\/\/www.calisirlarormanurunleri.com.tr\/wp-content\/uploads\/2018\/04\/parke14-600x440.jpg 600w, https:\/\/www.calisirlarormanurunleri.com.tr\/wp-content\/uploads\/2018\/04\/parke14.jpg 1938w\" sizes=\"auto, (max-width: 967px) 100vw, 967px\" \/><\/div><\/div>[\/vc_column][\/vc_row][vc_row gap=&#187;15&#8243; equal_height=&#187;yes&#187;][vc_column width=&#187;1\/2&#8243;]<h1 class='heading-left  divider-modern' ><span>\u0414\u0443\u0431 \u041f\u0430\u0442\u0438\u043d\u0430<\/span><\/h1><div class='images-comparison__container  '><div class='images-comparison' data-default_offset_pct='1.0' data-orientation='horizontal' data-before_label='D\u00f6\u015fenmi\u015f Halini G\u00f6rmek \u0130\u00e7in Oku Kayd\u0131r\u0131n\u0131z' data-el_css=''><img loading=\"lazy\" decoding=\"async\" width=\"800\" height=\"586\" src=\"https:\/\/www.calisirlarormanurunleri.com.tr\/wp-content\/uploads\/2018\/05\/p6.jpg\" class=\"attachment-large size-large\" alt=\"\" srcset=\"https:\/\/www.calisirlarormanurunleri.com.tr\/wp-content\/uploads\/2018\/05\/p6.jpg 800w, https:\/\/www.calisirlarormanurunleri.com.tr\/wp-content\/uploads\/2018\/05\/p6-300x220.jpg 300w, https:\/\/www.calisirlarormanurunleri.com.tr\/wp-content\/uploads\/2018\/05\/p6-768x563.jpg 768w, https:\/\/www.calisirlarormanurunleri.com.tr\/wp-content\/uploads\/2018\/05\/p6-370x271.jpg 370w, https:\/\/www.calisirlarormanurunleri.com.tr\/wp-content\/uploads\/2018\/05\/p6-360x264.jpg 360w, https:\/\/www.calisirlarormanurunleri.com.tr\/wp-content\/uploads\/2018\/05\/p6-600x440.jpg 600w\" sizes=\"auto, (max-width: 800px) 100vw, 800px\" \/><img loading=\"lazy\" decoding=\"async\" width=\"967\" height=\"709\" src=\"https:\/\/www.calisirlarormanurunleri.com.tr\/wp-content\/uploads\/2018\/05\/ahsap-parke6-1024x751.jpg\" class=\"attachment-large size-large\" alt=\"\" srcset=\"https:\/\/www.calisirlarormanurunleri.com.tr\/wp-content\/uploads\/2018\/05\/ahsap-parke6-1024x751.jpg 1024w, https:\/\/www.calisirlarormanurunleri.com.tr\/wp-content\/uploads\/2018\/05\/ahsap-parke6-300x220.jpg 300w, https:\/\/www.calisirlarormanurunleri.com.tr\/wp-content\/uploads\/2018\/05\/ahsap-parke6-768x564.jpg 768w, https:\/\/www.calisirlarormanurunleri.com.tr\/wp-content\/uploads\/2018\/05\/ahsap-parke6-370x271.jpg 370w, https:\/\/www.calisirlarormanurunleri.com.tr\/wp-content\/uploads\/2018\/05\/ahsap-parke6-1200x880.jpg 1200w, https:\/\/www.calisirlarormanurunleri.com.tr\/wp-content\/uploads\/2018\/05\/ahsap-parke6-360x264.jpg 360w, https:\/\/www.calisirlarormanurunleri.com.tr\/wp-content\/uploads\/2018\/05\/ahsap-parke6-600x440.jpg 600w, https:\/\/www.calisirlarormanurunleri.com.tr\/wp-content\/uploads\/2018\/05\/ahsap-parke6.jpg 1938w\" sizes=\"auto, (max-width: 967px) 100vw, 967px\" \/><\/div><\/div>[\/vc_column][vc_column width=&#187;1\/2&#8243;]<h1 class='heading-left  divider-modern' ><span>\u0422\u0435\u043c\u043d\u044b\u0439 \u0414\u0443\u0431<\/span><\/h1><div class='images-comparison__container  '><div class='images-comparison' data-default_offset_pct='1.0' data-orientation='horizontal' data-before_label='D\u00f6\u015fenmi\u015f Halini G\u00f6rmek \u0130\u00e7in Oku Kayd\u0131r\u0131n\u0131z' data-el_css=''><img loading=\"lazy\" decoding=\"async\" width=\"800\" height=\"586\" src=\"https:\/\/www.calisirlarormanurunleri.com.tr\/wp-content\/uploads\/2018\/05\/p12.jpg\" class=\"attachment-large size-large\" alt=\"\" srcset=\"https:\/\/www.calisirlarormanurunleri.com.tr\/wp-content\/uploads\/2018\/05\/p12.jpg 800w, https:\/\/www.calisirlarormanurunleri.com.tr\/wp-content\/uploads\/2018\/05\/p12-300x220.jpg 300w, https:\/\/www.calisirlarormanurunleri.com.tr\/wp-content\/uploads\/2018\/05\/p12-768x563.jpg 768w, https:\/\/www.calisirlarormanurunleri.com.tr\/wp-content\/uploads\/2018\/05\/p12-370x271.jpg 370w, https:\/\/www.calisirlarormanurunleri.com.tr\/wp-content\/uploads\/2018\/05\/p12-360x264.jpg 360w, https:\/\/www.calisirlarormanurunleri.com.tr\/wp-content\/uploads\/2018\/05\/p12-600x440.jpg 600w\" sizes=\"auto, (max-width: 800px) 100vw, 800px\" \/><img loading=\"lazy\" decoding=\"async\" width=\"967\" height=\"709\" src=\"https:\/\/www.calisirlarormanurunleri.com.tr\/wp-content\/uploads\/2018\/05\/ahsap-parke12-1024x751.jpg\" class=\"attachment-large size-large\" alt=\"\" srcset=\"https:\/\/www.calisirlarormanurunleri.com.tr\/wp-content\/uploads\/2018\/05\/ahsap-parke12-1024x751.jpg 1024w, https:\/\/www.calisirlarormanurunleri.com.tr\/wp-content\/uploads\/2018\/05\/ahsap-parke12-300x220.jpg 300w, https:\/\/www.calisirlarormanurunleri.com.tr\/wp-content\/uploads\/2018\/05\/ahsap-parke12-768x564.jpg 768w, https:\/\/www.calisirlarormanurunleri.com.tr\/wp-content\/uploads\/2018\/05\/ahsap-parke12-370x271.jpg 370w, https:\/\/www.calisirlarormanurunleri.com.tr\/wp-content\/uploads\/2018\/05\/ahsap-parke12-1200x880.jpg 1200w, https:\/\/www.calisirlarormanurunleri.com.tr\/wp-content\/uploads\/2018\/05\/ahsap-parke12-360x264.jpg 360w, https:\/\/www.calisirlarormanurunleri.com.tr\/wp-content\/uploads\/2018\/05\/ahsap-parke12-600x440.jpg 600w, https:\/\/www.calisirlarormanurunleri.com.tr\/wp-content\/uploads\/2018\/05\/ahsap-parke12.jpg 1938w\" sizes=\"auto, (max-width: 967px) 100vw, 967px\" \/><\/div><\/div>[\/vc_column][\/vc_row][vc_row gap=&#187;15&#8243; equal_height=&#187;yes&#187;][vc_column width=&#187;1\/2&#8243;]<h1 class='heading-left  divider-modern' ><span>\u0433\u0440\u0435\u0446\u043a\u0438\u0439 \u043e\u0440\u0435\u0445<\/span><\/h1><div class='images-comparison__container  '><div class='images-comparison' data-default_offset_pct='1.0' data-orientation='horizontal' data-before_label='D\u00f6\u015fenmi\u015f Halini G\u00f6rmek \u0130\u00e7in Oku Kayd\u0131r\u0131n\u0131z' data-el_css=''><img loading=\"lazy\" decoding=\"async\" width=\"800\" height=\"586\" src=\"https:\/\/www.calisirlarormanurunleri.com.tr\/wp-content\/uploads\/2018\/05\/p11.jpg\" class=\"attachment-large size-large\" alt=\"\" srcset=\"https:\/\/www.calisirlarormanurunleri.com.tr\/wp-content\/uploads\/2018\/05\/p11.jpg 800w, https:\/\/www.calisirlarormanurunleri.com.tr\/wp-content\/uploads\/2018\/05\/p11-300x220.jpg 300w, https:\/\/www.calisirlarormanurunleri.com.tr\/wp-content\/uploads\/2018\/05\/p11-768x563.jpg 768w, https:\/\/www.calisirlarormanurunleri.com.tr\/wp-content\/uploads\/2018\/05\/p11-370x271.jpg 370w, https:\/\/www.calisirlarormanurunleri.com.tr\/wp-content\/uploads\/2018\/05\/p11-360x264.jpg 360w, https:\/\/www.calisirlarormanurunleri.com.tr\/wp-content\/uploads\/2018\/05\/p11-600x440.jpg 600w\" sizes=\"auto, (max-width: 800px) 100vw, 800px\" \/><img loading=\"lazy\" decoding=\"async\" width=\"967\" height=\"709\" src=\"https:\/\/www.calisirlarormanurunleri.com.tr\/wp-content\/uploads\/2018\/05\/ahsap-parke11-1024x751.jpg\" class=\"attachment-large size-large\" alt=\"\" srcset=\"https:\/\/www.calisirlarormanurunleri.com.tr\/wp-content\/uploads\/2018\/05\/ahsap-parke11-1024x751.jpg 1024w, https:\/\/www.calisirlarormanurunleri.com.tr\/wp-content\/uploads\/2018\/05\/ahsap-parke11-300x220.jpg 300w, https:\/\/www.calisirlarormanurunleri.com.tr\/wp-content\/uploads\/2018\/05\/ahsap-parke11-768x564.jpg 768w, https:\/\/www.calisirlarormanurunleri.com.tr\/wp-content\/uploads\/2018\/05\/ahsap-parke11-370x271.jpg 370w, https:\/\/www.calisirlarormanurunleri.com.tr\/wp-content\/uploads\/2018\/05\/ahsap-parke11-1200x880.jpg 1200w, https:\/\/www.calisirlarormanurunleri.com.tr\/wp-content\/uploads\/2018\/05\/ahsap-parke11-360x264.jpg 360w, https:\/\/www.calisirlarormanurunleri.com.tr\/wp-content\/uploads\/2018\/05\/ahsap-parke11-600x440.jpg 600w, https:\/\/www.calisirlarormanurunleri.com.tr\/wp-content\/uploads\/2018\/05\/ahsap-parke11.jpg 1938w\" sizes=\"auto, (max-width: 967px) 100vw, 967px\" \/><\/div><\/div>[\/vc_column][vc_column width=&#187;1\/2&#8243;]<h1 class='heading-left  divider-modern' ><span>\u0431\u0430\u043c\u0431\u0443\u043a\u043e\u0432\u044b\u0439<\/span><\/h1><div class='images-comparison__container  '><div class='images-comparison' data-default_offset_pct='1.0' data-orientation='horizontal' data-before_label='D\u00f6\u015fenmi\u015f Halini G\u00f6rmek \u0130\u00e7in Oku Kayd\u0131r\u0131n\u0131z' data-el_css=''><img loading=\"lazy\" decoding=\"async\" width=\"800\" height=\"586\" src=\"https:\/\/www.calisirlarormanurunleri.com.tr\/wp-content\/uploads\/2018\/05\/p5.jpg\" class=\"attachment-large size-large\" alt=\"\" srcset=\"https:\/\/www.calisirlarormanurunleri.com.tr\/wp-content\/uploads\/2018\/05\/p5.jpg 800w, https:\/\/www.calisirlarormanurunleri.com.tr\/wp-content\/uploads\/2018\/05\/p5-300x220.jpg 300w, https:\/\/www.calisirlarormanurunleri.com.tr\/wp-content\/uploads\/2018\/05\/p5-768x563.jpg 768w, https:\/\/www.calisirlarormanurunleri.com.tr\/wp-content\/uploads\/2018\/05\/p5-370x271.jpg 370w, https:\/\/www.calisirlarormanurunleri.com.tr\/wp-content\/uploads\/2018\/05\/p5-360x264.jpg 360w, https:\/\/www.calisirlarormanurunleri.com.tr\/wp-content\/uploads\/2018\/05\/p5-600x440.jpg 600w\" sizes=\"auto, (max-width: 800px) 100vw, 800px\" \/><img loading=\"lazy\" decoding=\"async\" width=\"967\" height=\"709\" src=\"https:\/\/www.calisirlarormanurunleri.com.tr\/wp-content\/uploads\/2018\/05\/ahsap-parke5-1024x751.jpg\" class=\"attachment-large size-large\" alt=\"\" srcset=\"https:\/\/www.calisirlarormanurunleri.com.tr\/wp-content\/uploads\/2018\/05\/ahsap-parke5-1024x751.jpg 1024w, https:\/\/www.calisirlarormanurunleri.com.tr\/wp-content\/uploads\/2018\/05\/ahsap-parke5-300x220.jpg 300w, https:\/\/www.calisirlarormanurunleri.com.tr\/wp-content\/uploads\/2018\/05\/ahsap-parke5-768x564.jpg 768w, https:\/\/www.calisirlarormanurunleri.com.tr\/wp-content\/uploads\/2018\/05\/ahsap-parke5-370x271.jpg 370w, https:\/\/www.calisirlarormanurunleri.com.tr\/wp-content\/uploads\/2018\/05\/ahsap-parke5-1200x880.jpg 1200w, https:\/\/www.calisirlarormanurunleri.com.tr\/wp-content\/uploads\/2018\/05\/ahsap-parke5-360x264.jpg 360w, https:\/\/www.calisirlarormanurunleri.com.tr\/wp-content\/uploads\/2018\/05\/ahsap-parke5-600x440.jpg 600w, https:\/\/www.calisirlarormanurunleri.com.tr\/wp-content\/uploads\/2018\/05\/ahsap-parke5.jpg 1938w\" sizes=\"auto, (max-width: 967px) 100vw, 967px\" \/><\/div><\/div>[\/vc_column][\/vc_row][vc_row gap=&#187;15&#8243; equal_height=&#187;yes&#187;][vc_column width=&#187;1\/2&#8243;]<h1 class='heading-left  divider-modern' ><span>Sapelli<\/span><\/h1><div class='images-comparison__container  '><div class='images-comparison' data-default_offset_pct='1.0' data-orientation='horizontal' data-before_label='D\u00f6\u015fenmi\u015f Halini G\u00f6rmek \u0130\u00e7in Oku Kayd\u0131r\u0131n\u0131z' data-el_css=''><img loading=\"lazy\" decoding=\"async\" width=\"800\" height=\"586\" src=\"https:\/\/www.calisirlarormanurunleri.com.tr\/wp-content\/uploads\/2018\/05\/p2.jpg\" class=\"attachment-large size-large\" alt=\"\" srcset=\"https:\/\/www.calisirlarormanurunleri.com.tr\/wp-content\/uploads\/2018\/05\/p2.jpg 800w, https:\/\/www.calisirlarormanurunleri.com.tr\/wp-content\/uploads\/2018\/05\/p2-300x220.jpg 300w, https:\/\/www.calisirlarormanurunleri.com.tr\/wp-content\/uploads\/2018\/05\/p2-768x563.jpg 768w, https:\/\/www.calisirlarormanurunleri.com.tr\/wp-content\/uploads\/2018\/05\/p2-370x271.jpg 370w, https:\/\/www.calisirlarormanurunleri.com.tr\/wp-content\/uploads\/2018\/05\/p2-360x264.jpg 360w, https:\/\/www.calisirlarormanurunleri.com.tr\/wp-content\/uploads\/2018\/05\/p2-600x440.jpg 600w\" sizes=\"auto, (max-width: 800px) 100vw, 800px\" \/><img loading=\"lazy\" decoding=\"async\" width=\"967\" height=\"709\" src=\"https:\/\/www.calisirlarormanurunleri.com.tr\/wp-content\/uploads\/2018\/05\/ahsap-parke2-1024x751.jpg\" class=\"attachment-large size-large\" alt=\"\" srcset=\"https:\/\/www.calisirlarormanurunleri.com.tr\/wp-content\/uploads\/2018\/05\/ahsap-parke2-1024x751.jpg 1024w, https:\/\/www.calisirlarormanurunleri.com.tr\/wp-content\/uploads\/2018\/05\/ahsap-parke2-300x220.jpg 300w, https:\/\/www.calisirlarormanurunleri.com.tr\/wp-content\/uploads\/2018\/05\/ahsap-parke2-768x564.jpg 768w, https:\/\/www.calisirlarormanurunleri.com.tr\/wp-content\/uploads\/2018\/05\/ahsap-parke2-370x271.jpg 370w, https:\/\/www.calisirlarormanurunleri.com.tr\/wp-content\/uploads\/2018\/05\/ahsap-parke2-1200x880.jpg 1200w, https:\/\/www.calisirlarormanurunleri.com.tr\/wp-content\/uploads\/2018\/05\/ahsap-parke2-360x264.jpg 360w, https:\/\/www.calisirlarormanurunleri.com.tr\/wp-content\/uploads\/2018\/05\/ahsap-parke2-600x440.jpg 600w, https:\/\/www.calisirlarormanurunleri.com.tr\/wp-content\/uploads\/2018\/05\/ahsap-parke2.jpg 1938w\" sizes=\"auto, (max-width: 967px) 100vw, 967px\" \/><\/div><\/div>[\/vc_column][vc_column width=&#187;1\/2&#8243;]<h1 class='heading-left  divider-modern' ><span>\u0438\u0440\u043e\u043a\u043e<\/span><\/h1><div class='images-comparison__container  '><div class='images-comparison' data-default_offset_pct='1.0' data-orientation='horizontal' data-before_label='D\u00f6\u015fenmi\u015f Halini G\u00f6rmek \u0130\u00e7in Oku Kayd\u0131r\u0131n\u0131z' data-el_css=''><img loading=\"lazy\" decoding=\"async\" width=\"800\" height=\"586\" src=\"https:\/\/www.calisirlarormanurunleri.com.tr\/wp-content\/uploads\/2018\/05\/p1.jpg\" class=\"attachment-large size-large\" alt=\"\" srcset=\"https:\/\/www.calisirlarormanurunleri.com.tr\/wp-content\/uploads\/2018\/05\/p1.jpg 800w, https:\/\/www.calisirlarormanurunleri.com.tr\/wp-content\/uploads\/2018\/05\/p1-300x220.jpg 300w, https:\/\/www.calisirlarormanurunleri.com.tr\/wp-content\/uploads\/2018\/05\/p1-768x563.jpg 768w, https:\/\/www.calisirlarormanurunleri.com.tr\/wp-content\/uploads\/2018\/05\/p1-370x271.jpg 370w, https:\/\/www.calisirlarormanurunleri.com.tr\/wp-content\/uploads\/2018\/05\/p1-360x264.jpg 360w, https:\/\/www.calisirlarormanurunleri.com.tr\/wp-content\/uploads\/2018\/05\/p1-600x440.jpg 600w\" sizes=\"auto, (max-width: 800px) 100vw, 800px\" \/><img loading=\"lazy\" decoding=\"async\" width=\"967\" height=\"709\" src=\"https:\/\/www.calisirlarormanurunleri.com.tr\/wp-content\/uploads\/2018\/05\/ahsap-parke1-1024x751.jpg\" class=\"attachment-large size-large\" alt=\"\" srcset=\"https:\/\/www.calisirlarormanurunleri.com.tr\/wp-content\/uploads\/2018\/05\/ahsap-parke1-1024x751.jpg 1024w, https:\/\/www.calisirlarormanurunleri.com.tr\/wp-content\/uploads\/2018\/05\/ahsap-parke1-300x220.jpg 300w, https:\/\/www.calisirlarormanurunleri.com.tr\/wp-content\/uploads\/2018\/05\/ahsap-parke1-768x564.jpg 768w, https:\/\/www.calisirlarormanurunleri.com.tr\/wp-content\/uploads\/2018\/05\/ahsap-parke1-370x271.jpg 370w, https:\/\/www.calisirlarormanurunleri.com.tr\/wp-content\/uploads\/2018\/05\/ahsap-parke1-1200x880.jpg 1200w, https:\/\/www.calisirlarormanurunleri.com.tr\/wp-content\/uploads\/2018\/05\/ahsap-parke1-360x264.jpg 360w, https:\/\/www.calisirlarormanurunleri.com.tr\/wp-content\/uploads\/2018\/05\/ahsap-parke1-600x440.jpg 600w, https:\/\/www.calisirlarormanurunleri.com.tr\/wp-content\/uploads\/2018\/05\/ahsap-parke1.jpg 1938w\" sizes=\"auto, (max-width: 967px) 100vw, 967px\" \/><\/div><\/div>[\/vc_column][\/vc_row]<\/p>","protected":false},"excerpt":{"rendered":"<p>[vc_row full_width=&#187;stretch_row_content_no_spaces&#187; gap=&#187;15&#8243;][vc_column width=&#187;2\/3&#8243;][\/vc_column][vc_column width=&#187;1\/3&#8243;][\/vc_column][\/vc_row][vc_row][vc_column][vc_empty_space][\/vc_column][\/vc_row][vc_row gap=&#187;15&#8243; equal_height=&#187;yes&#187;][vc_column width=&#187;1\/2&#8243;][\/vc_column][vc_column width=&#187;1\/2&#8243;][\/vc_column][\/vc_row][vc_row gap=&#187;15&#8243; equal_height=&#187;yes&#187;][vc_column width=&#187;1\/2&#8243;][\/vc_column][vc_column width=&#187;1\/2&#8243;][\/vc_column][\/vc_row][vc_row gap=&#187;15&#8243; equal_height=&#187;yes&#187;][vc_column width=&#187;1\/2&#8243;][\/vc_column][vc_column width=&#187;1\/2&#8243;][\/vc_column][\/vc_row][vc_row gap=&#187;15&#8243; equal_height=&#187;yes&#187;][vc_column width=&#187;1\/2&#8243;][\/vc_column][vc_column width=&#187;1\/2&#8243;][\/vc_column][\/vc_row][vc_row gap=&#187;15&#8243; equal_height=&#187;yes&#187;][vc_column width=&#187;1\/2&#8243;][\/vc_column][vc_column width=&#187;1\/2&#8243;][\/vc_column][\/vc_row]<\/p>\n","protected":false},"author":1,"featured_media":0,"parent":0,"menu_order":0,"comment_status":"closed","ping_status":"closed","template":"","meta":{"footnotes":""},"class_list":["post-2221","page","type-page","status-publish","hentry"],"aioseo_notices":[],"_links":{"self":[{"href":"https:\/\/www.calisirlarormanurunleri.com.tr\/ru\/wp-json\/wp\/v2\/pages\/2221","targetHints":{"allow":["GET"]}}],"collection":[{"href":"https:\/\/www.calisirlarormanurunleri.com.tr\/ru\/wp-json\/wp\/v2\/pages"}],"about":[{"href":"https:\/\/www.calisirlarormanurunleri.com.tr\/ru\/wp-json\/wp\/v2\/types\/page"}],"author":[{"embeddable":true,"href":"https:\/\/www.calisirlarormanurunleri.com.tr\/ru\/wp-json\/wp\/v2\/users\/1"}],"replies":[{"embeddable":true,"href":"https:\/\/www.calisirlarormanurunleri.com.tr\/ru\/wp-json\/wp\/v2\/comments?post=2221"}],"version-history":[{"count":4,"href":"https:\/\/www.calisirlarormanurunleri.com.tr\/ru\/wp-json\/wp\/v2\/pages\/2221\/revisions"}],"predecessor-version":[{"id":2225,"href":"https:\/\/www.calisirlarormanurunleri.com.tr\/ru\/wp-json\/wp\/v2\/pages\/2221\/revisions\/2225"}],"wp:attachment":[{"href":"https:\/\/www.calisirlarormanurunleri.com.tr\/ru\/wp-json\/wp\/v2\/media?parent=2221"}],"curies":[{"name":"wp","href":"https:\/\/api.w.org\/{rel}","templated":true}]}}