{"id":5,"date":"2014-11-11T11:09:47","date_gmt":"2014-11-11T11:09:47","guid":{"rendered":"http:\/\/anpsthemes.com\/constructo\/?page_id=5"},"modified":"2018-06-12T08:30:48","modified_gmt":"2018-06-12T05:30:48","slug":"home","status":"publish","type":"page","link":"https:\/\/www.calisirlarormanurunleri.com.tr\/en\/","title":{"rendered":"Home"},"content":{"rendered":"<p>[vc_row][vc_column][\/vc_column][\/vc_row][vc_row has_content=&#8221;true&#8221;][vc_column][rev_slider_vc alias=&#8221;eng&#8221;][\/vc_column][\/vc_row][vc_row full_width=&#8221;stretch_row_content&#8221; has_content=&#8221;true&#8221; css=&#8221;.vc_custom_1526424657216{background-color: #b53c17 !important;}&#8221;][vc_column][\/vc_column][\/vc_row][vc_row full_width=&#8221;stretch_row&#8221; css=&#8221;.vc_custom_1526255501037{background-color: #ededed !important;}&#8221;][vc_column width=&#8221;1\/2&#8243;][vc_empty_space]<div class=\"video-wrapper\"><iframe loading=\"lazy\" src=\"https:\/\/www.youtube.com\/embed\/Eoyvpc7gniY?wmode=transparent\" width=\"1280\" height=\"315\" style=\"border: none !important\"><\/iframe><\/div>[\/vc_column][vc_column width=&#8221;1\/2&#8243;][vc_empty_space]<h2 class='heading-left  divider-sm' ><span>\u201c FROM GENERATION TO GENERATION EXPERIENCE, ETHICS AND MORAL VALUES \u201d<\/span><\/h2>[vc_column_text]\u00c7al\u0131\u015f\u0131rlar Wood Products Co. has grown as a family company from father to sons over the last century in the veneer and timber trading world.<\/p>\n<p>In 1993 company has extended the line of products to cover;\u00a0<strong>NATURAL WOOD VENEER\u00a0\u00a0<\/strong>and\u00a0<strong>INDUSTRIAL<\/strong>\u00a0<strong>WOOD VENEER<\/strong>. In the year 2007 a modern factory has been built in TORBALI\/\u0130ZM\u0130R, on company owned land to produce VENEERED MDF and VENEERED CHIPBOARD within the international production standards and norms. Later a new generation parquet line &#8216;<strong>&#8216; CWP CLICKED WOOD PARQUET&#8217;<\/strong>&#8216; has been added to production facilities and the factory area been enlarged to 11000 m2. The company over the years has received high respect from the business world by being always fair and honest in the business relations.<\/p>\n<p><strong>Cal\u0131s\u0131rlar Forest Products Co\u00a0<\/strong>\u0131s continuing to serve the customers all over the world with the principle of\u00a0<strong>\u2018\u2019high quality product and good service\u2019\u2019\u2026<\/strong>\u00a0The production procedures are step by step controlled by the experts\u00a0 to provide the continuation of the high quality throughout until the completion of the process. Cal\u0131s\u0131rlar Co.has received a very valuable respect and gained a reputation by being always honest and fair in the business relations in addition to having high moral values..<\/p>\n<p><strong>WE ALWAYS WISH TO BUILD A VERY LONG TERM RELATIONS WITH OUR BUSINESS PARTNERS.<\/strong>[\/vc_column_text][\/vc_column][\/vc_row][vc_row full_width=&#8221;stretch_row&#8221; has_content=&#8221;true&#8221; css=&#8221;.vc_custom_1526295414018{background-color: #f2f2f2 !important;}&#8221;][vc_column]<h3 class='heading-middle  style-1' ><span><\/span><\/h3>[vc_row_inner css=&#8221;.vc_custom_1527653565897{background-image: url(http:\/\/www.calisirlarormanurunleri.com.tr\/giris\/wp-content\/uploads\/2018\/05\/belge.png?id=2066) !important;background-position: center !important;background-repeat: no-repeat !important;background-size: cover !important;}&#8221;][vc_column_inner width=&#8221;5\/12&#8243;][vc_empty_space]<h1 class='heading-middle  divider-modern' ><span>OUR DOCUMENTS<\/span><\/h1>[\/vc_column_inner][vc_column_inner width=&#8221;1\/6&#8243;][vc_single_image image=&#8221;1569&#8243; img_size=&#8221;full&#8221;][\/vc_column_inner][vc_column_inner width=&#8221;1\/6&#8243;][vc_single_image image=&#8221;2014&#8243; img_size=&#8221;full&#8221;][\/vc_column_inner][\/vc_row_inner][vc_empty_space][\/vc_column][\/vc_row][vc_row full_width=&#8221;stretch_row&#8221; css=&#8221;.vc_custom_1526295388068{margin-bottom: 50px !important;background-color: #f2f2f2 !important;}&#8221;][vc_column width=&#8221;1\/3&#8243;][vc_row_inner][vc_column_inner width=&#8221;1\/2&#8243;][vc_single_image image=&#8221;1574&#8243; img_size=&#8221;full&#8221; onclick=&#8221;link_image&#8221;][vc_single_image image=&#8221;1575&#8243; img_size=&#8221;full&#8221; onclick=&#8221;link_image&#8221;][\/vc_column_inner][vc_column_inner width=&#8221;1\/2&#8243;][vc_single_image image=&#8221;1575&#8243; img_size=&#8221;full&#8221; onclick=&#8221;link_image&#8221;][vc_single_image image=&#8221;1574&#8243; img_size=&#8221;full&#8221; onclick=&#8221;link_image&#8221;][\/vc_column_inner][\/vc_row_inner][vc_row_inner css=&#8221;.vc_custom_1436442814594{margin-top: -34px !important;}&#8221;][vc_column_inner]<h5 class='heading-left  style-1' ><span>Testimonial<\/span><\/h5>[vc_column_text]\u0130ZM\u0130R TRADE AND TAXATION DEPARTMENT[\/vc_column_text][vc_empty_space height=&#8221;20px&#8221;][vc_column_text]High Commercial Earnings We Can not Recognize We Deserve.<\/p>\n<p>Thanks to \u0130ZM\u0130R Commerce and \u0130ZM\u0130R Tax Office for seeing us worthy of this appreciation &#8230;[\/vc_column_text][\/vc_column_inner][\/vc_row_inner][\/vc_column][vc_column width=&#8221;1\/3&#8243;][vc_row_inner][vc_column_inner width=&#8221;1\/2&#8243;][vc_single_image image=&#8221;1578&#8243; img_size=&#8221;full&#8221; onclick=&#8221;link_image&#8221;][vc_single_image image=&#8221;1579&#8243; img_size=&#8221;full&#8221; onclick=&#8221;link_image&#8221;][\/vc_column_inner][vc_column_inner width=&#8221;1\/2&#8243;][vc_single_image image=&#8221;1579&#8243; img_size=&#8221;full&#8221; onclick=&#8221;link_image&#8221;][vc_single_image image=&#8221;1578&#8243; img_size=&#8221;full&#8221; onclick=&#8221;link_image&#8221;][\/vc_column_inner][\/vc_row_inner][vc_row_inner css=&#8221;.vc_custom_1436442826040{margin-top: -34px !important;}&#8221;][vc_column_inner]<h5 class='heading-left  style-1' ><span>SUCCESS ISSUE<\/span><\/h5>[vc_column_text]<strong>AEGEAN REGION CHAMBER OF INDUSTRY<\/strong>[\/vc_column_text][vc_empty_space height=&#8221;20px&#8221;][vc_column_text]Our success documents that we deserve as the result of the highest investment realized &#8230;<\/p>\n<p>We would like to express our gratitude to\u00a0<strong>AEGEAN REGION CHAMBER OF INDUSTRY<\/strong> who has been awarded to us.[\/vc_column_text][\/vc_column_inner][\/vc_row_inner][\/vc_column][vc_column width=&#8221;1\/3&#8243;][vc_row_inner][vc_column_inner width=&#8221;1\/2&#8243;][vc_single_image image=&#8221;1965&#8243; img_size=&#8221;full&#8221; style=&#8221;vc_box_shadow_3d&#8221; onclick=&#8221;link_image&#8221;][\/vc_column_inner][vc_column_inner width=&#8221;1\/2&#8243;][vc_single_image image=&#8221;1967&#8243; img_size=&#8221;full&#8221; style=&#8221;vc_box_shadow_3d&#8221; onclick=&#8221;link_image&#8221;][\/vc_column_inner][\/vc_row_inner]<h5 class='heading-left  style-1' ><span>Our Trademark<\/span><\/h5>[vc_column_text]TURKISH PATENT INSTITUTE &amp; ISO 9001[\/vc_column_text][vc_empty_space height=&#8221;20px&#8221;][vc_column_text]Our company which always targets quality has crowned its name with our brand document &#8230;[\/vc_column_text][\/vc_column][\/vc_row]<\/p>","protected":false},"excerpt":{"rendered":"<p>[vc_row][vc_column][\/vc_column][\/vc_row][vc_row has_content=&#8221;true&#8221;][vc_column][rev_slider_vc alias=&#8221;eng&#8221;][\/vc_column][\/vc_row][vc_row full_width=&#8221;stretch_row_content&#8221; has_content=&#8221;true&#8221; css=&#8221;.vc_custom_1526424657216{background-color: #b53c17 !important;}&#8221;][vc_column][\/vc_column][\/vc_row][vc_row full_width=&#8221;stretch_row&#8221; css=&#8221;.vc_custom_1526255501037{background-color: #ededed !important;}&#8221;][vc_column width=&#8221;1\/2&#8243;][vc_empty_space][\/vc_column][vc_column width=&#8221;1\/2&#8243;][vc_empty_space][vc_column_text]\u00c7al\u0131\u015f\u0131rlar Wood Products Co. has grown as a family company from father to sons over the last century in the veneer and timber trading world. In 1993&#8230;<\/p>\n","protected":false},"author":1,"featured_media":0,"parent":0,"menu_order":0,"comment_status":"open","ping_status":"open","template":"","meta":{"footnotes":""},"class_list":["post-5","page","type-page","status-publish","hentry"],"aioseo_notices":[],"_links":{"self":[{"href":"https:\/\/www.calisirlarormanurunleri.com.tr\/en\/wp-json\/wp\/v2\/pages\/5","targetHints":{"allow":["GET"]}}],"collection":[{"href":"https:\/\/www.calisirlarormanurunleri.com.tr\/en\/wp-json\/wp\/v2\/pages"}],"about":[{"href":"https:\/\/www.calisirlarormanurunleri.com.tr\/en\/wp-json\/wp\/v2\/types\/page"}],"author":[{"embeddable":true,"href":"https:\/\/www.calisirlarormanurunleri.com.tr\/en\/wp-json\/wp\/v2\/users\/1"}],"replies":[{"embeddable":true,"href":"https:\/\/www.calisirlarormanurunleri.com.tr\/en\/wp-json\/wp\/v2\/comments?post=5"}],"version-history":[{"count":342,"href":"https:\/\/www.calisirlarormanurunleri.com.tr\/en\/wp-json\/wp\/v2\/pages\/5\/revisions"}],"predecessor-version":[{"id":2415,"href":"https:\/\/www.calisirlarormanurunleri.com.tr\/en\/wp-json\/wp\/v2\/pages\/5\/revisions\/2415"}],"wp:attachment":[{"href":"https:\/\/www.calisirlarormanurunleri.com.tr\/en\/wp-json\/wp\/v2\/media?parent=5"}],"curies":[{"name":"wp","href":"https:\/\/api.w.org\/{rel}","templated":true}]}}