{"id":1438,"date":"2018-04-19T23:05:53","date_gmt":"2018-04-19T20:05:53","guid":{"rendered":"http:\/\/gelecekmedya.com\/calisir2\/?page_id=1438"},"modified":"2018-04-19T23:06:30","modified_gmt":"2018-04-19T20:06:30","slug":"cv","status":"publish","type":"page","link":"https:\/\/www.calisirlarormanurunleri.com.tr\/en\/cv\/","title":{"rendered":"cv"},"content":{"rendered":"<div style=\"display:none\" class=\"fm-form-container fm-theme1\"><div id=\"fm-pages6\" class=\"fm-pages wdform_page_navigation \" show_title=\"\" show_numbers=\"1\" type=\"none\"><\/div><form name=\"form6\" action=\"\/en\/wp-json\/wp\/v2\/pages\/1438\" method=\"post\" id=\"form6\" class=\"fm-form form6  \" enctype=\"multipart\/form-data\"><input type=\"hidden\" id=\"fm_page_id6\" value=\"1438\" name=\"fm_page_id6\" \/><input type=\"hidden\" id=\"fm_current_post_type6\" value=\"page\" name=\"fm_current_post_type6\" \/><input type=\"hidden\" id=\"counter6\" value=\"8\" name=\"counter6\" \/><input type=\"hidden\" id=\"Itemid6\" value=\"\" name=\"Itemid6\" \/><input type=\"hidden\" id=\"fm_shake6\" value=\"1\" name=\"fm_shake6\" \/><input type=\"text\" class=\"fm-hide\" id=\"fm_empty_field_validation6\" value=\"\" name=\"fm_empty_field_validation6\" data-value=\"bd736efb144d599cf463541431fbf5c4\" \/><div class=\"wdform-page-and-images\"><div id=\"6form_view1\" class=\"wdform_page\" page_title=\"Untitled page\" next_title=\"Next\" next_type=\"text\" next_class=\"wdform-page-button\" next_checkable=\"false\" previous_title=\"Previous\" previous_type=\"text\" previous_class=\"wdform-page-button\" previous_checkable=\"false\"><div class=\"wdform_section\"><div class=\"wdform_column\"><div wdid=\"2\" class=\"wdform_row\"><div type=\"type_name\" class=\"wdform-field wd-width-100 wd-flex wd-flex-column fm-type_name\" ><div class=\"wdform-label-section wd-width-100  wd-flex-row\">    <label  for=\"wdform_2_element_first6\" class=\"wdform-label\">\u0130sim<\/label><span class=\"wdform-required\">*<\/span><\/div><div class=\"wdform-element-section wd-flex  wd-flex-row wd-width-100\" ><div class=\"wd-flex wd-flex-column wd-width-50\"><input type=\"text\" class=\"wd-width-100\" id=\"wdform_2_element_first6\" name=\"wdform_2_element_first6\" data-value=\"\" value=\"\" title=\"Ad\u0131n\u0131z\" placeholder=\"Ad\u0131n\u0131z\"  \/><label class=\"mini_label\" for=\"wdform_2_element_first6\">First<\/label><\/div><div class=\"wd-flex wd-flex-column wd-name-separator\"><\/div><div class=\"wd-flex wd-flex-column wd-width-50\"><input type=\"text\" class=\"wd-width-100\" id=\"wdform_2_element_last6\" name=\"wdform_2_element_last6\" data-value=\"\" value=\"\" title=\"Soyad\u0131n\u0131z\" placeholder=\"Soyad\u0131n\u0131z\"  \/><label class=\"mini_label\" for=\"wdform_2_element_last6\">Last<\/label><\/div><\/div><\/div><\/div><div wdid=\"3\" class=\"wdform_row\" style=\"position: relative; left: 0px; top: 0px;\"><div type=\"type_submitter_mail\" class=\"wdform-field wd-width-100 wd-flex wd-flex-column fm-type_submitter_mail\" ><div class=\"wdform-label-section wd-width-100  wd-flex-row\" style=\"max-width: 10px;\">    <label  for=\"wdform_3_element6\" class=\"wdform-label\">Email<\/label><span class=\"wdform-required\">*<\/span><\/div><div class=\"wdform-element-section wd-flex  wd-flex-row wd-width-100\" ><input type=\"text\" class=\"wd-width-100\" id=\"wdform_3_element6\" name=\"wdform_3_element6\" data-value=\"\" value=\"\" title=\"\" placeholder=\"\"   onchange=\"wd_check_email('3', '6', 'This is not a valid email address.')\" \/><\/div><\/div><\/div><div wdid=\"6\" class=\"wdform_row\"><div type=\"type_checkbox\" class=\"wdform-field wd-width-100 wd-flex wd-flex-column fm-type_checkbox\" ><div class=\"wdform-label-section wd-width-100  wd-flex-wrap wd-flex-row\">    <label  class=\"wdform-label\">Cinsiyetiniz<\/label><span class=\"wdform-required\">*<\/span><\/div><div class=\"wdform-element-section wd-flex  wd-flex-wrap wd-flex-row wd-width-100\" ><div class=\"wd-flex wd-flex-row\"><input type=\"hidden\" name=\"wdform_6_element6\" value=\"\" \/><div class=\"checkbox-div wd-choice wd-flex wd-flex-row\"><input type=\"checkbox\"  id=\"wdform_6_element60\" name=\"wdform_6_element60\" value=\"Bay\"    \/><label class=\"wd-align-items-center wd-flex wd-flex-row\" for=\"wdform_6_element60\"><span><\/span>Bay<\/label><\/div><div class=\"checkbox-div wd-choice wd-flex wd-flex-row\"><input type=\"checkbox\"  id=\"wdform_6_element61\" name=\"wdform_6_element61\" value=\"Bayan\"    \/><label class=\"wd-align-items-center wd-flex wd-flex-row\" for=\"wdform_6_element61\"><span><\/span>Bayan<\/label><\/div><\/div><\/div><\/div><\/div><div wdid=\"1\" class=\"wdform_row\" style=\"position: relative; left: 0px; top: 0px;\"><div type=\"type_submit_reset\" class=\"wdform-field wd-width-100 wd-flex wd-flex-column fm-type_submit_reset\" ><div class=\"wdform-element-section wd-flex  wd-flex-row wd-justify-content-left wd-width-100\" ><button  type=\"button\" class=\"button-submit\" onclick=\"fm_submit_form('6');\"  data-ajax=\"0\"><span class=\"fm-submit-loading spinner fm-ico-spinner\"><\/span>G\u00f6nder<\/button><button  type=\"button\" class=\"button-reset \" onclick=\"fm_reset_form(6);\" >Formu Temizle<\/button><\/div><\/div><\/div><\/div><div class=\"wdform_column\"><div wdid=\"5\" class=\"wdform_row\" style=\"position: relative; left: 0px; top: 0px;\"><div type=\"type_phone_new\" class=\"wdform-field wd-width-100 wd-flex wd-flex-column fm-type_phone_new\" ><div class=\"wdform-label-section wd-width-100 \">    <label  for=\"wdform_5_element6\" class=\"wdform-label\">Telefon<\/label><span class=\"wdform-required\">*<\/span><\/div><div class=\"wdform-element-section wd-flex  wd-width-100\" ><input type=\"text\"                       class=\"wd-width-100\"                       id=\"wdform_5_element6\"                       name=\"wdform_5_element6\"                       value=\"\"                       data-value=\"\"                       placeholder=\"\"  \/><\/div><\/div><\/div><div wdid=\"4\" class=\"wdform_row\" style=\"position: relative; left: 0px; top: 0px;\"><div type=\"type_date_fields\" class=\"wdform-field wd-width-100 wd-flex wd-flex-column fm-type_date_fields\" ><div class=\"wdform-label-section wd-width-100 wdform_date_fields wd-flex-row\">    <label  for=\"wdform_4_day6\" class=\"wdform-label\">Do\u011fum Tarihiniz ( G\u00fcn \/ Ay \/ Y\u0131l)<\/label><span class=\"wdform-required\">*<\/span><\/div><div class=\"wdform-element-section wd-flex wdform_date_fields wd-flex-row wd-width-100\" ><div class=\"wd-flex wd-flex-row wd-width-100 wd-align-items\"><div class=\"wd-flex wd-flex-column\"><select id=\"wdform_4_day6\" name=\"wdform_4_day6\" class=\"wdform_select_day\" style=\"width: 60px;\" ><option value=\"\"><\/option><option value=\"01\" >01<\/option><option value=\"02\" >02<\/option><option value=\"03\" >03<\/option><option value=\"04\" >04<\/option><option value=\"05\" >05<\/option><option value=\"06\" >06<\/option><option value=\"07\" >07<\/option><option value=\"08\" >08<\/option><option value=\"09\" >09<\/option><option value=\"10\" >10<\/option><option value=\"11\" >11<\/option><option value=\"12\" >12<\/option><option value=\"13\" >13<\/option><option value=\"14\" >14<\/option><option value=\"15\" >15<\/option><option value=\"16\" >16<\/option><option value=\"17\" >17<\/option><option value=\"18\" >18<\/option><option value=\"19\" >19<\/option><option value=\"20\" >20<\/option><option value=\"21\" >21<\/option><option value=\"22\" >22<\/option><option value=\"23\" >23<\/option><option value=\"24\" >24<\/option><option value=\"25\" >25<\/option><option value=\"26\" >26<\/option><option value=\"27\" >27<\/option><option value=\"28\" >28<\/option><option value=\"29\" >29<\/option><option value=\"30\" >30<\/option><option value=\"31\" >31<\/option><\/select><label for=\"wdform_4_day6\" class=\"mini_label\">day<\/label><\/div><span class=\"wdform_separator\"><\/span><div class=\"wd-flex wd-flex-column\"><select id=\"wdform_4_month6\" name=\"wdform_4_month6\" class=\"wdform_select_month\" style=\"width: 100px;\" ><option value=\"\"><\/option><option value=\"01\"   >January<\/option><option value=\"02\" >February<\/option><option value=\"03\" >March<\/option><option value=\"04\"  >April<\/option><option value=\"05\"  >May<\/option><option value=\"06\"  >June<\/option><option value=\"07\"  >July<\/option><option value=\"08\"  >August<\/option><option value=\"09\"  >September<\/option><option value=\"10\"  >October<\/option><option value=\"11\" >November<\/option><option value=\"12\"  >December<\/option><\/select><label for=\"wdform_4_month6\" class=\"mini_label\">month<\/label><\/div><span class=\"wdform_separator\"><\/span><div class=\"wd-flex wd-flex-column\"><select id=\"wdform_4_year6\" name=\"wdform_4_year6\"  from=\"1901\" to=\"2018\" class=\"wdform_select_year\" style=\"width: 80px;\" ><option value=\"\"><\/option><option value=\"2018\" >2018<\/option><option value=\"2017\" >2017<\/option><option value=\"2016\" >2016<\/option><option value=\"2015\" >2015<\/option><option value=\"2014\" >2014<\/option><option value=\"2013\" >2013<\/option><option value=\"2012\" >2012<\/option><option value=\"2011\" >2011<\/option><option value=\"2010\" >2010<\/option><option value=\"2009\" >2009<\/option><option value=\"2008\" >2008<\/option><option value=\"2007\" >2007<\/option><option value=\"2006\" >2006<\/option><option value=\"2005\" >2005<\/option><option value=\"2004\" >2004<\/option><option value=\"2003\" >2003<\/option><option value=\"2002\" >2002<\/option><option value=\"2001\" >2001<\/option><option value=\"2000\" >2000<\/option><option value=\"1999\" >1999<\/option><option value=\"1998\" >1998<\/option><option value=\"1997\" >1997<\/option><option value=\"1996\" >1996<\/option><option value=\"1995\" >1995<\/option><option value=\"1994\" >1994<\/option><option value=\"1993\" >1993<\/option><option value=\"1992\" >1992<\/option><option value=\"1991\" >1991<\/option><option value=\"1990\" >1990<\/option><option value=\"1989\" >1989<\/option><option value=\"1988\" >1988<\/option><option value=\"1987\" >1987<\/option><option value=\"1986\" >1986<\/option><option value=\"1985\" >1985<\/option><option value=\"1984\" >1984<\/option><option value=\"1983\" >1983<\/option><option value=\"1982\" >1982<\/option><option value=\"1981\" >1981<\/option><option value=\"1980\" >1980<\/option><option value=\"1979\" >1979<\/option><option value=\"1978\" >1978<\/option><option value=\"1977\" >1977<\/option><option value=\"1976\" >1976<\/option><option value=\"1975\" >1975<\/option><option value=\"1974\" >1974<\/option><option value=\"1973\" >1973<\/option><option value=\"1972\" >1972<\/option><option value=\"1971\" >1971<\/option><option value=\"1970\" >1970<\/option><option value=\"1969\" >1969<\/option><option value=\"1968\" >1968<\/option><option value=\"1967\" >1967<\/option><option value=\"1966\" >1966<\/option><option value=\"1965\" >1965<\/option><option value=\"1964\" >1964<\/option><option value=\"1963\" >1963<\/option><option value=\"1962\" >1962<\/option><option value=\"1961\" >1961<\/option><option value=\"1960\" >1960<\/option><option value=\"1959\" >1959<\/option><option value=\"1958\" >1958<\/option><option value=\"1957\" >1957<\/option><option value=\"1956\" >1956<\/option><option value=\"1955\" >1955<\/option><option value=\"1954\" >1954<\/option><option value=\"1953\" >1953<\/option><option value=\"1952\" >1952<\/option><option value=\"1951\" >1951<\/option><option value=\"1950\" >1950<\/option><option value=\"1949\" >1949<\/option><option value=\"1948\" >1948<\/option><option value=\"1947\" >1947<\/option><option value=\"1946\" >1946<\/option><option value=\"1945\" >1945<\/option><option value=\"1944\" >1944<\/option><option value=\"1943\" >1943<\/option><option value=\"1942\" >1942<\/option><option value=\"1941\" >1941<\/option><option value=\"1940\" >1940<\/option><option value=\"1939\" >1939<\/option><option value=\"1938\" >1938<\/option><option value=\"1937\" >1937<\/option><option value=\"1936\" >1936<\/option><option value=\"1935\" >1935<\/option><option value=\"1934\" >1934<\/option><option value=\"1933\" >1933<\/option><option value=\"1932\" >1932<\/option><option value=\"1931\" >1931<\/option><option value=\"1930\" >1930<\/option><option value=\"1929\" >1929<\/option><option value=\"1928\" >1928<\/option><option value=\"1927\" >1927<\/option><option value=\"1926\" >1926<\/option><option value=\"1925\" >1925<\/option><option value=\"1924\" >1924<\/option><option value=\"1923\" >1923<\/option><option value=\"1922\" >1922<\/option><option value=\"1921\" >1921<\/option><option value=\"1920\" >1920<\/option><option value=\"1919\" >1919<\/option><option value=\"1918\" >1918<\/option><option value=\"1917\" >1917<\/option><option value=\"1916\" >1916<\/option><option value=\"1915\" >1915<\/option><option value=\"1914\" >1914<\/option><option value=\"1913\" >1913<\/option><option value=\"1912\" >1912<\/option><option value=\"1911\" >1911<\/option><option value=\"1910\" >1910<\/option><option value=\"1909\" >1909<\/option><option value=\"1908\" >1908<\/option><option value=\"1907\" >1907<\/option><option value=\"1906\" >1906<\/option><option value=\"1905\" >1905<\/option><option value=\"1904\" >1904<\/option><option value=\"1903\" >1903<\/option><option value=\"1902\" >1902<\/option><option value=\"1901\" >1901<\/option><\/select><label for=\"wdform_4_year6\" class=\"mini_label\">year<\/label><\/div><\/div><\/div><\/div><\/div><div wdid=\"7\" class=\"wdform_row\" style=\"position: relative; left: 0px; top: 0px;\"><div type=\"type_radio\" class=\"wdform-field wd-width-100 wd-flex wd-flex-column fm-type_radio\" ><div class=\"wdform-label-section wd-width-100  wd-flex-wrap wd-flex-row\">    <label  class=\"wdform-label\">Askerli Durumu<\/label><span class=\"wdform-required\">*<\/span><\/div><div class=\"wdform-element-section wd-flex  wd-flex-wrap wd-flex-row wd-width-100\" ><div class=\"wd-flex wd-flex-row\"><input type=\"hidden\" name=\"wdform_7_element6\" value=\"\" \/><div class=\"radio-div wd-choice wd-flex wd-flex-row\"><input type=\"radio\"  id=\"wdform_7_element60\" name=\"wdform_7_element6\" value=\"Bitirdi\" onclick=\"set_default(&quot;wdform_7&quot;,&quot;0&quot;,&quot;6&quot;); \"   \/><label class=\"wd-align-items-center wd-flex wd-flex-row\" for=\"wdform_7_element60\"><span><\/span>Bitirdi<\/label><\/div><div class=\"radio-div wd-choice wd-flex wd-flex-row\"><input type=\"radio\"  id=\"wdform_7_element61\" name=\"wdform_7_element6\" value=\"Tecilli\" onclick=\"set_default(&quot;wdform_7&quot;,&quot;1&quot;,&quot;6&quot;); \"   \/><label class=\"wd-align-items-center wd-flex wd-flex-row\" for=\"wdform_7_element61\"><span><\/span>Tecilli<\/label><\/div><div class=\"radio-div wd-choice wd-flex wd-flex-row\"><input type=\"radio\"  id=\"wdform_7_element62\" name=\"wdform_7_element6\" value=\"Muaf\" onclick=\"set_default(&quot;wdform_7&quot;,&quot;2&quot;,&quot;6&quot;); \"   \/><label class=\"wd-align-items-center wd-flex wd-flex-row\" for=\"wdform_7_element62\"><span><\/span>Muaf<\/label><\/div><\/div><\/div><\/div><\/div><\/div><\/div><div valign=\"top\" class=\"wdform_footer wd-width-100\"><div class=\"wd-width-100\"><div class=\"wd-width-100 wd-table\" style=\"padding-top:10px;\"><div class=\"wd-table-group\"><div id=\"6page_nav1\" class=\"wd-table-row\"><\/div><\/div><\/div><\/div><\/div><\/div><\/div><div class=\"wdform_preload\"><\/div><input type=\"hidden\" name=\"fm-current-page\" value=\"https:\/\/www.calisirlarormanurunleri.com.tr\/en\/wp-json\/wp\/v2\/pages\/1438\" \/><\/form><\/div>\n","protected":false},"excerpt":{"rendered":"\u0130sim*FirstLast Email* Cinsiyetiniz*BayBayanG\u00f6nderFormu Temizle Telefon* Do\u011fum Tarihiniz ( G\u00fcn \/ Ay \/ Y\u0131l)*01020304050607080910111213141516171819202122232425262728293031dayJanuaryFebruaryMarchAprilMayJuneJulyAugustSeptemberOctoberNovemberDecembermonth2018201720162015201420132012201120102009200820072006200520042003200220012000199919981997199619951994199319921991199019891988198719861985198419831982198119801979197819771976197519741973197219711970196919681967196619651964196319621961196019591958195719561955195419531952195119501949194819471946194519441943194219411940193919381937193619351934193319321931193019291928192719261925192419231922192119201919191819171916191519141913191219111910190919081907190619051904190319021901year Askerli Durumu*BitirdiTecilliMuaf","protected":false},"author":1,"featured_media":0,"parent":0,"menu_order":0,"comment_status":"closed","ping_status":"closed","template":"","meta":{"footnotes":""},"class_list":["post-1438","page","type-page","status-publish","hentry"],"aioseo_notices":[],"_links":{"self":[{"href":"https:\/\/www.calisirlarormanurunleri.com.tr\/en\/wp-json\/wp\/v2\/pages\/1438","targetHints":{"allow":["GET"]}}],"collection":[{"href":"https:\/\/www.calisirlarormanurunleri.com.tr\/en\/wp-json\/wp\/v2\/pages"}],"about":[{"href":"https:\/\/www.calisirlarormanurunleri.com.tr\/en\/wp-json\/wp\/v2\/types\/page"}],"author":[{"embeddable":true,"href":"https:\/\/www.calisirlarormanurunleri.com.tr\/en\/wp-json\/wp\/v2\/users\/1"}],"replies":[{"embeddable":true,"href":"https:\/\/www.calisirlarormanurunleri.com.tr\/en\/wp-json\/wp\/v2\/comments?post=1438"}],"version-history":[{"count":1,"href":"https:\/\/www.calisirlarormanurunleri.com.tr\/en\/wp-json\/wp\/v2\/pages\/1438\/revisions"}],"predecessor-version":[{"id":1439,"href":"https:\/\/www.calisirlarormanurunleri.com.tr\/en\/wp-json\/wp\/v2\/pages\/1438\/revisions\/1439"}],"wp:attachment":[{"href":"https:\/\/www.calisirlarormanurunleri.com.tr\/en\/wp-json\/wp\/v2\/media?parent=1438"}],"curies":[{"name":"wp","href":"https:\/\/api.w.org\/{rel}","templated":true}]}}