{"id":825,"date":"2018-04-15T00:57:46","date_gmt":"2018-04-14T21:57:46","guid":{"rendered":"http:\/\/gelecekmedya.com\/calisir2\/?page_id=825"},"modified":"2018-05-30T07:42:49","modified_gmt":"2018-05-30T04:42:49","slug":"ilkelerimiz","status":"publish","type":"page","link":"https:\/\/www.calisirlarormanurunleri.com.tr\/de\/ilkelerimiz\/","title":{"rendered":"Unsere Prinzipien"},"content":{"rendered":"<p>[vc_row][vc_column][vc_column_text]Eine ehrliche und zuverl\u00e4ssige Organisation sein &#8230;<\/p>\n<p>Um qualitativ hochwertige Produkte und Service zu bieten &#8230;<\/p>\n<p>Natursensibel, respektvoll und besch\u00fctzend sein &#8230;<\/p>\n<p>Arbeite hart &#8230;<\/p>\n<p>Vielseitige und vollst\u00e4ndige Kundenzufriedenheit &#8230;<\/p>\n<p>Um unser Land seri\u00f6ser zu machen und zu unserem Land beizutragen und seinen Wert, unser beispielhaftes Verhalten, unsere starken und zuverl\u00e4ssigen Beziehungen zu den Weltl\u00e4ndern zu erh\u00f6hen.<\/p>\n<p>Bei unseren langen und tief verwurzelten Werten besteht unser Hauptprinzip darin, eine solide Beziehung zu unseren Kunden aufzubauen.[\/vc_column_text][\/vc_column][\/vc_row]<\/p>","protected":false},"excerpt":{"rendered":"<p>[vc_row][vc_column][vc_column_text]Eine ehrliche und zuverl\u00e4ssige Organisation sein &#8230; Um qualitativ hochwertige Produkte und Service zu bieten &#8230; Natursensibel, respektvoll und besch\u00fctzend sein &#8230; Arbeite hart &#8230; Vielseitige und vollst\u00e4ndige Kundenzufriedenheit &#8230; Um unser Land seri\u00f6ser zu machen und zu unserem Land&#8230;<\/p>\n","protected":false},"author":1,"featured_media":0,"parent":0,"menu_order":0,"comment_status":"closed","ping_status":"closed","template":"","meta":{"footnotes":""},"class_list":["post-825","page","type-page","status-publish","hentry"],"aioseo_notices":[],"_links":{"self":[{"href":"https:\/\/www.calisirlarormanurunleri.com.tr\/de\/wp-json\/wp\/v2\/pages\/825","targetHints":{"allow":["GET"]}}],"collection":[{"href":"https:\/\/www.calisirlarormanurunleri.com.tr\/de\/wp-json\/wp\/v2\/pages"}],"about":[{"href":"https:\/\/www.calisirlarormanurunleri.com.tr\/de\/wp-json\/wp\/v2\/types\/page"}],"author":[{"embeddable":true,"href":"https:\/\/www.calisirlarormanurunleri.com.tr\/de\/wp-json\/wp\/v2\/users\/1"}],"replies":[{"embeddable":true,"href":"https:\/\/www.calisirlarormanurunleri.com.tr\/de\/wp-json\/wp\/v2\/comments?post=825"}],"version-history":[{"count":3,"href":"https:\/\/www.calisirlarormanurunleri.com.tr\/de\/wp-json\/wp\/v2\/pages\/825\/revisions"}],"predecessor-version":[{"id":1806,"href":"https:\/\/www.calisirlarormanurunleri.com.tr\/de\/wp-json\/wp\/v2\/pages\/825\/revisions\/1806"}],"wp:attachment":[{"href":"https:\/\/www.calisirlarormanurunleri.com.tr\/de\/wp-json\/wp\/v2\/media?parent=825"}],"curies":[{"name":"wp","href":"https:\/\/api.w.org\/{rel}","templated":true}]}}