{"id":823,"date":"2018-04-15T00:57:11","date_gmt":"2018-04-14T21:57:11","guid":{"rendered":"http:\/\/gelecekmedya.com\/calisir2\/?page_id=823"},"modified":"2018-05-30T07:42:05","modified_gmt":"2018-05-30T04:42:05","slug":"misyonumuz","status":"publish","type":"page","link":"https:\/\/www.calisirlarormanurunleri.com.tr\/de\/misyonumuz\/","title":{"rendered":"UNSERE AUFGABE"},"content":{"rendered":"<p>[vc_row][vc_column][vc_column_text]<\/p>\n<div class=\"wd-heading animated text-center fadeInUp\" data-animated=\"fadeInUp\">\n<p>UNSERE AUFGABE<\/p>\n<p>Durch den Einsatz modernster Produktionstechnologien, die nach Weltstandards geplant sind, sowie durch die Erneuerung unserer Anlagen und Produktlinien und die Schaffung neuer Produktgruppen entsprechend den globalen Marktanforderungen k\u00f6nnen wir unseren Kunden eine breite Palette von Produkten und Dienstleistungen anbieten, darunter &#8222;h\u00f6chste Qualit\u00e4t Produkte &#8222;und&#8220; Vielseitige, vollst\u00e4ndige Kundenzufriedenheit &#8222;Mit seinen breiten und reichen Farb- und Variationsm\u00f6glichkeiten, kann es in allen&#8220; Forest Products &#8222;Bereichen mit seinen MDF, HARTFASERPLATTE und selbstverriegelnden holzbeschichteten Holzprodukten, Gro\u00df-und Einzelhandel von nat\u00fcrliche, industrielle Beschichtungen, Kantenband und andere Arten von Waldprodukten aus verschiedenen L\u00e4ndern der Welt, um eine zuverl\u00e4ssige Marke in der M\u00f6belindustrie unseres Landes und der Welt zu schaffen.<\/p>\n<\/div>\n<p>[\/vc_column_text][\/vc_column][\/vc_row]<\/p>","protected":false},"excerpt":{"rendered":"<p>[vc_row][vc_column][vc_column_text] UNSERE AUFGABE Durch den Einsatz modernster Produktionstechnologien, die nach Weltstandards geplant sind, sowie durch die Erneuerung unserer Anlagen und Produktlinien und die Schaffung neuer Produktgruppen entsprechend den globalen Marktanforderungen k\u00f6nnen wir unseren Kunden eine breite Palette von Produkten und&#8230;<\/p>\n","protected":false},"author":1,"featured_media":0,"parent":0,"menu_order":0,"comment_status":"closed","ping_status":"closed","template":"","meta":{"footnotes":""},"class_list":["post-823","page","type-page","status-publish","hentry"],"aioseo_notices":[],"_links":{"self":[{"href":"https:\/\/www.calisirlarormanurunleri.com.tr\/de\/wp-json\/wp\/v2\/pages\/823","targetHints":{"allow":["GET"]}}],"collection":[{"href":"https:\/\/www.calisirlarormanurunleri.com.tr\/de\/wp-json\/wp\/v2\/pages"}],"about":[{"href":"https:\/\/www.calisirlarormanurunleri.com.tr\/de\/wp-json\/wp\/v2\/types\/page"}],"author":[{"embeddable":true,"href":"https:\/\/www.calisirlarormanurunleri.com.tr\/de\/wp-json\/wp\/v2\/users\/1"}],"replies":[{"embeddable":true,"href":"https:\/\/www.calisirlarormanurunleri.com.tr\/de\/wp-json\/wp\/v2\/comments?post=823"}],"version-history":[{"count":4,"href":"https:\/\/www.calisirlarormanurunleri.com.tr\/de\/wp-json\/wp\/v2\/pages\/823\/revisions"}],"predecessor-version":[{"id":1804,"href":"https:\/\/www.calisirlarormanurunleri.com.tr\/de\/wp-json\/wp\/v2\/pages\/823\/revisions\/1804"}],"wp:attachment":[{"href":"https:\/\/www.calisirlarormanurunleri.com.tr\/de\/wp-json\/wp\/v2\/media?parent=823"}],"curies":[{"name":"wp","href":"https:\/\/api.w.org\/{rel}","templated":true}]}}