{"id":821,"date":"2018-04-15T00:56:14","date_gmt":"2018-04-14T21:56:14","guid":{"rendered":"http:\/\/gelecekmedya.com\/calisir2\/?page_id=821"},"modified":"2018-05-30T07:40:39","modified_gmt":"2018-05-30T04:40:39","slug":"hakkimizda","status":"publish","type":"page","link":"https:\/\/www.calisirlarormanurunleri.com.tr\/de\/hakkimizda\/","title":{"rendered":"\u00dcber Uns"},"content":{"rendered":"<p>[vc_row][vc_column][vc_empty_space][vc_column_text]&#8220;Erfahrung, Ehrlichkeit und moralische Werte in der Form&#8220;<\/p>\n<p>\u00c7al\u0131\u015f\u0131rlar Family ist ein Unternehmen in der Tradition traditioneller Waldprodukte, die Generationen von Generation zu Generation weitergegeben haben. Im Jahr 1993 hat das Unternehmen seine Produktpalette um nat\u00fcrliche und industrielle Holzfurniersorten erweitert. Zus\u00e4tzlich zu den gesamten und Einzelhandelsverk\u00e4ufen von einheimischen und importierten Holzfurnieren im Jahr 2007, in modernen Produktionsst\u00e4tten in \u0130zmir Torbal\u0131, hat die Produktion von gestrichenen MDF und beschichteten Spanplatten in einer sehr reichen Aufstellung mit neuesten Modell Maschinen und Ausr\u00fcstungen und internationalen Produktionsstandards und Normen.<\/p>\n<p>Schlie\u00dfanlage mit Eigenentwicklung im Jahr 2010. Die T\u00fcrkei wurde auch in der ersten holzget\u00e4felten Parkettproduktion realisiert.<\/p>\n<p>\u00c7ALI\u015eIRLAR WALDPRODUKTE;<\/p>\n<p>Mit seinen erneuerten Produktionsst\u00e4tten und ausgebildeten Mitarbeitern bleibt es f\u00fcr Sie mit seinem &#8222;High Quality Product&#8220; orientierten Arbeitsverst\u00e4ndnis.<\/p>\n<p>Der Produktionsprozess wird in jeder Phase von Experten \u00fcberwacht und die Qualit\u00e4tskontrolle wird sichergestellt.<\/p>\n<p>Unsere Organisation wurde von all ihren Kunden und der Gesch\u00e4ftswelt f\u00fcr ihre ethischen Werte, Ehrlichkeit, Fair-Trade-Verst\u00e4ndnis, die sie seit vielen Jahren hat und einen sehr wertvollen Ruf gewonnen hat, respektiert.<\/p>\n<p>Wir pflegen und bauen langfristige Beziehungen mit unseren Gesch\u00e4ftspartnern und entwickeln diese Beziehung.[\/vc_column_text][\/vc_column][\/vc_row]<\/p>","protected":false},"excerpt":{"rendered":"<p>[vc_row][vc_column][vc_empty_space][vc_column_text]&#8220;Erfahrung, Ehrlichkeit und moralische Werte in der Form&#8220; \u00c7al\u0131\u015f\u0131rlar Family ist ein Unternehmen in der Tradition traditioneller Waldprodukte, die Generationen von Generation zu Generation weitergegeben haben. Im Jahr 1993 hat das Unternehmen seine Produktpalette um nat\u00fcrliche und industrielle Holzfurniersorten erweitert&#8230;.<\/p>\n","protected":false},"author":1,"featured_media":0,"parent":0,"menu_order":0,"comment_status":"closed","ping_status":"closed","template":"","meta":{"footnotes":""},"class_list":["post-821","page","type-page","status-publish","hentry"],"aioseo_notices":[],"_links":{"self":[{"href":"https:\/\/www.calisirlarormanurunleri.com.tr\/de\/wp-json\/wp\/v2\/pages\/821","targetHints":{"allow":["GET"]}}],"collection":[{"href":"https:\/\/www.calisirlarormanurunleri.com.tr\/de\/wp-json\/wp\/v2\/pages"}],"about":[{"href":"https:\/\/www.calisirlarormanurunleri.com.tr\/de\/wp-json\/wp\/v2\/types\/page"}],"author":[{"embeddable":true,"href":"https:\/\/www.calisirlarormanurunleri.com.tr\/de\/wp-json\/wp\/v2\/users\/1"}],"replies":[{"embeddable":true,"href":"https:\/\/www.calisirlarormanurunleri.com.tr\/de\/wp-json\/wp\/v2\/comments?post=821"}],"version-history":[{"count":3,"href":"https:\/\/www.calisirlarormanurunleri.com.tr\/de\/wp-json\/wp\/v2\/pages\/821\/revisions"}],"predecessor-version":[{"id":1805,"href":"https:\/\/www.calisirlarormanurunleri.com.tr\/de\/wp-json\/wp\/v2\/pages\/821\/revisions\/1805"}],"wp:attachment":[{"href":"https:\/\/www.calisirlarormanurunleri.com.tr\/de\/wp-json\/wp\/v2\/media?parent=821"}],"curies":[{"name":"wp","href":"https:\/\/api.w.org\/{rel}","templated":true}]}}