{"id":819,"date":"2018-04-15T00:54:04","date_gmt":"2018-04-14T21:54:04","guid":{"rendered":"http:\/\/gelecekmedya.com\/calisir2\/?page_id=819"},"modified":"2018-06-04T09:49:05","modified_gmt":"2018-06-04T06:49:05","slug":"kurumsal","status":"publish","type":"page","link":"https:\/\/www.calisirlarormanurunleri.com.tr\/de\/kurumsal\/","title":{"rendered":"UNSER UNTERNEHMEN"},"content":{"rendered":"<p>\t\t\t\t\t\t<style>\r\n\t\t\t\t\r\n\t\t\t\t\t#tab_container_2105 {\r\n\toverflow:hidden;\r\n\tdisplay:block;\r\n\twidth:100%;\r\n\tborder:0px solid #ddd;\r\n\tmargin-bottom:30px;\r\n\t}\r\n\r\n#tab_container_2105 .tab-content{\r\n\tpadding:20px;\r\n\tborder: 1px solid #e6e6e6 !important;\r\n\tmargin-top: 0px;\r\n\tbackground-color:#ffffff !important;\r\n\tcolor: #000000 !important;\r\n\tfont-size:14px !important;\r\n\tfont-family: sans-serif !important;\r\n\t\r\n\t\tborder: 1px solid #e6e6e6 !important;\r\n\t}\r\n#tab_container_2105 .wpsm_nav-tabs {\r\n    border-bottom: 0px solid #ddd;\r\n}\r\n#tab_container_2105 .wpsm_nav-tabs > li.active > a, #tab_container_2105 .wpsm_nav-tabs > li.active > a:hover, #tab_container_2105 .wpsm_nav-tabs > li.active > a:focus {\r\n\tcolor: #000000 !important;\r\n\tcursor: default;\r\n\tbackground-color: #ffffff !important;\r\n\tborder: 1px solid #e6e6e6 !important;\r\n}\r\n\r\n#tab_container_2105 .wpsm_nav-tabs > li > a {\r\n    margin-right: 0px !important; \r\n    line-height: 1.42857143 !important;\r\n    border: 1px solid #ca2020 !important;\r\n    border-radius: 0px 0px 0 0 !important; \r\n\tbackground-color: #dd3333 !important;\r\n\tcolor: #ffffff !important;\r\n\tpadding: 15px 18px 15px 18px !important;\r\n\ttext-decoration: none !important;\r\n\tfont-size: 18px !important;\r\n\ttext-align:center !important;\r\n\tfont-family: sans-serif !important;\r\n}\r\n#tab_container_2105 .wpsm_nav-tabs > li > a:focus {\r\noutline: 0px !important;\r\n}\r\n\r\n#tab_container_2105 .wpsm_nav-tabs > li > a:before {\r\n\tdisplay:none !important;\r\n}\r\n#tab_container_2105 .wpsm_nav-tabs > li > a:after {\r\n\tdisplay:none !important ;\r\n}\r\n#tab_container_2105 .wpsm_nav-tabs > li{\r\npadding:0px !important ;\r\nmargin:0px;\r\n}\r\n\r\n#tab_container_2105 .wpsm_nav-tabs > li > a:hover , #tab_container_2105 .wpsm_nav-tabs > li > a:focus {\r\n    color: #ffffff !important;\r\n    background-color: #dd3333 !important;\r\n\tborder: 1px solid #ca2020 !important;\r\n\t\r\n}\r\n#tab_container_2105 .wpsm_nav-tabs > li > a .fa{\r\n\r\nmargin-right:5px !important;\r\n\r\nmargin-left:5px !important;\r\n\r\n\r\n}\r\n\r\n\t\t#tab_container_2105 .wpsm_nav-tabs a{\r\n\t\t\tbackground-image: none;\r\n\t\t\tbackground-position: 0 0;\r\n\t\t\tbackground-repeat: repeat-x;\r\n\t\t}\r\n\t\t\t\r\n\r\n\r\n#tab_container_2105 .wpsm_nav-tabs > li {\r\n    float: left;\r\n    margin-bottom: -1px !important;\r\n\tmargin-right:0px !important; \r\n}\r\n\r\n\r\n#tab_container_2105 .tab-content{\r\noverflow:hidden !important;\r\n}\r\n\r\n\r\n@media (min-width: 769px) {\r\n\r\n\t#tab_container_2105 .wpsm_nav-tabs > li{\r\n\tfloat:none !important;\r\n\t\tmargin-right:-1px !important;\r\n\t\t\t}\r\n\t#tab_container_2105 .wpsm_nav-tabs{\r\n\tfloat:left !important;\r\n\tmargin:0px !important;\r\n\t}\r\n}\r\n\r\n#tab_container_2105 .wpsm_nav-tabs > li {\r\n    \t\r\n}\r\n#tab_container_2105 .wpsm_nav{\r\n\t\t\t\t\t\tmargin-right: 8px !important;\r\n\t\t\t\r\n\t\t\t\r\n\t}\r\n\r\n\r\n@media (max-width: 768px) {\r\n\t#tab_container_2105 .wpsm_nav-tabs > li {\r\n\t\t\t\t\r\n\t}\r\n\t#tab_container_2105 .wpsm_nav{\r\n\t\t\t\tmargin-bottom: 8px !important;\r\n\t\tmargin-right:0px !important;\r\n\t\tmargin-left:0px !important;\r\n\t\t\t}\r\n}\r\n\r\n\r\n\t.wpsm_nav-tabs li:before{\r\n\t\tdisplay:none !important;\r\n\t}\r\n\r\n\t@media (max-width: 768px) {\r\n\t\t\t\t\r\n\t\t\t\t.wpsm_nav-tabs{\r\n\t\t\tmargin-left:0px !important;\r\n\t\t\tmargin-right:0px !important; \r\n\t\t\t\r\n\t\t}\r\n\t\t\t\t#tab_container_2105 .wpsm_nav-tabs > li{\r\n\t\t\tfloat:none !important;\r\n\t\t}\r\n\t\t\t\r\n\t}\t\t\t\t<\/style>\r\n\t\t\t\t<div id=\"tab_container_2105\" >\r\n\t \r\n\t\t\t\t\t<ul class=\"wpsm_nav wpsm_nav-tabs\" role=\"tablist\" id=\"myTab_2105\">\r\n\t\t\t\t\t\t\t\r\n\t\t\t\t\t\t\t<li role=\"presentation\"  class=\"active\"  onclick=\"do_resize()\">\r\n\t\t\t\t\t\t\t\t<a href=\"#tabs_desc_2105_1\" aria-controls=\"tabs_desc_2105_1\" role=\"tab\" data-toggle=\"tab\">\r\n\t\t\t\t\t\t\t\t\t\r\n\t\t\t\t\t\t\t\t\t\t\t\t\t\t\t\t\t\t\r\n\t\t\t\t\t\t\t\t\t\t\t\t\t\t\t\t\t\t\r\n\t\t\t\t\t\t\t\t\t<span>\u00dcber uns<\/span>\r\n\t\t\t\t\t\t\t\t\t\r\n\t\t\t\t\t\t\t\t\t\t\t\t\t\t\t\t\t\t\r\n\t\t\t\t\t\t\t\t\t\t\t\t\t\t\t\t\t\t\t\t\t\t\t\t\t\t\t\t\t\t\t<i class=\"fa fa-angle-double-right\"><\/i> \t\t\t\t\t\t\t\t\t\t\t\t\t\t\t\t\t\t\t\t\t\r\n\t\t\t\t\t\t\t\t\t\r\n\t\t\t\t\t\t\t\t<\/a>\r\n\t\t\t\t\t\t\t<\/li>\r\n\t\t\t\t\t\t\t\r\n\t\t\t\t\t\t\t<li role=\"presentation\"  onclick=\"do_resize()\">\r\n\t\t\t\t\t\t\t\t<a href=\"#tabs_desc_2105_2\" aria-controls=\"tabs_desc_2105_2\" role=\"tab\" data-toggle=\"tab\">\r\n\t\t\t\t\t\t\t\t\t\r\n\t\t\t\t\t\t\t\t\t\t\t\t\t\t\t\t\t\t\r\n\t\t\t\t\t\t\t\t\t\t\t\t\t\t\t\t\t\t\r\n\t\t\t\t\t\t\t\t\t<span>Unsere Prinzipien<\/span>\r\n\t\t\t\t\t\t\t\t\t\r\n\t\t\t\t\t\t\t\t\t\t\t\t\t\t\t\t\t\t\r\n\t\t\t\t\t\t\t\t\t\t\t\t\t\t\t\t\t\t\t\t\t\t\t\t\t\t\t\t\t\t\t<i class=\"fa fa-angle-double-right\"><\/i> \t\t\t\t\t\t\t\t\t\t\t\t\t\t\t\t\t\t\t\t\t\r\n\t\t\t\t\t\t\t\t\t\r\n\t\t\t\t\t\t\t\t<\/a>\r\n\t\t\t\t\t\t\t<\/li>\r\n\t\t\t\t\t\t\t\r\n\t\t\t\t\t\t\t<li role=\"presentation\"  onclick=\"do_resize()\">\r\n\t\t\t\t\t\t\t\t<a href=\"#tabs_desc_2105_3\" aria-controls=\"tabs_desc_2105_3\" role=\"tab\" data-toggle=\"tab\">\r\n\t\t\t\t\t\t\t\t\t\r\n\t\t\t\t\t\t\t\t\t\t\t\t\t\t\t\t\t\t\r\n\t\t\t\t\t\t\t\t\t\t\t\t\t\t\t\t\t\t\r\n\t\t\t\t\t\t\t\t\t<span>Unternehmensziele<\/span>\r\n\t\t\t\t\t\t\t\t\t\r\n\t\t\t\t\t\t\t\t\t\t\t\t\t\t\t\t\t\t\r\n\t\t\t\t\t\t\t\t\t\t\t\t\t\t\t\t\t\t\t\t\t\t\t\t\t\t\t\t\t\t\t<i class=\"fa fa-angle-double-right\"><\/i> \t\t\t\t\t\t\t\t\t\t\t\t\t\t\t\t\t\t\t\t\t\r\n\t\t\t\t\t\t\t\t\t\r\n\t\t\t\t\t\t\t\t<\/a>\r\n\t\t\t\t\t\t\t<\/li>\r\n\t\t\t\t\t\t\t\r\n\t\t\t\t\t\t\t<li role=\"presentation\"  onclick=\"do_resize()\">\r\n\t\t\t\t\t\t\t\t<a href=\"#tabs_desc_2105_4\" aria-controls=\"tabs_desc_2105_4\" role=\"tab\" data-toggle=\"tab\">\r\n\t\t\t\t\t\t\t\t\t\r\n\t\t\t\t\t\t\t\t\t\t\t\t\t\t\t\t\t\t\r\n\t\t\t\t\t\t\t\t\t\t\t\t\t\t\t\t\t\t\r\n\t\t\t\t\t\t\t\t\t<span>Unsere Aufgabe<\/span>\r\n\t\t\t\t\t\t\t\t\t\r\n\t\t\t\t\t\t\t\t\t\t\t\t\t\t\t\t\t\t\r\n\t\t\t\t\t\t\t\t\t\t\t\t\t\t\t\t\t\t\t\t\t\t\t\t\t\t\t\t\t\t\t<i class=\"fa fa-angle-double-right\"><\/i> \t\t\t\t\t\t\t\t\t\t\t\t\t\t\t\t\t\t\t\t\t\r\n\t\t\t\t\t\t\t\t\t\r\n\t\t\t\t\t\t\t\t<\/a>\r\n\t\t\t\t\t\t\t<\/li>\r\n\t\t\t\t\t\t\t\t\t\t\t <\/ul>\r\n\r\n\t\t\t\t\t  <!-- Tab panes -->\r\n\t\t\t\t\t  <div class=\"tab-content\" id=\"tab-content_2105\">\r\n\t\t\t\t\t\t\t\t\t\t\t\t <div role=\"tabpanel\" class=\"tab-pane  in active \" id=\"tabs_desc_2105_1\">\r\n\t\t\t\t\t\t\t\t<h2 style=\"text-align: left;\">\u00dcBER UNS<\/h2>\r\n<strong>\"Von Generation zu Generation Erfahrung, Ethik und moralische Werte\"<\/strong>\r\n\r\n<strong>\u00c7al\u0131\u015f\u0131rlar Wood Products Co<\/strong> ist im letzten Jahrhundert in der Furnier- und Holzhandelswelt als Familienunternehmen vom Vater zum Sohn herangewachsen.\r\n\r\nIm Jahr 1993 hat das Unternehmen die Linie der Produkte erweitert, um zu decken; <strong>NATURHOLZ FURNIER und INDUSTRIAL HOLZ FURNIER.<\/strong> Im Jahr 2007 wurde eine moderne Fabrik in TORBALI \/ IZM\u0130R gebaut, die sich auf einem firmeneigenen Grundst\u00fcck befindet, um VENEERED MDF und VENEERED CHIPBOARD im Rahmen der internationalen Produktionsstandards und Normen zu produzieren. Sp\u00e4ter wurde eine neue Generation der Parkettlinie<strong> \"CWP CLICKED WOOD PARQUET\"<\/strong> zu den Produktionsanlagen hinzugef\u00fcgt und der Fabrikbereich auf 11.000 m2 vergr\u00f6\u00dfert. Das Unternehmen hat im Laufe der Jahre hohen Respekt von der Gesch\u00e4ftswelt erhalten, indem es immer fair und ehrlich in den Gesch\u00e4ftsbeziehungen war.\r\n\r\n<strong>Cal\u0131s\u0131rlar Forest Products Co<\/strong> setzt fort, die Kunden in der ganzen Welt mit dem Grundsatz \"Qualit\u00e4tsprodukt und guten Service\" zu dienen ... Die Produktionsverfahren werden von den Experten Schritt f\u00fcr Schritt kontrolliert, um die Kontinuit\u00e4t der hohen Qualit\u00e4t bis hin zu gew\u00e4hrleisten der Abschluss des Prozesses. Cal\u0131s\u0131rlar Co. hat einen sehr wertvollen Respekt erhalten und einen guten Ruf erlangt, indem er neben seinen hohen moralischen Werten immer ehrlich und fair in den Gesch\u00e4ftsbeziehungen war.\r\n\r\n<strong>WIR WOLLEN IMMER SEHR LANGFRISTIGE BEZIEHUNGEN ZU UNSEREN GESCH\u00c4FTSPARTNERN.<\/strong>\t\t\t\t\t\t <\/div>\r\n\t\t\t\t\t\t\t\t\t\t\t\t <div role=\"tabpanel\" class=\"tab-pane \" id=\"tabs_desc_2105_2\">\r\n\t\t\t\t\t\t\t\t<h2>UNSERE PR\u0130NZ\u0130P\u0130EN<\/h2>\r\nUm unseren Gesch\u00e4ftspartnern Qualit\u00e4tsprodukt und guten Service zu bieten ...\r\n\r\nUm die Umwelt zu respektieren und zu sch\u00fctzen ...\r\n\r\nHart arbeiten...\r\n\r\nUm unserem Land beizutragen, die finanziellen Gewinne zu erh\u00f6hen und die Werte zu verbessern, mit unseren Werken, Produkten, respektierten Einstellungen, starken und zuverl\u00e4ssigen Beziehungen mit den Kunden Tausende der Welt.\r\n\r\nZus\u00e4tzlich zu den Werten, die wir in einer sehr langen und respektvollen Vergangenheit gesammelt haben, wollen wir nicht nur mit unseren t\u00e4glich entwickelten Produkten und Dienstleistungen, sondern auch mit unseren ehrlichen und vertrauensw\u00fcrdigen Beziehungen eine bessere und bessere Zukunft schaffen ...\t\t\t\t\t\t <\/div>\r\n\t\t\t\t\t\t\t\t\t\t\t\t <div role=\"tabpanel\" class=\"tab-pane \" id=\"tabs_desc_2105_3\">\r\n\t\t\t\t\t\t\t\t<h2>UNTERNEHMENSZIELE<\/h2>\r\nUm die Werte unserer langen Vergangenheit zu verbessern und zu verbessern und um die Kundenzufriedenheit f\u00fcr die Tausenden von Kunden im ganzen Land und der Welt kontinuierlich zu entwickeln.\r\n\r\nUm den guten Service der Bereitstellung und Pr\u00e4sentation der reichsten Auswahl der Produkte mit den machbarsten und annehmbarsten Bedingungen fortzusetzen.\r\n\r\nUnser Land mit Stolz und Ehre auf den Weltm\u00e4rkten zu vertreten und mit unseren qualitativ hochwertigen neuen Produktgruppen zu konkurrieren und erfolgreich zu sein, entwickelt, um die Erwartungen der globalen Weltm\u00e4rkte zu erf\u00fcllen und in unseren erneuerten, integrierten modernen und zeitgem\u00e4\u00dfen High-Tech-Fabriken produziert zu werden .\t\t\t\t\t\t <\/div>\r\n\t\t\t\t\t\t\t\t\t\t\t\t <div role=\"tabpanel\" class=\"tab-pane \" id=\"tabs_desc_2105_4\">\r\n\t\t\t\t\t\t\t\t<h2>UNSERE AUFGABE<\/h2>\r\nIm Bereich von HOLZFURNIER, HOLZ FURNIERTE MDF, HOLZ FURNIERTE SPANGE UND HOLZ FURNIERTE CLICKED PARKETT.\r\n\r\nUm eine der f\u00fchrenden und zuverl\u00e4ssigen Marke in den M\u00f6belwaldprodukten und Bodenbelag Seltor in der T\u00fcrkei und in den globalen Weltm\u00e4rkten durch zu bilden; Die zeitgen\u00f6ssischen Produktionstechnologien verwendend, mit den weltweit anerkannten hohen Standards produzierend, den neuen Tendenzen folgend und die Erwartungen von erf\u00fcllt die Weltm\u00e4rkte, Einf\u00fchrung neuer Produkte Teams und Erhalt von konstant hoher Qualit\u00e4t, motivieren die Marketing-Kr\u00e4fte, mit dem Fokus zu arbeiten, um eine gute Beziehung mit den Kunden zur vollen Zufriedenheit zu etablieren.\t\t\t\t\t\t <\/div>\r\n\t\t\t\t\t\t\t\r\n\t\t\t\t\t <\/div>\r\n\t\t\t\t\t \r\n\t\t\t\t <\/div>\r\n <script>\r\n\t\tjQuery(function () {\r\n\t\t\tjQuery('#myTab_2105 a:first').tab('show')\r\n\t\t});\r\n\t\t\r\n\t\t\t\tjQuery(function(){\r\n\t\t\tvar b=\"fadeIn\";\r\n\t\t\tvar c;\r\n\t\t\tvar a;\r\n\t\t\td(jQuery(\"#myTab_2105 a\"),jQuery(\"#tab-content_2105\"));function d(e,f,g){\r\n\t\t\t\te.click(function(i){\r\n\t\t\t\t\ti.preventDefault();\r\n\t\t\t\t\tjQuery(this).tab(\"show\");\r\n\t\t\t\t\tvar h=jQuery(this).data(\"easein\");\r\n\t\t\t\t\tif(c){c.removeClass(a);}\r\n\t\t\t\t\tif(h){f.find(\"div.active\").addClass(\"animated \"+h);a=h;}\r\n\t\t\t\t\telse{if(g){f.find(\"div.active\").addClass(\"animated \"+g);a=g;}else{f.find(\"div.active\").addClass(\"animated \"+b);a=b;}}c=f.find(\"div.active\");\r\n\t\t\t\t});\r\n\t\t\t}\r\n\t\t});\r\n\t\t\r\n\r\n\t\tfunction do_resize(){\r\n\r\n\t\t\tvar width=jQuery( '.tab-content .tab-pane iframe' ).width();\r\n\t\t\tvar height=jQuery( '.tab-content .tab-pane iframe' ).height();\r\n\r\n\t\t\tvar toggleSize = true;\r\n\t\t\tjQuery('iframe').animate({\r\n\t\t\t    width: toggleSize ? width : 640,\r\n\t\t\t    height: toggleSize ? height : 360\r\n\t\t\t  }, 250);\r\n\r\n\t\t\t  toggleSize = !toggleSize;\r\n\t\t}\r\n\r\n\r\n\t<\/script>\r\n\t\t\t\t\r\n\t\t\t<\/p>","protected":false},"excerpt":{"rendered":"","protected":false},"author":1,"featured_media":0,"parent":0,"menu_order":0,"comment_status":"closed","ping_status":"closed","template":"","meta":{"footnotes":""},"class_list":["post-819","page","type-page","status-publish","hentry"],"aioseo_notices":[],"_links":{"self":[{"href":"https:\/\/www.calisirlarormanurunleri.com.tr\/de\/wp-json\/wp\/v2\/pages\/819","targetHints":{"allow":["GET"]}}],"collection":[{"href":"https:\/\/www.calisirlarormanurunleri.com.tr\/de\/wp-json\/wp\/v2\/pages"}],"about":[{"href":"https:\/\/www.calisirlarormanurunleri.com.tr\/de\/wp-json\/wp\/v2\/types\/page"}],"author":[{"embeddable":true,"href":"https:\/\/www.calisirlarormanurunleri.com.tr\/de\/wp-json\/wp\/v2\/users\/1"}],"replies":[{"embeddable":true,"href":"https:\/\/www.calisirlarormanurunleri.com.tr\/de\/wp-json\/wp\/v2\/comments?post=819"}],"version-history":[{"count":13,"href":"https:\/\/www.calisirlarormanurunleri.com.tr\/de\/wp-json\/wp\/v2\/pages\/819\/revisions"}],"predecessor-version":[{"id":2109,"href":"https:\/\/www.calisirlarormanurunleri.com.tr\/de\/wp-json\/wp\/v2\/pages\/819\/revisions\/2109"}],"wp:attachment":[{"href":"https:\/\/www.calisirlarormanurunleri.com.tr\/de\/wp-json\/wp\/v2\/media?parent=819"}],"curies":[{"name":"wp","href":"https:\/\/api.w.org\/{rel}","templated":true}]}}