{"id":5,"date":"2014-11-11T11:09:47","date_gmt":"2014-11-11T11:09:47","guid":{"rendered":"http:\/\/anpsthemes.com\/constructo\/?page_id=5"},"modified":"2018-06-12T08:30:48","modified_gmt":"2018-06-12T05:30:48","slug":"home","status":"publish","type":"page","link":"https:\/\/www.calisirlarormanurunleri.com.tr\/de\/","title":{"rendered":"Startseite"},"content":{"rendered":"<p>[vc_row][vc_column][\/vc_column][\/vc_row][vc_row has_content=&#8220;true&#8220;][vc_column][rev_slider_vc alias=&#8220;de&#8220;][\/vc_column][\/vc_row][vc_row full_width=&#8220;stretch_row_content&#8220; has_content=&#8220;true&#8220; css=&#8220;.vc_custom_1526424657216{background-color: #b53c17 !important;}&#8220;][vc_column][\/vc_column][\/vc_row][vc_row full_width=&#8220;stretch_row&#8220; css=&#8220;.vc_custom_1526255501037{background-color: #ededed !important;}&#8220;][vc_column width=&#8220;1\/2&#8243;][vc_empty_space]<div class=\"video-wrapper\"><iframe loading=\"lazy\" src=\"https:\/\/www.youtube.com\/embed\/Eoyvpc7gniY?wmode=transparent\" width=\"1280\" height=\"315\" style=\"border: none !important\"><\/iframe><\/div>[\/vc_column][vc_column width=&#8220;1\/2&#8243;][vc_empty_space]<h2 class='heading-left  divider-sm' ><span>&#8222;Von Generation zu Generation Erfahrung, Ethik und moralische Werte&#8220;<\/span><\/h2>[vc_column_text]<strong>\u00c7al\u0131\u015f\u0131rlar Wood Products Co<\/strong> ist im letzten Jahrhundert in der Furnier- und Holzhandelswelt als Familienunternehmen vom Vater zum Sohn herangewachsen.<\/p>\n<p>Im Jahr 1993 hat das Unternehmen die Linie der Produkte erweitert, um zu decken; <strong>NATURHOLZ FURNIER und INDUSTRIAL HOLZ FURNIER.<\/strong> Im Jahr 2007 wurde eine moderne Fabrik in TORBALI \/ IZM\u0130R gebaut, die sich auf einem firmeneigenen Grundst\u00fcck befindet, um VENEERED MDF und VENEERED CHIPBOARD im Rahmen der internationalen Produktionsstandards und Normen zu produzieren. Sp\u00e4ter wurde eine neue Generation der Parkettlinie<strong> &#8222;CWP CLICKED WOOD PARQUET&#8220;<\/strong> zu den Produktionsanlagen hinzugef\u00fcgt und der Fabrikbereich auf 11.000 m2 vergr\u00f6\u00dfert. Das Unternehmen hat im Laufe der Jahre hohen Respekt von der Gesch\u00e4ftswelt erhalten, indem es immer fair und ehrlich in den Gesch\u00e4ftsbeziehungen war.<\/p>\n<p><strong>Cal\u0131s\u0131rlar Forest Products Co<\/strong> setzt fort, die Kunden in der ganzen Welt mit dem Grundsatz &#8222;Qualit\u00e4tsprodukt und guten Service&#8220; zu dienen &#8230; Die Produktionsverfahren werden von den Experten Schritt f\u00fcr Schritt kontrolliert, um die Kontinuit\u00e4t der hohen Qualit\u00e4t bis hin zu gew\u00e4hrleisten der Abschluss des Prozesses. Cal\u0131s\u0131rlar Co. hat einen sehr wertvollen Respekt erhalten und einen guten Ruf erlangt, indem er neben seinen hohen moralischen Werten immer ehrlich und fair in den Gesch\u00e4ftsbeziehungen war.<\/p>\n<p><strong>WIR WOLLEN IMMER SEHR LANGFRISTIGE BEZIEHUNGEN ZU UNSEREN GESCH\u00c4FTSPARTNERN.<\/strong>[\/vc_column_text][\/vc_column][\/vc_row][vc_row full_width=&#8220;stretch_row&#8220; has_content=&#8220;true&#8220; css=&#8220;.vc_custom_1526295414018{background-color: #f2f2f2 !important;}&#8220;][vc_column]<h3 class='heading-middle  style-1' ><span><\/span><\/h3>[vc_row_inner css=&#8220;.vc_custom_1527654353327{background-image: url(http:\/\/www.calisirlarormanurunleri.com.tr\/giris\/wp-content\/uploads\/2018\/05\/belge.png?id=2066) !important;background-position: center !important;background-repeat: no-repeat !important;background-size: cover !important;}&#8220;][vc_column_inner width=&#8220;5\/12&#8243;][vc_empty_space]<h1 class='heading-middle  divider-modern' ><span>UNSERE DOKUMENTE<\/span><\/h1>[\/vc_column_inner][vc_column_inner width=&#8220;1\/6&#8243;][vc_single_image image=&#8220;1569&#8243; img_size=&#8220;full&#8220;][\/vc_column_inner][vc_column_inner width=&#8220;1\/6&#8243;][vc_single_image image=&#8220;2014&#8243; img_size=&#8220;full&#8220;][\/vc_column_inner][\/vc_row_inner][vc_empty_space][vc_column_text][\/vc_column_text][\/vc_column][\/vc_row][vc_row full_width=&#8220;stretch_row&#8220; css=&#8220;.vc_custom_1526295388068{margin-bottom: 50px !important;background-color: #f2f2f2 !important;}&#8220;][vc_column width=&#8220;1\/3&#8243;][vc_row_inner][vc_column_inner width=&#8220;1\/2&#8243;][vc_single_image image=&#8220;1574&#8243; img_size=&#8220;full&#8220; onclick=&#8220;link_image&#8220;][vc_single_image image=&#8220;1575&#8243; img_size=&#8220;full&#8220; onclick=&#8220;link_image&#8220;][\/vc_column_inner][vc_column_inner width=&#8220;1\/2&#8243;][vc_single_image image=&#8220;1575&#8243; img_size=&#8220;full&#8220; onclick=&#8220;link_image&#8220;][vc_single_image image=&#8220;1574&#8243; img_size=&#8220;full&#8220; onclick=&#8220;link_image&#8220;][\/vc_column_inner][\/vc_row_inner][vc_row_inner css=&#8220;.vc_custom_1436442814594{margin-top: -34px !important;}&#8220;][vc_column_inner]<h5 class='heading-left  style-1' ><span>Zeugnis<\/span><\/h5>[vc_column_text]\u0130ZM\u0130R HANDEL UND ABGABENABTEILUNG[\/vc_column_text][vc_empty_space height=&#8220;20px&#8220;][vc_column_text]Hohe kommerzielle Ertr\u00e4ge, die wir nicht erkennen k\u00f6nnen, verdienen wir.<\/p>\n<p>Danke an \u0130ZM\u0130R Commerce und an das \u0130ZM\u0130R Finanzamt, dass sie uns diese Wertsch\u00e4tzung verliehen haben &#8230;[\/vc_column_text][\/vc_column_inner][\/vc_row_inner][\/vc_column][vc_column width=&#8220;1\/3&#8243;][vc_row_inner][vc_column_inner width=&#8220;1\/2&#8243;][vc_single_image image=&#8220;1578&#8243; img_size=&#8220;full&#8220; onclick=&#8220;link_image&#8220;][vc_single_image image=&#8220;1579&#8243; img_size=&#8220;full&#8220; onclick=&#8220;link_image&#8220;][\/vc_column_inner][vc_column_inner width=&#8220;1\/2&#8243;][vc_single_image image=&#8220;1579&#8243; img_size=&#8220;full&#8220; onclick=&#8220;link_image&#8220;][vc_single_image image=&#8220;1578&#8243; img_size=&#8220;full&#8220; onclick=&#8220;link_image&#8220;][\/vc_column_inner][\/vc_row_inner][vc_row_inner css=&#8220;.vc_custom_1436442826040{margin-top: -34px !important;}&#8220;][vc_column_inner]<h5 class='heading-left  style-1' ><span>Erfolgsdokument<\/span><\/h5>[vc_column_text]AEGEAN REGION KAMMER DER INDUSTRIE[\/vc_column_text][vc_empty_space height=&#8220;20px&#8220;][vc_column_text]Unsere Erfolgsdokumente, die wir verdienen, sind das Ergebnis h\u00f6chster Investitionen &#8230;<\/p>\n<p>Wir danken der AEGEAN REGION INDUSTRY, die uns ausgezeichnet wurde.[\/vc_column_text][\/vc_column_inner][\/vc_row_inner][\/vc_column][vc_column width=&#8220;1\/3&#8243;][vc_row_inner][vc_column_inner width=&#8220;1\/2&#8243;][vc_single_image image=&#8220;1965&#8243; img_size=&#8220;full&#8220; style=&#8220;vc_box_shadow_3d&#8220; onclick=&#8220;link_image&#8220;][\/vc_column_inner][vc_column_inner width=&#8220;1\/2&#8243;][vc_single_image image=&#8220;1967&#8243; img_size=&#8220;full&#8220; style=&#8220;vc_box_shadow_3d&#8220; onclick=&#8220;link_image&#8220;][\/vc_column_inner][\/vc_row_inner]<h5 class='heading-left  style-1' ><span>Unsere Marke<\/span><\/h5>[vc_column_text]T\u00dcRKISCHES PATENTINSTITUT &amp; ISO 9001[\/vc_column_text][vc_empty_space height=&#8220;20px&#8220;][vc_column_text]Unser Unternehmen, das immer auf Qualit\u00e4t ausgerichtet ist, hat seinen Namen mit unserem Markendokument gekr\u00f6nt &#8230;[\/vc_column_text][\/vc_column][\/vc_row]<\/p>","protected":false},"excerpt":{"rendered":"<p>[vc_row][vc_column][\/vc_column][\/vc_row][vc_row has_content=&#8220;true&#8220;][vc_column][rev_slider_vc alias=&#8220;de&#8220;][\/vc_column][\/vc_row][vc_row full_width=&#8220;stretch_row_content&#8220; has_content=&#8220;true&#8220; css=&#8220;.vc_custom_1526424657216{background-color: #b53c17 !important;}&#8220;][vc_column][\/vc_column][\/vc_row][vc_row full_width=&#8220;stretch_row&#8220; css=&#8220;.vc_custom_1526255501037{background-color: #ededed !important;}&#8220;][vc_column width=&#8220;1\/2&#8243;][vc_empty_space][\/vc_column][vc_column width=&#8220;1\/2&#8243;][vc_empty_space][vc_column_text]\u00c7al\u0131\u015f\u0131rlar Wood Products Co ist im letzten Jahrhundert in der Furnier- und Holzhandelswelt als Familienunternehmen vom Vater zum Sohn herangewachsen. Im Jahr 1993 hat das Unternehmen die&#8230;<\/p>\n","protected":false},"author":1,"featured_media":0,"parent":0,"menu_order":0,"comment_status":"open","ping_status":"open","template":"","meta":{"footnotes":""},"class_list":["post-5","page","type-page","status-publish","hentry"],"aioseo_notices":[],"_links":{"self":[{"href":"https:\/\/www.calisirlarormanurunleri.com.tr\/de\/wp-json\/wp\/v2\/pages\/5","targetHints":{"allow":["GET"]}}],"collection":[{"href":"https:\/\/www.calisirlarormanurunleri.com.tr\/de\/wp-json\/wp\/v2\/pages"}],"about":[{"href":"https:\/\/www.calisirlarormanurunleri.com.tr\/de\/wp-json\/wp\/v2\/types\/page"}],"author":[{"embeddable":true,"href":"https:\/\/www.calisirlarormanurunleri.com.tr\/de\/wp-json\/wp\/v2\/users\/1"}],"replies":[{"embeddable":true,"href":"https:\/\/www.calisirlarormanurunleri.com.tr\/de\/wp-json\/wp\/v2\/comments?post=5"}],"version-history":[{"count":342,"href":"https:\/\/www.calisirlarormanurunleri.com.tr\/de\/wp-json\/wp\/v2\/pages\/5\/revisions"}],"predecessor-version":[{"id":2415,"href":"https:\/\/www.calisirlarormanurunleri.com.tr\/de\/wp-json\/wp\/v2\/pages\/5\/revisions\/2415"}],"wp:attachment":[{"href":"https:\/\/www.calisirlarormanurunleri.com.tr\/de\/wp-json\/wp\/v2\/media?parent=5"}],"curies":[{"name":"wp","href":"https:\/\/api.w.org\/{rel}","templated":true}]}}