{"id":1444,"date":"2018-04-20T02:20:48","date_gmt":"2018-04-19T23:20:48","guid":{"rendered":"http:\/\/gelecekmedya.com\/calisir2\/?page_id=1444"},"modified":"2018-06-13T14:29:52","modified_gmt":"2018-06-13T11:29:52","slug":"ahsap-parke","status":"publish","type":"page","link":"https:\/\/www.calisirlarormanurunleri.com.tr\/de\/ahsap-parke\/","title":{"rendered":"&#8211;"},"content":{"rendered":"<p>[vc_row full_width=&#8220;stretch_row_content_no_spaces&#8220;][vc_column][vc_empty_space][vc_separator border_width=&#8220;3&#8243;][vc_empty_space][\/vc_column][\/vc_row][vc_row full_width=&#8220;stretch_row_content&#8220;][vc_column width=&#8220;1\/2&#8243; css=&#8220;.vc_custom_1528073932046{margin-bottom: -800px !important;}&#8220;][vc_separator][vc_column_text]<\/p>\n<h3>CWP NATURAL HOLZ FURNIERTE CLICKED PARKETT<\/h3>\n<p>CALISIRLAR WOOD PRODUCTS CO. IST DER ERSTE UND DER EINZIGE PRODUZENT VON NAT\u00dcRLICHEM HOLZGEF\u00c4RBTEM KLARPARKETT IN DER T\u00dcRKEI WELTWEIT ANGENOMMENE QUALIT\u00c4TSSTANDARDS, MIT EINER HOHEN PRODUKTIONSKAPAZIT\u00c4T, UM DIE KONTINUIT\u00c4T DER GLEICHEN QUALIT\u00c4TSERWARTUNGEN UND DER ZEITANFORDERUNGEN GR\u00d6\u00dfERER PROJEKTE ZU ERF\u00dcLLEN. .<\/p>\n<p>MAXIMALE AUFMERKSAMKEIT AUF DIE MATERIALSICHERHEIT UND KONFORMIT\u00c4TSZERTIFIKATE SIND VON ALLEN LIEFERANTEN (CE, FSC, ETZ &#8230;) ERFORDERLICH, UM DIE EUROP\u00c4ISCHEN NORMEN F\u00dcR DIE IN DER PRODUKTION VERWENDETEN MATERIALIEN ZU ERF\u00dcLLEN.<\/p>\n<p>DAS SPEZIELLE KLICKSYSTEM MACHT DIE MONTAGE, ZEIT UND ARBEITSKOSTEN GERINGER.<\/p>\n<p>CE-ZERTIFIZIERTER PULVERKLEBER WIRD IN DER PARKETTPRODUKTION VERWENDET,<\/p>\n<p>AUF DER OBERFL\u00c4CHE 0,6 MM. NAT\u00dcRLICHE HOLZ FURNIER WIRD IN DER KUNDEN AUSGEW\u00c4HLTEN FARBE AUS EINER SEHR REICHEN KOLLEKTION AUSGEW\u00c4HLT.<\/p>\n<p>AUF ANFRAGE BIS ZU 1,5 MM PAPIER IST OBEN ANGEBAUT UND DAS BUTTOM &#8230;<\/p>\n<p>SIEBEN SCHICHTEN ULTRAVIOLETT- UND ALIMINOXID-PARKETT-LACKIERUNG WIRD ZUM SCHUTZ DER PRODUKTE GEGEN ST\u00d6CKE UND KRATZER VERWENDET.<\/p>\n<p>Mittelschicht ist &#8222;HDF&#8220; in der Dicke Palette von: 7,8 mm. Bis 11 MM.<\/p>\n<p><strong>HDF-DICHTE<\/strong>: 880-900 KG \/ M3<\/p>\n<p><strong>FINISHED PRODUCT DICKE<\/strong>: 9 MM bis 14 MM.<\/p>\n<p>ZUR BALANCE IST DIE R\u00dcCKSEITE MIT 0,6 MM FURNIERT. NATURHOLZ FURNIER (MEISTEN BUCHE ..)<\/p>\n<p><strong>L\u00c4NGE<\/strong>: 1198 MM. <strong>BREITE:<\/strong> 155 MM. <strong>DICKE:<\/strong> 9 MM \/ 11 MM. \/ 14 MM.<\/p>\n<p>&nbsp;<\/p>\n<p><strong><em>AUF ANFRAGE EXKLUSIVE FURNIERE UND SONDERFARBEN WERDEN F\u00dcR DIE PROJEKTE BER\u00dcCKSICHTIGT<\/em><\/strong><\/p>\n<p><strong><em>SOWIE DIE L\u00c4NGE UND BREITE K\u00d6NNEN ANGESETZT WERDEN &#8230;<\/em><\/strong>[\/vc_column_text][vc_empty_space][vc_single_image image=&#8220;2174&#8243; img_size=&#8220;full&#8220;][vc_empty_space][vc_separator][vc_column_text]<\/p>\n<p style=\"text-align: center;\"><strong>NEUER GENERATION NATURHOLZ FURNIERTE CLICKED PARKETT<\/strong><\/p>\n<ul>\n<li>Produziert nach den Weltstandards.<\/li>\n<li>Insgesamt Struktur und sieben Schichten K\u00f6rper macht es sehr stark und stabil gegen den starken Menschenverkehr.<\/li>\n<li>Da die Speziallackierung Isolierungen bietet, wird sie im normalen Wohn- oder B\u00fcrobereich nicht von Feuchtigkeits- und Fu\u00dfbodenheizungen beeinflusst.<\/li>\n<li>Es ist heathy, es ist nat\u00fcrliches Holz, es enth\u00e4lt keine k\u00fcnstlichen Materialien.<\/li>\n<li>Es ist nat\u00fcrliches Holz, es enth\u00e4lt keine k\u00fcnstlichen Materialien.<\/li>\n<li>Es ist ideal und \u00f6konomisch f\u00fcr die Renovierungen und den Ersatz der abgenutzten und alten B\u00f6den.<\/li>\n<li>Es ist modern, sehr \u00e4sthetisch und sehr lange verwendbar.<\/li>\n<li>Die technische Struktur der Kanten macht es sehr attraktiv und elegant.<\/li>\n<li>Sehr reich an Farbauswahl und nat\u00fcrlichem Holzdesign. Es ist zeitgen\u00f6ssisch, es spiegelt den Geschmack der heutigen Mode wider. Mit den bezaubernden Farben gibt es den Wohnbereichen Sch\u00f6nheit und W\u00e4rme.<\/li>\n<li>Es ist wirtschaftlich mit der moderaten Preisstruktur.<\/li>\n<\/ul>\n<p>[\/vc_column_text][vc_empty_space][vc_separator][vc_column_text]<\/p>\n<h3 style=\"text-align: center;\">WARUM CWP HOLZ PARKETT? :<\/h3>\n<p>Die Klick Holzparkett Systeme auf dem Markt heute, die Kanten, die die Verbindung zur Verf\u00fcgung stellen sind sehr d\u00fcnn und sehr oft werden sie w\u00e4hrend der Montage gebrochen Materialverluste verursachen, und die Zeit bricht in der Kontinuit\u00e4t der Montage, daher der Besitzer und Konstrukteur sowohl Zeit verlieren und Geld.<\/p>\n<p>Zus\u00e4tzlich werden die Parkette aufgrund der d\u00fcnnen Kanten leicht ohne \u00e4u\u00dfere Krafteinwirkung getrennt.<\/p>\n<p>Die geringf\u00fcgigen Ver\u00e4nderungen des Au\u00dfenklimas bewirken eine Dilatation und dies f\u00fchrt zu Parketttrennungen und schlie\u00dflich wird der gesamte Boden unbrauchbar.<\/p>\n<p>In Bezug auf unser firmeneigenes &#8222;Klicksystem&#8220; sind die Kanten tiefer, st\u00e4rker, gut greifbar, haltend und fest greifend, wodurch all diese unerw\u00fcnschten Effekte verhindert werden.<\/p>\n<p>Die Parketts sind gegen\u00fcber \u00e4u\u00dferen Faktoren viel widerstandsf\u00e4higer und nach der Montage werden sie zu einem festen St\u00fcck.<\/p>\n<p>Die Arbeiter erhalten leicht Hand-Know-how und sie montieren viel gr\u00f6\u00dfere Oberfl\u00e4che in einer bestimmten Zeit im Vergleich zu normalen Klick-Parkett.<\/p>\n<p>Nach der Montage sieht der Boden \u00e4sthetisch sehr ansprechend aus, da die F\u00fcgepunkte ausgezeichnet sind und die Kanten sehr gut klicken.<\/p>\n<p>Mit unseren Klickparketten haben die B\u00f6den eine lange Lebensdauer.<\/p>\n<p>Und das Parkett ist sehr stark und sehr widerstandsf\u00e4hig:<\/p>\n<p><strong>TECHNISCHE INFORMATION:<\/strong><\/p>\n<p><strong>L\u00e4nge:<\/strong> 1285 mm. <strong>Breite:<\/strong> 153 mm. <strong>Dicke:<\/strong> 11 mm. <strong>Paket Gewicht:<\/strong> 12,5 kg.<\/p>\n<p>Es gibt sieben St\u00fccke in einer Box. <strong>\u00dcberdachte Fl\u00e4che:<\/strong> 1.3762 m2[\/vc_column_text][vc_empty_space][vc_separator][\/vc_column][vc_column width=&#8220;1\/4&#8243; css=&#8220;.vc_custom_1528071419616{background-color: #c6c6c6 !important;}&#8220;][vc_tta_tabs][vc_tta_section title=&#8220;CWP &#8211; Nat\u00fcrliche Eiche&#8220; tab_id=&#8220;1527928087754-26dac0d8-246f&#8220;][vc_single_image image=&#8220;2143&#8243; img_size=&#8220;full&#8220; onclick=&#8220;link_image&#8220;][\/vc_tta_section][\/vc_tta_tabs][vc_tta_tabs][vc_tta_section title=&#8220;CWP &#8211; Wei\u00dfe Eiche&#8220; tab_id=&#8220;1527930286305-71240368-c2fd&#8220;][vc_single_image image=&#8220;2145&#8243; img_size=&#8220;full&#8220; onclick=&#8220;link_image&#8220;][\/vc_tta_section][\/vc_tta_tabs][vc_tta_tabs][vc_tta_section title=&#8220;CWP &#8211; Patina Eiche&#8220; tab_id=&#8220;1527930298636-7edc9754-a306&#8243;][vc_single_image image=&#8220;2147&#8243; img_size=&#8220;full&#8220; onclick=&#8220;link_image&#8220;][\/vc_tta_section][\/vc_tta_tabs][vc_tta_tabs][vc_tta_section title=&#8220;CWP &#8211; USA Walnuss&#8220; tab_id=&#8220;1527930392792-b86cad24-a965&#8243;][vc_single_image image=&#8220;2149&#8243; img_size=&#8220;full&#8220; onclick=&#8220;link_image&#8220;][\/vc_tta_section][\/vc_tta_tabs][vc_tta_tabs][vc_tta_section title=&#8220;CWP &#8211; Sapelli&#8220; tab_id=&#8220;1527930442274-1e884cb9-c7ac&#8220;][vc_single_image image=&#8220;2151&#8243; img_size=&#8220;full&#8220; onclick=&#8220;link_image&#8220;][\/vc_tta_section][\/vc_tta_tabs][\/vc_column][vc_column width=&#8220;1\/4&#8243; css=&#8220;.vc_custom_1528071412200{background-color: #c6c6c6 !important;}&#8220;][vc_tta_tabs active_section=&#8220;1&#8243; css=&#8220;.vc_custom_1527932894278{background-color: #c6c6c6 !important;}&#8220;][vc_tta_section title=&#8220;CWP &#8211; Smyrna Oak&#8220; tab_id=&#8220;1527928498870-f617f9d2-44be&#8220;][vc_single_image image=&#8220;2144&#8243; img_size=&#8220;full&#8220; onclick=&#8220;link_image&#8220;][\/vc_tta_section][\/vc_tta_tabs][vc_tta_tabs][vc_tta_section title=&#8220;CWP &#8211; Rustikale Eiche&#8220; tab_id=&#8220;1527930256029-80391606-ae01&#8243;][vc_single_image image=&#8220;2146&#8243; img_size=&#8220;full&#8220; onclick=&#8220;link_image&#8220;][\/vc_tta_section][\/vc_tta_tabs][vc_tta_tabs][vc_tta_section title=&#8220;CWP &#8211; Dunkle Oak&#8220; tab_id=&#8220;1527930357130-2365c59f-8c03&#8243;][vc_single_image image=&#8220;2148&#8243; img_size=&#8220;full&#8220; onclick=&#8220;link_image&#8220;][\/vc_tta_section][\/vc_tta_tabs][vc_tta_tabs][vc_tta_section title=&#8220;CWP &#8211; Bambus&#8220; tab_id=&#8220;1527930425425-4d520896-8e28&#8243;][vc_single_image image=&#8220;2150&#8243; img_size=&#8220;full&#8220; onclick=&#8220;link_image&#8220;][\/vc_tta_section][\/vc_tta_tabs][vc_tta_tabs][vc_tta_section title=&#8220;CWP &#8211; Iroko&#8220; tab_id=&#8220;1527930471381-e9185d1a-dd56&#8243;][vc_single_image image=&#8220;2152&#8243; img_size=&#8220;full&#8220; onclick=&#8220;link_image&#8220;][\/vc_tta_section][\/vc_tta_tabs][\/vc_column][\/vc_row]<\/p>","protected":false},"excerpt":{"rendered":"<p>[vc_row full_width=&#8220;stretch_row_content_no_spaces&#8220;][vc_column][vc_empty_space][vc_separator border_width=&#8220;3&#8243;][vc_empty_space][\/vc_column][\/vc_row][vc_row full_width=&#8220;stretch_row_content&#8220;][vc_column width=&#8220;1\/2&#8243; css=&#8220;.vc_custom_1528073932046{margin-bottom: -800px !important;}&#8220;][vc_separator][vc_column_text] CWP NATURAL HOLZ FURNIERTE CLICKED PARKETT CALISIRLAR WOOD PRODUCTS CO. IST DER ERSTE UND DER EINZIGE PRODUZENT VON NAT\u00dcRLICHEM HOLZGEF\u00c4RBTEM KLARPARKETT IN DER T\u00dcRKEI WELTWEIT ANGENOMMENE QUALIT\u00c4TSSTANDARDS, MIT EINER HOHEN PRODUKTIONSKAPAZIT\u00c4T, UM&#8230;<\/p>\n","protected":false},"author":1,"featured_media":0,"parent":0,"menu_order":0,"comment_status":"closed","ping_status":"closed","template":"","meta":{"footnotes":""},"class_list":["post-1444","page","type-page","status-publish","hentry"],"aioseo_notices":[],"_links":{"self":[{"href":"https:\/\/www.calisirlarormanurunleri.com.tr\/de\/wp-json\/wp\/v2\/pages\/1444","targetHints":{"allow":["GET"]}}],"collection":[{"href":"https:\/\/www.calisirlarormanurunleri.com.tr\/de\/wp-json\/wp\/v2\/pages"}],"about":[{"href":"https:\/\/www.calisirlarormanurunleri.com.tr\/de\/wp-json\/wp\/v2\/types\/page"}],"author":[{"embeddable":true,"href":"https:\/\/www.calisirlarormanurunleri.com.tr\/de\/wp-json\/wp\/v2\/users\/1"}],"replies":[{"embeddable":true,"href":"https:\/\/www.calisirlarormanurunleri.com.tr\/de\/wp-json\/wp\/v2\/comments?post=1444"}],"version-history":[{"count":136,"href":"https:\/\/www.calisirlarormanurunleri.com.tr\/de\/wp-json\/wp\/v2\/pages\/1444\/revisions"}],"predecessor-version":[{"id":2569,"href":"https:\/\/www.calisirlarormanurunleri.com.tr\/de\/wp-json\/wp\/v2\/pages\/1444\/revisions\/2569"}],"wp:attachment":[{"href":"https:\/\/www.calisirlarormanurunleri.com.tr\/de\/wp-json\/wp\/v2\/media?parent=1444"}],"curies":[{"name":"wp","href":"https:\/\/api.w.org\/{rel}","templated":true}]}}