{"id":15,"date":"2014-11-11T11:14:30","date_gmt":"2014-11-11T11:14:30","guid":{"rendered":"http:\/\/anpsthemes.com\/constructo\/?page_id=15"},"modified":"2018-10-24T12:10:49","modified_gmt":"2018-10-24T09:10:49","slug":"contact-us","status":"publish","type":"page","link":"https:\/\/www.calisirlarormanurunleri.com.tr\/ar\/contact-us\/","title":{"rendered":"\u0627\u062a\u0635\u0644"},"content":{"rendered":"<p>[vc_row full_width=&#8221;stretch_row_content&#8221; has_content=&#8221;false&#8221; css=&#8221;.vc_custom_1526612113618{margin-bottom: 5px !important;background-image: url(http:\/\/gelecekmedya.com\/calisir2\/wp-content\/uploads\/2018\/05\/iletisim-header2.jpg?id=1993) !important;background-position: center !important;background-repeat: no-repeat !important;background-size: contain !important;}&#8221;][vc_column][vc_single_image image=&#8221;2398&#8243; img_size=&#8221;full&#8221; alignment=&#8221;center&#8221;][\/vc_column][\/vc_row][vc_row][vc_column][vc_tta_tabs style=&#8221;modern&#8221; active_section=&#8221;1&#8243;][vc_tta_section title=&#8221;<\/p>\n<h1>\u0627\u0644\u0645\u0643\u062a\u0628 \u0627\u0644\u0631\u0626\u064a\u0633\u064a<\/h1>\n<p>&#8221; tab_id=&#8221;1526292547249-4ba1c1da-43f8&#8243;][vc_row_inner][vc_column_inner width=&#8221;1\/3&#8243;][vc_empty_space height=&#8221;15px&#8221;][vc_column_text]<strong style=\"color: #727272;\">\u00c7al\u0131\u015f\u0131rlar Orman \u00dcr\u00fcnleri<\/strong><br \/>\n661\/4 Sokak No:3 \u015eirinyer &#8211; \u0130zmir \/ T\u00fcrkiye<\/p>\n<p>Telefon:\u00a0 +90 232 254 64 05<br \/>\nTelefon:\u00a0 +90 232 264 36 71<br \/>\nE-mail: <a href=\"mailto:info@calisirlarormanurunleri.com.tr\">info@calisirlarormanurunleri.com.tr<br \/>\n<\/a>Website: <a href=\"http:\/\/www.calisirlarormanurunler.com.tr\">www.calisirlarormanurunleri.com.tr<\/a>[\/vc_column_text][\/vc_column_inner][vc_column_inner width=&#8221;1\/3&#8243;][vc_column_text]<iframe loading=\"lazy\" style=\"border: 0;\" src=\"https:\/\/www.google.com\/maps\/embed?pb=!1m18!1m12!1m3!1d3127.9283822329126!2d27.13884931613858!3d38.37377818524129!2m3!1f0!2f0!3f0!3m2!1i1024!2i768!4f13.1!3m3!1m2!1s0x14bbdf3c561f3015%3A0xc217ea9c556cc5a7!2zw4dhbMSxxZ_EsXJsYXIgT3JtYW4gw5xyw7xubGVyaQ!5e0!3m2!1str!2str!4v1526434023393\" width=\"800\" height=\"600\" frameborder=\"0\" allowfullscreen=\"allowfullscreen\"><\/iframe>[\/vc_column_text][\/vc_column_inner][vc_column_inner width=&#8221;1\/3&#8243;][vc_single_image image=&#8221;1669&#8243; img_size=&#8221;full&#8221; style=&#8221;vc_box_shadow_3d&#8221;][\/vc_column_inner][\/vc_row_inner][\/vc_tta_section][vc_tta_section title=&#8221;<\/p>\n<h1>\u0645\u0635\u0646\u0639<\/h1>\n<p>&#8221; tab_id=&#8221;1526292547271-8695ffb8-b1ed&#8221;][vc_row_inner][vc_column_inner width=&#8221;1\/3&#8243;][vc_empty_space height=&#8221;15px&#8221;][vc_column_text]<strong style=\"color: #727272;\">\u00c7al\u0131\u015f\u0131rlar Orman \u00dcr\u00fcnleri.<\/strong><br \/>\nKaz\u0131m Karabekir Mah. 6909 Sokak No:1 Pancar &#8211;<br \/>\nTorbal\u0131 &#8211; \u0130zmir\/T\u00fcrkiye<\/p>\n<p>Telefon: +90 232 853 74 85 &#8211; 86<br \/>\nTelefon:\u00a0+90 232 853 74 88[\/vc_column_text][\/vc_column_inner][vc_column_inner width=&#8221;1\/3&#8243;][vc_column_text]<iframe loading=\"lazy\" style=\"border: 0;\" src=\"https:\/\/www.google.com\/maps\/embed?pb=!1m18!1m12!1m3!1d3135.0410353582565!2d27.25086431622066!3d38.20894397968263!2m3!1f0!2f0!3f0!3m2!1i1024!2i768!4f13.1!3m3!1m2!1s0x14b95eb2550fd9d3%3A0xbcf0a6464854c380!2sKaz%C4%B1m+Karabekir+Mahallesi%2C+Bekir+Saydam+Cd.+No%3A86%2C+35860+Torbal%C4%B1%2F%C4%B0zmir!5e0!3m2!1str!2str!4v1526610943476\" width=\"800\" height=\"600\" frameborder=\"0\" allowfullscreen=\"allowfullscreen\"><\/iframe>[\/vc_column_text][\/vc_column_inner][vc_column_inner width=&#8221;1\/3&#8243;][vc_single_image image=&#8221;1671&#8243; img_size=&#8221;full&#8221; style=&#8221;vc_box_shadow_3d&#8221;][\/vc_column_inner][\/vc_row_inner][\/vc_tta_section][\/vc_tta_tabs][\/vc_column][\/vc_row]<\/p>","protected":false},"excerpt":{"rendered":"<p>[vc_row full_width=&#8221;stretch_row_content&#8221; has_content=&#8221;false&#8221; css=&#8221;.vc_custom_1526612113618{margin-bottom: 5px !important;background-image: url(http:\/\/gelecekmedya.com\/calisir2\/wp-content\/uploads\/2018\/05\/iletisim-header2.jpg?id=1993) !important;background-position: center !important;background-repeat: no-repeat !important;background-size: contain !important;}&#8221;][vc_column][vc_single_image image=&#8221;2398&#8243; img_size=&#8221;full&#8221; alignment=&#8221;center&#8221;][\/vc_column][\/vc_row][vc_row][vc_column][vc_tta_tabs style=&#8221;modern&#8221; active_section=&#8221;1&#8243;][vc_tta_section title=&#8221; \u0627\u0644\u0645\u0643\u062a\u0628 \u0627\u0644\u0631\u0626\u064a\u0633\u064a &#8221; tab_id=&#8221;1526292547249-4ba1c1da-43f8&#8243;][vc_row_inner][vc_column_inner width=&#8221;1\/3&#8243;][vc_empty_space height=&#8221;15px&#8221;][vc_column_text]\u00c7al\u0131\u015f\u0131rlar Orman \u00dcr\u00fcnleri 661\/4 Sokak No:3 \u015eirinyer &#8211; \u0130zmir \/ T\u00fcrkiye Telefon:\u00a0 +90 232 254&#8230;<\/p>\n","protected":false},"author":1,"featured_media":0,"parent":0,"menu_order":0,"comment_status":"open","ping_status":"open","template":"","meta":{"footnotes":""},"class_list":["post-15","page","type-page","status-publish","hentry"],"aioseo_notices":[],"_links":{"self":[{"href":"https:\/\/www.calisirlarormanurunleri.com.tr\/ar\/wp-json\/wp\/v2\/pages\/15","targetHints":{"allow":["GET"]}}],"collection":[{"href":"https:\/\/www.calisirlarormanurunleri.com.tr\/ar\/wp-json\/wp\/v2\/pages"}],"about":[{"href":"https:\/\/www.calisirlarormanurunleri.com.tr\/ar\/wp-json\/wp\/v2\/types\/page"}],"author":[{"embeddable":true,"href":"https:\/\/www.calisirlarormanurunleri.com.tr\/ar\/wp-json\/wp\/v2\/users\/1"}],"replies":[{"embeddable":true,"href":"https:\/\/www.calisirlarormanurunleri.com.tr\/ar\/wp-json\/wp\/v2\/comments?post=15"}],"version-history":[{"count":51,"href":"https:\/\/www.calisirlarormanurunleri.com.tr\/ar\/wp-json\/wp\/v2\/pages\/15\/revisions"}],"predecessor-version":[{"id":2573,"href":"https:\/\/www.calisirlarormanurunleri.com.tr\/ar\/wp-json\/wp\/v2\/pages\/15\/revisions\/2573"}],"wp:attachment":[{"href":"https:\/\/www.calisirlarormanurunleri.com.tr\/ar\/wp-json\/wp\/v2\/media?parent=15"}],"curies":[{"name":"wp","href":"https:\/\/api.w.org\/{rel}","templated":true}]}}